{"id":117,"date":"2014-10-19T00:41:37","date_gmt":"2014-10-19T00:41:37","guid":{"rendered":"http:\/\/127.0.0.1\/wordpress\/?page_id=117"},"modified":"2014-10-19T00:41:37","modified_gmt":"2014-10-19T00:41:37","slug":"educacao-pre-escolar","status":"publish","type":"page","link":"https:\/\/ebsv.edu.azores.gov.pt\/?page_id=117","title":{"rendered":"Educa\u00e7\u00e3o Pr\u00e9-Escolar"},"content":{"rendered":"<p><a href=\"https:\/\/ebsv.edu.azores.gov.pt\/wp-content\/uploads\/sites\/38\/2014\/10\/epe1.jpg\"><img loading=\"lazy\" decoding=\"async\" class=\"wp-image-289 size-medium aligncenter\" src=\"https:\/\/ebsv.edu.azores.gov.pt\/wp-content\/uploads\/sites\/38\/2014\/10\/epe1-300x225.jpg\" alt=\"epe1\" width=\"300\" height=\"225\" \/><\/a><\/p>\n<p style=\"text-align: left\">O Departamento Curricular da Educa\u00e7\u00e3o Pr\u00e9-escolar da EBS de Velas constitu\u00eddo pelas educadoras de inf\u00e2ncia afetas a este estabelecimento de ensino e tem como miss\u00e3o a forma\u00e7\u00e3o e o desenvolvimento equilibrado das crian\u00e7as, tendo em vista a sua plena inser\u00e7\u00e3o na sociedade como ser aut\u00f3nomo, livre e solid\u00e1rio de forma a prepar\u00e1-las para serem futuros adultos socialmente participativos, cr\u00edticos e emocionalmente equilibrados.<\/p>\n<h5><a href=\"https:\/\/ebsv-dev.edu.azores.gov.pt\/wp-content\/uploads\/2022\/02\/Regimento-EPE-2021-2022-1.pdf\"><span style=\"color: #000000\"><strong>R<\/strong><\/span><span style=\"color: #000000\"><strong>egimento<\/strong><\/span><\/a><\/h5>\n<h5><a href=\"https:\/\/ebsv-dev.edu.azores.gov.pt\/wp-content\/uploads\/2018\/10\/Doc-Orient-da-EPE-da-EBS-de-Velas-17-18-1.pdf\"><span style=\"color: #000000\"><strong>Documento orientador para a educa\u00e7\u00e3o pr\u00e9-escolar<\/strong><\/span><\/a><\/h5>\n<h5><a href=\"https:\/\/ebsv-dev.edu.azores.gov.pt\/wp-content\/uploads\/2022\/02\/PLANIFICACOES_EPE-1.pdf\">Planifica\u00e7\u00f5es EPE<\/a><\/h5>\n<h5><a href=\"https:\/\/ebsv-dev.edu.azores.gov.pt\/wp-content\/uploads\/2022\/02\/PLANIFICACOES_EPE_EF-1.pdf\">Planifica\u00e7\u00f5es EPE EF<\/a><\/h5>\n<h5><a href=\"https:\/\/ebsv-dev.edu.azores.gov.pt\/wp-content\/uploads\/2022\/02\/PLANIFICACOES_EPE_ING-1.pdf\">Planifica\u00e7\u00f5es EPE IN<\/a><\/h5>\n","protected":false},"excerpt":{"rendered":"<p>O Departamento Curricular da Educa\u00e7\u00e3o Pr\u00e9-escolar da EBS de Velas constitu\u00eddo pelas educadoras de inf\u00e2ncia afetas a este estabelecimento de ensino e tem como miss\u00e3o a forma\u00e7\u00e3o e o desenvolvimento equilibrado das crian\u00e7as, tendo em vista a sua plena inser\u00e7\u00e3o na sociedade como ser aut\u00f3nomo, livre e solid\u00e1rio de forma a prepar\u00e1-las para serem futuros<\/p><\/div>\n<div class=\"blog-btn\"><a href=\"https:\/\/ebsv.edu.azores.gov.pt\/?page_id=117\" class=\"home-blog-btn\">Ler mais<\/a><\/p>\n","protected":false},"author":3,"featured_media":0,"parent":0,"menu_order":0,"comment_status":"closed","ping_status":"closed","template":"","meta":{"_mi_skip_tracking":false,"_monsterinsights_sitenote_active":false,"_monsterinsights_sitenote_note":"","_monsterinsights_sitenote_category":0,"footnotes":""},"class_list":["post-117","page","type-page","status-publish","hentry"],"acf":[],"_links":{"self":[{"href":"https:\/\/ebsv.edu.azores.gov.pt\/index.php?rest_route=\/wp\/v2\/pages\/117","targetHints":{"allow":["GET"]}}],"collection":[{"href":"https:\/\/ebsv.edu.azores.gov.pt\/index.php?rest_route=\/wp\/v2\/pages"}],"about":[{"href":"https:\/\/ebsv.edu.azores.gov.pt\/index.php?rest_route=\/wp\/v2\/types\/page"}],"author":[{"embeddable":true,"href":"https:\/\/ebsv.edu.azores.gov.pt\/index.php?rest_route=\/wp\/v2\/users\/3"}],"replies":[{"embeddable":true,"href":"https:\/\/ebsv.edu.azores.gov.pt\/index.php?rest_route=%2Fwp%2Fv2%2Fcomments&post=117"}],"version-history":[{"count":0,"href":"https:\/\/ebsv.edu.azores.gov.pt\/index.php?rest_route=\/wp\/v2\/pages\/117\/revisions"}],"wp:attachment":[{"href":"https:\/\/ebsv.edu.azores.gov.pt\/index.php?rest_route=%2Fwp%2Fv2%2Fmedia&parent=117"}],"curies":[{"name":"wp","href":"https:\/\/api.w.org\/{rel}","templated":true}]}}