{"id":123,"date":"2014-10-19T00:42:40","date_gmt":"2014-10-19T00:42:40","guid":{"rendered":"http:\/\/127.0.0.1\/wordpress\/?page_id=123"},"modified":"2026-02-10T12:48:50","modified_gmt":"2026-02-10T12:48:50","slug":"educacao-fisica-artistica-e-tecnologica","status":"publish","type":"page","link":"https:\/\/ebsv.edu.azores.gov.pt\/?page_id=123","title":{"rendered":"Educa\u00e7\u00e3o F\u00edsica Art\u00edstica e Tecnol\u00f3gica"},"content":{"rendered":"<ul>\n<li class=\"filename new\" style=\"text-align: left;\"><a href=\"https:\/\/ebsv.edu.azores.gov.pt\/wp-content\/uploads\/2026\/02\/REGIMENTO_Departamento-EFAT_atualizado.pdf\"><span class=\"media-list-title\" style=\"color: #ff6600;\">REGIMENTO Departamento EFAT<\/span><\/a><\/li>\n<li><a href=\"https:\/\/ebsv.edu.azores.gov.pt\/wp-content\/uploads\/2026\/02\/REGIMENTO_Instal-Desportivas_atualizado.pdf\"><span style=\"color: #ff6600;\">REGIMENTO Instala\u00e7\u00f5es Desportivas<\/span><\/a><\/li>\n<li><a href=\"https:\/\/ebsv.edu.azores.gov.pt\/wp-content\/uploads\/2026\/02\/REGIMENTO_sala-tecnica_Desenho_atualizado.pdf\"><span style=\"color: #ff6600;\">REGIMENTO sala t\u00e9cnica_Desenho<\/span><\/a><\/li>\n<li>\n<div class=\"filename new\"><a href=\"_wp_link_placeholder\" data-wplink-edit=\"true\"><span class=\"media-list-title\" style=\"color: #ff6600;\">REGIMENTO sala t\u00e9cnica_Educa\u00e7\u00e3o Visual<\/span><\/a><\/div>\n<\/li>\n<li><a href=\"https:\/\/ebsv.edu.azores.gov.pt\/wp-content\/uploads\/2026\/02\/REGIMENTO_sala-tecnica_Ed-Tecnologica_-atualizado.pdf\">REGIMENTO sala t\u00e9cnica Educa\u00e7\u00e3o Tecnol\u00f3gica<\/a><\/li>\n<li><a href=\"https:\/\/ebsv.edu.azores.gov.pt\/wp-content\/uploads\/2026\/02\/REGIMENTO_sala-tecnica_Educacao-Musical_atualizado.pdf\">REGIMENTO sala t\u00e9cnica Educa\u00e7\u00e3o Musical<\/a><\/li>\n<\/ul>\n<h4>Planifica\u00e7\u00f5es<\/h4>\n<ul>\n<li><span style=\"color: #ff6600;\"><a style=\"color: #ff6600;\" href=\"https:\/\/ebsv-dev.edu.azores.gov.pt\/wp-content\/uploads\/2024\/01\/PLAN_2CEB_5o_EM-1.pdf\">PLAN_2CEB_5\u00ba_EM<\/a><\/span><\/li>\n<li>\n<div class=\"filename new\"><a href=\"https:\/\/ebsv-dev.edu.azores.gov.pt\/wp-content\/uploads\/2024\/01\/PLAN_2CEB_5o_ET-1.pdf\"><span class=\"media-list-title\" style=\"color: #ff6600;\">PLAN_2CEB_5\u00ba_ET<\/span><\/a><\/div>\n<\/li>\n<li><a href=\"https:\/\/ebsv-dev.edu.azores.gov.pt\/wp-content\/uploads\/2024\/01\/PLAN_2CEB_5o_EV-1.pdf\"><span style=\"color: #ff6600;\">PLAN_2CEB_5\u00ba_EV<\/span><\/a><\/li>\n<li>\n<div class=\"filename new\"><a href=\"https:\/\/ebsv-dev.edu.azores.gov.pt\/wp-content\/uploads\/2024\/01\/PLAN_2CEB_6o_EM-1.pdf\"><span class=\"media-list-title\" style=\"color: #ff6600;\">PLAN_2CEB_6\u00ba_EM<\/span><\/a><\/div>\n<\/li>\n<li><a href=\"https:\/\/ebsv-dev.edu.azores.gov.pt\/wp-content\/uploads\/2024\/01\/PLAN_2CEB_6o_ET-1.pdf\"><span style=\"color: #ff6600;\">PLAN_2CEB_6\u00ba_ET<\/span><\/a><\/li>\n<li>\n<div class=\"filename new\"><a href=\"https:\/\/ebsv-dev.edu.azores.gov.pt\/wp-content\/uploads\/2024\/01\/PLAN_2CEB_6o_EV-1.pdf\"><span class=\"media-list-title\" style=\"color: #ff6600;\">PLAN_2CEB_6\u00ba_EV<\/span><\/a><\/div>\n<\/li>\n<li><a href=\"https:\/\/ebsv-dev.edu.azores.gov.pt\/wp-content\/uploads\/2024\/01\/PLAN_2CEB_EF-1.pdf\"><span style=\"color: #ff6600;\">PLAN_2CEB_EF<\/span><\/a><\/li>\n<li><a href=\"https:\/\/ebsv-dev.edu.azores.gov.pt\/wp-content\/uploads\/2024\/01\/PLAN_2CEB_VOL-1.pdf\"><span style=\"color: #ff6600;\">PLAN_2CEB_VOL<\/span><\/a><\/li>\n<li><a href=\"https:\/\/ebsv-dev.edu.azores.gov.pt\/wp-content\/uploads\/2024\/01\/PLAN_3CEB_7o_EV-1.pdf\"><span style=\"color: #ff6600;\">PLAN_3CEB_7\u00ba_EV<\/span><\/a><\/li>\n<li>\n<div class=\"filename new\"><a href=\"https:\/\/ebsv-dev.edu.azores.gov.pt\/wp-content\/uploads\/2024\/01\/PLAN_3CEB_8o_EV-1.pdf\"><span style=\"color: #ff6600;\"><span class=\"media-list-title\">PLAN_3CEB_8\u00ba_EV<\/span><\/span><\/a><\/div>\n<\/li>\n<li><a href=\"https:\/\/ebsv-dev.edu.azores.gov.pt\/wp-content\/uploads\/2024\/01\/PLAN_3CEB_9o_EV-1.pdf\"><span style=\"color: #ff6600;\">PLAN_3CEB_9\u00ba_EV<\/span><\/a><\/li>\n<li><a href=\"https:\/\/ebsv-dev.edu.azores.gov.pt\/wp-content\/uploads\/2024\/01\/PLAN_3CEB_EF-1.pdf\"><span style=\"color: #ff6600;\">PLAN_3CEB_EF<\/span><\/a><\/li>\n<li><a href=\"https:\/\/ebsv-dev.edu.azores.gov.pt\/wp-content\/uploads\/2024\/01\/PLAN_3CEB_VOL-1.pdf\"><span style=\"color: #ff6600;\">PLAN_3CEB_VOL<\/span><\/a><\/li>\n<li><a href=\"https:\/\/ebsv-dev.edu.azores.gov.pt\/wp-content\/uploads\/2024\/01\/PLAN_ES_10o_DESENHO-A-1.pdf\"><span style=\"color: #ff6600;\">PLAN_ES_10\u00ba_DESENHO A<\/span><\/a><\/li>\n<li><a href=\"https:\/\/ebsv-dev.edu.azores.gov.pt\/wp-content\/uploads\/2024\/01\/PLAN_ES_10o_GEO-DES-A-1.pdf\"><span style=\"color: #ff6600;\">PLAN_ES_10\u00ba_GEO DES A<\/span><\/a><\/li>\n<li><a href=\"https:\/\/ebsv-dev.edu.azores.gov.pt\/wp-content\/uploads\/2024\/01\/PLAN_ES_10o_HIST-CULT-ARTES-1.pdf\"><span style=\"color: #ff6600;\">PLAN_ES_10\u00ba_HIST CULT ARTES<\/span><\/a><\/li>\n<li><a href=\"https:\/\/ebsv-dev.edu.azores.gov.pt\/wp-content\/uploads\/2024\/01\/PLAN_ES_11o_DESENHO-A-1.pdf\"><span style=\"color: #ff6600;\">PLAN_ES_11\u00ba_DESENHO A<\/span><\/a><\/li>\n<li><a href=\"https:\/\/ebsv-dev.edu.azores.gov.pt\/wp-content\/uploads\/2024\/01\/PLAN_ES_11o_GEO-DES-A-1.pdf\"><span style=\"color: #ff6600;\">PLAN_ES_11\u00ba_GEO DES A<\/span><\/a><\/li>\n<li><a href=\"https:\/\/ebsv-dev.edu.azores.gov.pt\/wp-content\/uploads\/2024\/01\/PLAN_ES_12o_MATERIAIS-TECNO-2.pdf\"><span style=\"color: #ff6600;\">PLAN_ES_12\u00ba_MATERIAIS TECNO<\/span><\/a><\/li>\n<li><a href=\"https:\/\/ebsv-dev.edu.azores.gov.pt\/wp-content\/uploads\/2024\/01\/PLAN_ES_12o_OFIC-MULT-B-2.pdf\"><span style=\"color: #ff6600;\">PLAN_ES_12\u00ba_OFIC MULT B<\/span><\/a><\/li>\n<li><a href=\"https:\/\/ebsv-dev.edu.azores.gov.pt\/wp-content\/uploads\/2024\/01\/PLAN_ES_EF-1.pdf\"><span style=\"color: #ff6600;\">PLAN_ES_EF<\/span><\/a><\/li>\n<\/ul>\n<p>\u00a0<\/p>\n\n<\/p>\n<p><\/p><!-- \/wp:post-content -->","protected":false},"excerpt":{"rendered":"<p>REGIMENTO Departamento EFAT REGIMENTO Instala\u00e7\u00f5es Desportivas REGIMENTO sala t\u00e9cnica_Desenho REGIMENTO sala t\u00e9cnica_Educa\u00e7\u00e3o Visual REGIMENTO sala t\u00e9cnica Educa\u00e7\u00e3o Tecnol\u00f3gica REGIMENTO sala t\u00e9cnica Educa\u00e7\u00e3o Musical Planifica\u00e7\u00f5es PLAN_2CEB_5\u00ba_EM PLAN_2CEB_5\u00ba_ET PLAN_2CEB_5\u00ba_EV PLAN_2CEB_6\u00ba_EM PLAN_2CEB_6\u00ba_ET PLAN_2CEB_6\u00ba_EV PLAN_2CEB_EF PLAN_2CEB_VOL PLAN_3CEB_7\u00ba_EV PLAN_3CEB_8\u00ba_EV PLAN_3CEB_9\u00ba_EV PLAN_3CEB_EF PLAN_3CEB_VOL PLAN_ES_10\u00ba_DESENHO A PLAN_ES_10\u00ba_GEO DES A PLAN_ES_10\u00ba_HIST CULT ARTES PLAN_ES_11\u00ba_DESENHO A PLAN_ES_11\u00ba_GEO DES A PLAN_ES_12\u00ba_MATERIAIS TECNO PLAN_ES_12\u00ba_OFIC MULT B<\/p><\/div>\n<div class=\"blog-btn\"><a href=\"https:\/\/ebsv.edu.azores.gov.pt\/?page_id=123\" class=\"home-blog-btn\">Ler mais<\/a><\/p>\n","protected":false},"author":3,"featured_media":0,"parent":0,"menu_order":0,"comment_status":"closed","ping_status":"closed","template":"","meta":{"_mi_skip_tracking":false,"_monsterinsights_sitenote_active":false,"_monsterinsights_sitenote_note":"","_monsterinsights_sitenote_category":0,"footnotes":""},"class_list":["post-123","page","type-page","status-publish","hentry"],"acf":[],"_links":{"self":[{"href":"https:\/\/ebsv.edu.azores.gov.pt\/index.php?rest_route=\/wp\/v2\/pages\/123","targetHints":{"allow":["GET"]}}],"collection":[{"href":"https:\/\/ebsv.edu.azores.gov.pt\/index.php?rest_route=\/wp\/v2\/pages"}],"about":[{"href":"https:\/\/ebsv.edu.azores.gov.pt\/index.php?rest_route=\/wp\/v2\/types\/page"}],"author":[{"embeddable":true,"href":"https:\/\/ebsv.edu.azores.gov.pt\/index.php?rest_route=\/wp\/v2\/users\/3"}],"replies":[{"embeddable":true,"href":"https:\/\/ebsv.edu.azores.gov.pt\/index.php?rest_route=%2Fwp%2Fv2%2Fcomments&post=123"}],"version-history":[{"count":2,"href":"https:\/\/ebsv.edu.azores.gov.pt\/index.php?rest_route=\/wp\/v2\/pages\/123\/revisions"}],"predecessor-version":[{"id":31539,"href":"https:\/\/ebsv.edu.azores.gov.pt\/index.php?rest_route=\/wp\/v2\/pages\/123\/revisions\/31539"}],"wp:attachment":[{"href":"https:\/\/ebsv.edu.azores.gov.pt\/index.php?rest_route=%2Fwp%2Fv2%2Fmedia&parent=123"}],"curies":[{"name":"wp","href":"https:\/\/api.w.org\/{rel}","templated":true}]}}