{"id":125,"date":"2014-10-19T00:43:05","date_gmt":"2014-10-19T00:43:05","guid":{"rendered":"http:\/\/127.0.0.1\/wordpress\/?page_id=125"},"modified":"2014-10-19T00:43:05","modified_gmt":"2014-10-19T00:43:05","slug":"portugues","status":"publish","type":"page","link":"https:\/\/ebsv.edu.azores.gov.pt\/?page_id=125","title":{"rendered":"Portugu\u00eas"},"content":{"rendered":"<h3 style=\"text-align: justify\"><img loading=\"lazy\" decoding=\"async\" class=\"wp-image-17064 size-medium aligncenter\" src=\"https:\/\/ebsv-dev.edu.azores.gov.pt\/wp-content\/uploads\/2018\/09\/departamento-1-300x261.jpg\" alt=\"\" width=\"300\" height=\"261\" \/><\/h3>\n<p style=\"text-align: left\">O departamento de Portugu\u00eas tem como objetivos promover o sucesso escolar dos alunos, a autonomia e a responsabilidade, bem como incrementar o gosto pela leitura, desenvolver o esp\u00edrito cr\u00edtico e valorizar o patrim\u00f3nio cultural nacional.<\/p>\n<ul>\n<li><span style=\"color: #ff6600\"><a style=\"color: #ff6600\" href=\"https:\/\/ebsv-dev.edu.azores.gov.pt\/wp-content\/uploads\/2021\/02\/Regimento-do-Departamento-de-Portug-1.pdf\">Regimento<\/a><\/span><\/li>\n<li><span style=\"color: #ff6600\"><a style=\"color: #ff6600\" href=\"https:\/\/ebsv-dev.edu.azores.gov.pt\/wp-content\/uploads\/2018\/10\/Of_PT-1.pdf\">Projeto Oficina de Portugu\u00eas<\/a><\/span><\/li>\n<\/ul>\n<h4>Planifica\u00e7\u00f5es<\/h4>\n<ul>\n<li style=\"list-style-type: none\"><\/li>\n<li>\n<div class=\"filename new\"><a href=\"https:\/\/ebsv-dev.edu.azores.gov.pt\/wp-content\/uploads\/2024\/01\/PLAN_2CEB_5o_PORT-1.pdf\"><span class=\"media-list-title\" style=\"color: #ff6600\">PLAN_2CEB_5\u00ba_PORT<\/span><\/a><\/div>\n<\/li>\n<li><a href=\"https:\/\/ebsv-dev.edu.azores.gov.pt\/wp-content\/uploads\/2024\/01\/PLAN_2CEB_6o_PORT-1.pdf\"><span style=\"color: #ff6600\">PLAN_2CEB_6\u00ba_PORT<\/span><\/a><\/li>\n<li><a href=\"https:\/\/ebsv-dev.edu.azores.gov.pt\/wp-content\/uploads\/2024\/01\/PLAN_3CEB_7o_PORT-1.pdf\"><span style=\"color: #ff6600\">PLAN_3CEB_7\u00ba_PORT<\/span><\/a><\/li>\n<li>\n<div class=\"filename new\"><a href=\"https:\/\/ebsv-dev.edu.azores.gov.pt\/wp-content\/uploads\/2024\/01\/PLAN_3CEB_8o_PORT-1.pdf\"><span class=\"media-list-title\" style=\"color: #ff6600\">PLAN_3CEB_8\u00ba_PORT<\/span><\/a><\/div>\n<\/li>\n<li><a href=\"https:\/\/ebsv-dev.edu.azores.gov.pt\/wp-content\/uploads\/2024\/01\/PLAN_3CEB_9o_PORT-1.pdf\"><span style=\"color: #ff6600\">PLAN_3CEB_9\u00ba_PORT<\/span><\/a><\/li>\n<li><a href=\"https:\/\/ebsv-dev.edu.azores.gov.pt\/wp-content\/uploads\/2024\/01\/PLAN_3CEB_TEATRO-1.pdf\"><span style=\"color: #ff6600\">PLAN_3CEB_TEATRO<\/span><\/a><\/li>\n<li><a href=\"https:\/\/ebsv-dev.edu.azores.gov.pt\/wp-content\/uploads\/2024\/01\/PLAN_ES_10o_PORT-1.pdf\"><span style=\"color: #ff6600\">PLAN_ES_10\u00ba_PORT<\/span><\/a><\/li>\n<li><a href=\"https:\/\/ebsv-dev.edu.azores.gov.pt\/wp-content\/uploads\/2024\/01\/PLAN_ES_11o_PORT-1.pdf\"><span style=\"color: #ff6600\">PLAN_ES_11\u00ba_PORT<\/span><\/a><\/li>\n<li><a href=\"https:\/\/ebsv-dev.edu.azores.gov.pt\/wp-content\/uploads\/2024\/01\/PLAN_ES_12o_PORT-1.pdf\"><span style=\"color: #ff6600\">PLAN_ES_12\u00ba_PORT<\/span><\/a><\/li>\n<\/ul>\n","protected":false},"excerpt":{"rendered":"<p>O departamento de Portugu\u00eas tem como objetivos promover o sucesso escolar dos alunos, a autonomia e a responsabilidade, bem como incrementar o gosto pela leitura, desenvolver o esp\u00edrito cr\u00edtico e valorizar o patrim\u00f3nio cultural nacional. Regimento Projeto Oficina de Portugu\u00eas Planifica\u00e7\u00f5es PLAN_2CEB_5\u00ba_PORT PLAN_2CEB_6\u00ba_PORT PLAN_3CEB_7\u00ba_PORT PLAN_3CEB_8\u00ba_PORT PLAN_3CEB_9\u00ba_PORT PLAN_3CEB_TEATRO PLAN_ES_10\u00ba_PORT PLAN_ES_11\u00ba_PORT PLAN_ES_12\u00ba_PORT<\/p>\n","protected":false},"author":3,"featured_media":0,"parent":0,"menu_order":0,"comment_status":"closed","ping_status":"closed","template":"","meta":{"_mi_skip_tracking":false,"_monsterinsights_sitenote_active":false,"_monsterinsights_sitenote_note":"","_monsterinsights_sitenote_category":0,"footnotes":""},"class_list":["post-125","page","type-page","status-publish","hentry"],"acf":[],"_links":{"self":[{"href":"https:\/\/ebsv.edu.azores.gov.pt\/index.php?rest_route=\/wp\/v2\/pages\/125","targetHints":{"allow":["GET"]}}],"collection":[{"href":"https:\/\/ebsv.edu.azores.gov.pt\/index.php?rest_route=\/wp\/v2\/pages"}],"about":[{"href":"https:\/\/ebsv.edu.azores.gov.pt\/index.php?rest_route=\/wp\/v2\/types\/page"}],"author":[{"embeddable":true,"href":"https:\/\/ebsv.edu.azores.gov.pt\/index.php?rest_route=\/wp\/v2\/users\/3"}],"replies":[{"embeddable":true,"href":"https:\/\/ebsv.edu.azores.gov.pt\/index.php?rest_route=%2Fwp%2Fv2%2Fcomments&post=125"}],"version-history":[{"count":0,"href":"https:\/\/ebsv.edu.azores.gov.pt\/index.php?rest_route=\/wp\/v2\/pages\/125\/revisions"}],"wp:attachment":[{"href":"https:\/\/ebsv.edu.azores.gov.pt\/index.php?rest_route=%2Fwp%2Fv2%2Fmedia&parent=125"}],"curies":[{"name":"wp","href":"https:\/\/api.w.org\/{rel}","templated":true}]}}