{"id":13487,"date":"2017-02-09T11:08:58","date_gmt":"2017-02-09T11:08:58","guid":{"rendered":"http:\/\/ebsv.edu.azores.gov.pt\/wordpress\/?page_id=13487"},"modified":"2017-02-09T11:08:58","modified_gmt":"2017-02-09T11:08:58","slug":"centro-apoio-pedagogico","status":"publish","type":"page","link":"https:\/\/ebsv.edu.azores.gov.pt\/?page_id=13487","title":{"rendered":"Centro Apoio Pedag\u00f3gico"},"content":{"rendered":"<h6 style=\"text-align: justify\">\u00a0 \u00a0 \u00a0 \u00a0 <span style=\"color: #000000\">\u00a0 &#8220;Sendo verdade que a educa\u00e7\u00e3o capacita os indiv\u00edduos e melhora a sua qualidade de vida (Unesco, cit. In ProSucesso) o presente projeto, integrado no primeiro eixo de a\u00e7\u00e3o do ProSucesso, foco na qualidade das aprendizagens, pretende que o Centro de Apoio Pedag\u00f3gico seja um instrumento de integra\u00e7\u00e3o dos alunos na escola e que vise o seu pleno desenvolvimento com aprendizagens relevantes e de qualidade, tendo como linha de atua\u00e7\u00e3o o trabalho por projetos em ambientes simulados e \/ou pequenas oficinas ou ateliers.&#8221;<\/span><\/h6>\n<h4 style=\"padding-left: 30px\"><span style=\"color: #008000\"><strong><a style=\"color: #008000\" href=\"https:\/\/ebsv.edu.azores.gov.pt\/wp-content\/uploads\/sites\/38\/2017\/02\/centro-pedagogico.pdf\" target=\"_blank\" rel=\"noopener\">O Projeto<\/a><\/strong><\/span><\/h4>\n<h4 style=\"padding-left: 30px\"><strong><span style=\"color: #008000\"><a style=\"color: #008000\" href=\"https:\/\/ebsv-dev.edu.azores.gov.pt\/wp-content\/uploads\/2018\/10\/Regimento-Interno-CAP-a-1.pdf\" target=\"_blank\" rel=\"noopener\">Regimento<\/a><\/span><\/strong><\/h4>\n","protected":false},"excerpt":{"rendered":"<p>\u00a0 \u00a0 \u00a0 \u00a0 \u00a0 &#8220;Sendo verdade que a educa\u00e7\u00e3o capacita os indiv\u00edduos e melhora a sua qualidade de vida (Unesco, cit. In ProSucesso) o presente projeto, integrado no primeiro eixo de a\u00e7\u00e3o do ProSucesso, foco na qualidade das aprendizagens, pretende que o Centro de Apoio Pedag\u00f3gico seja um instrumento de integra\u00e7\u00e3o dos alunos na<\/p><\/div>\n<div class=\"blog-btn\"><a href=\"https:\/\/ebsv.edu.azores.gov.pt\/?page_id=13487\" class=\"home-blog-btn\">Ler mais<\/a><\/p>\n","protected":false},"author":3,"featured_media":0,"parent":0,"menu_order":0,"comment_status":"open","ping_status":"open","template":"","meta":{"_mi_skip_tracking":false,"_monsterinsights_sitenote_active":false,"_monsterinsights_sitenote_note":"","_monsterinsights_sitenote_category":0,"footnotes":""},"class_list":["post-13487","page","type-page","status-publish","hentry"],"acf":[],"_links":{"self":[{"href":"https:\/\/ebsv.edu.azores.gov.pt\/index.php?rest_route=\/wp\/v2\/pages\/13487","targetHints":{"allow":["GET"]}}],"collection":[{"href":"https:\/\/ebsv.edu.azores.gov.pt\/index.php?rest_route=\/wp\/v2\/pages"}],"about":[{"href":"https:\/\/ebsv.edu.azores.gov.pt\/index.php?rest_route=\/wp\/v2\/types\/page"}],"author":[{"embeddable":true,"href":"https:\/\/ebsv.edu.azores.gov.pt\/index.php?rest_route=\/wp\/v2\/users\/3"}],"replies":[{"embeddable":true,"href":"https:\/\/ebsv.edu.azores.gov.pt\/index.php?rest_route=%2Fwp%2Fv2%2Fcomments&post=13487"}],"version-history":[{"count":0,"href":"https:\/\/ebsv.edu.azores.gov.pt\/index.php?rest_route=\/wp\/v2\/pages\/13487\/revisions"}],"wp:attachment":[{"href":"https:\/\/ebsv.edu.azores.gov.pt\/index.php?rest_route=%2Fwp%2Fv2%2Fmedia&parent=13487"}],"curies":[{"name":"wp","href":"https:\/\/api.w.org\/{rel}","templated":true}]}}