{"id":159,"date":"2014-10-21T15:11:06","date_gmt":"2014-10-21T15:11:06","guid":{"rendered":"http:\/\/127.0.0.1\/wordpress\/?page_id=159"},"modified":"2014-10-21T15:11:06","modified_gmt":"2014-10-21T15:11:06","slug":"servico-de-psicologia-e-orientacao","status":"publish","type":"page","link":"https:\/\/ebsv.edu.azores.gov.pt\/?page_id=159","title":{"rendered":"Servi\u00e7o de Psicologia e Orienta\u00e7\u00e3o (SPO)"},"content":{"rendered":"<p><a href=\"https:\/\/ebsv-dev.edu.azores.gov.pt\/wp-content\/uploads\/2018\/09\/Capturar-1.png\"><img loading=\"lazy\" decoding=\"async\" class=\"aligncenter wp-image-17078 size-full\" src=\"https:\/\/ebsv-dev.edu.azores.gov.pt\/wp-content\/uploads\/2018\/09\/Capturar-1.png\" alt=\"\" width=\"1337\" height=\"611\" \/><\/a><\/p>\n<h3><a href=\"https:\/\/ebsv-dev.edu.azores.gov.pt\/wp-content\/uploads\/2018\/09\/regimento-18-19-1.pdf\">Regimento<\/a><\/h3>\n","protected":false},"excerpt":{"rendered":"<p>Regimento<\/p>\n","protected":false},"author":3,"featured_media":0,"parent":0,"menu_order":0,"comment_status":"closed","ping_status":"closed","template":"","meta":{"_mi_skip_tracking":false,"_monsterinsights_sitenote_active":false,"_monsterinsights_sitenote_note":"","_monsterinsights_sitenote_category":0,"footnotes":""},"class_list":["post-159","page","type-page","status-publish","hentry"],"acf":[],"_links":{"self":[{"href":"https:\/\/ebsv.edu.azores.gov.pt\/index.php?rest_route=\/wp\/v2\/pages\/159","targetHints":{"allow":["GET"]}}],"collection":[{"href":"https:\/\/ebsv.edu.azores.gov.pt\/index.php?rest_route=\/wp\/v2\/pages"}],"about":[{"href":"https:\/\/ebsv.edu.azores.gov.pt\/index.php?rest_route=\/wp\/v2\/types\/page"}],"author":[{"embeddable":true,"href":"https:\/\/ebsv.edu.azores.gov.pt\/index.php?rest_route=\/wp\/v2\/users\/3"}],"replies":[{"embeddable":true,"href":"https:\/\/ebsv.edu.azores.gov.pt\/index.php?rest_route=%2Fwp%2Fv2%2Fcomments&post=159"}],"version-history":[{"count":0,"href":"https:\/\/ebsv.edu.azores.gov.pt\/index.php?rest_route=\/wp\/v2\/pages\/159\/revisions"}],"wp:attachment":[{"href":"https:\/\/ebsv.edu.azores.gov.pt\/index.php?rest_route=%2Fwp%2Fv2%2Fmedia&parent=159"}],"curies":[{"name":"wp","href":"https:\/\/api.w.org\/{rel}","templated":true}]}}