{"id":161,"date":"2014-10-21T15:12:46","date_gmt":"2014-10-21T15:12:46","guid":{"rendered":"http:\/\/127.0.0.1\/wordpress\/?page_id=161"},"modified":"2014-10-21T15:12:46","modified_gmt":"2014-10-21T15:12:46","slug":"nucleo-educacao-especial","status":"publish","type":"page","link":"https:\/\/ebsv.edu.azores.gov.pt\/?page_id=161","title":{"rendered":"N\u00facleo  de Educa\u00e7\u00e3o Especial"},"content":{"rendered":"<h3><span style=\"color: #000000\"><a style=\"color: #000000\" href=\"https:\/\/ebsv-dev.edu.azores.gov.pt\/wp-content\/uploads\/2021\/01\/REGIMENTO-NEE-2020-21-1.pdf\"><strong>Regimento<\/strong><\/a><\/span><\/h3>\n<h3><span style=\"color: #000000\"><strong><a style=\"color: #000000\" href=\"https:\/\/ebsv-dev.edu.azores.gov.pt\/wp-content\/uploads\/2021\/02\/COMPOSIcao-NEE-20-21-1.pdf\">Composi\u00e7\u00e3o<\/a>&nbsp;<\/strong><\/span><\/h3>\n\n\n<p><\/p>\n","protected":false},"excerpt":{"rendered":"<p>Regimento Composi\u00e7\u00e3o&nbsp;<\/p>\n","protected":false},"author":3,"featured_media":0,"parent":0,"menu_order":0,"comment_status":"closed","ping_status":"closed","template":"","meta":{"_mi_skip_tracking":false,"_monsterinsights_sitenote_active":false,"_monsterinsights_sitenote_note":"","_monsterinsights_sitenote_category":0,"footnotes":""},"class_list":["post-161","page","type-page","status-publish","hentry"],"acf":[],"_links":{"self":[{"href":"https:\/\/ebsv.edu.azores.gov.pt\/index.php?rest_route=\/wp\/v2\/pages\/161","targetHints":{"allow":["GET"]}}],"collection":[{"href":"https:\/\/ebsv.edu.azores.gov.pt\/index.php?rest_route=\/wp\/v2\/pages"}],"about":[{"href":"https:\/\/ebsv.edu.azores.gov.pt\/index.php?rest_route=\/wp\/v2\/types\/page"}],"author":[{"embeddable":true,"href":"https:\/\/ebsv.edu.azores.gov.pt\/index.php?rest_route=\/wp\/v2\/users\/3"}],"replies":[{"embeddable":true,"href":"https:\/\/ebsv.edu.azores.gov.pt\/index.php?rest_route=%2Fwp%2Fv2%2Fcomments&post=161"}],"version-history":[{"count":0,"href":"https:\/\/ebsv.edu.azores.gov.pt\/index.php?rest_route=\/wp\/v2\/pages\/161\/revisions"}],"wp:attachment":[{"href":"https:\/\/ebsv.edu.azores.gov.pt\/index.php?rest_route=%2Fwp%2Fv2%2Fmedia&parent=161"}],"curies":[{"name":"wp","href":"https:\/\/api.w.org\/{rel}","templated":true}]}}