{"id":16824,"date":"2018-09-12T15:59:35","date_gmt":"2018-09-12T15:59:35","guid":{"rendered":"http:\/\/ebsv.edu.azores.gov.pt\/wordpress\/?page_id=16824"},"modified":"2018-09-12T15:59:35","modified_gmt":"2018-09-12T15:59:35","slug":"ripa-2oano","status":"publish","type":"page","link":"https:\/\/ebsv.edu.azores.gov.pt\/?page_id=16824","title":{"rendered":"RIPA 2\u00baAno"},"content":{"rendered":"<p>Para aceder ao RIPA clique no nome do aluno e introduza a respetiva chave.<\/p>\n<table width=\"0\">\n<tbody>\n<tr>\n<td width=\"400\"><a href=\"https:\/\/ebsv-dev.edu.azores.gov.pt\/wp-content\/uploads\/2019\/09\/Afonso-Avila-1.pdf\">AFONSO JO\u00c3O QUADROS \u00c1VILA<\/a><\/td>\n<\/tr>\n<tr>\n<td width=\"556\"><a href=\"https:\/\/ebsv-dev.edu.azores.gov.pt\/wp-content\/uploads\/2019\/09\/Afonso-Chaves-1.pdf\">AFONSO RODRIGO LOUREN\u00c7O CHAVES<\/a><\/td>\n<\/tr>\n<tr>\n<td width=\"556\"><a href=\"https:\/\/ebsv-dev.edu.azores.gov.pt\/wp-content\/uploads\/2019\/09\/Alexandre-Alves-1.pdf\">ALEXANDRE MEIGUEL SOARES ALVES<\/a><\/td>\n<\/tr>\n<tr>\n<td width=\"556\"><a href=\"https:\/\/ebsv-dev.edu.azores.gov.pt\/wp-content\/uploads\/2019\/09\/Alice-Oliveira-1.pdf\">ALICE FLEWITT OLIVEIRA<\/a><\/td>\n<\/tr>\n<tr>\n<td width=\"556\"><a href=\"https:\/\/ebsv-dev.edu.azores.gov.pt\/wp-content\/uploads\/2019\/09\/Ana-Pereira-1.pdf\">ANA BEATRIZ GIL PEREIRA<\/a><\/td>\n<\/tr>\n<tr>\n<td width=\"556\"><a href=\"https:\/\/ebsv-dev.edu.azores.gov.pt\/wp-content\/uploads\/2019\/09\/Andre-Borges-1.pdf\">ANDR\u00c9 BETTENCOURT BORGES<\/a><\/td>\n<\/tr>\n<tr>\n<td width=\"556\"><a href=\"https:\/\/ebsv-dev.edu.azores.gov.pt\/wp-content\/uploads\/2019\/09\/Andre-Baltazar-1.pdf\">ANDR\u00c9 RICARDO BETTENCOURT BALTAZAR<\/a><\/td>\n<\/tr>\n<tr>\n<td width=\"556\"><a href=\"https:\/\/ebsv-dev.edu.azores.gov.pt\/wp-content\/uploads\/2019\/09\/Andre-Almeida-1.pdf\">ANDR\u00c9 SOARES ALMEIDA<\/a><\/td>\n<\/tr>\n<tr>\n<td width=\"556\"><a href=\"https:\/\/ebsv-dev.edu.azores.gov.pt\/wp-content\/uploads\/2019\/09\/Bryana-Bettencourt-1.pdf\">BRYANA VIEIRA BETTENCOURT<\/a><\/td>\n<\/tr>\n<tr>\n<td width=\"556\"><a href=\"https:\/\/ebsv-dev.edu.azores.gov.pt\/wp-content\/uploads\/2019\/09\/Caio-Pina-1.pdf\">CAIO FILIPE MACHADO DE PINA<\/a><\/td>\n<\/tr>\n<tr>\n<td width=\"556\"><a href=\"https:\/\/ebsv-dev.edu.azores.gov.pt\/wp-content\/uploads\/2019\/09\/Carolina-Melo-1.pdf\">CAROLINA DE LIMA MELO<\/a><\/td>\n<\/tr>\n<tr>\n<td width=\"556\"><a href=\"https:\/\/ebsv-dev.edu.azores.gov.pt\/wp-content\/uploads\/2019\/09\/Catarina-Borba-1.pdf\">CATARINA OLIVEIRA BORBA<\/a><\/td>\n<\/tr>\n<tr>\n<td width=\"556\"><a href=\"https:\/\/ebsv-dev.edu.azores.gov.pt\/wp-content\/uploads\/2019\/09\/Cristiano-Sousa-1.pdf\">CRISTIANO MIGUEL SILVEIRA SOUSA<\/a><\/td>\n<\/tr>\n<tr>\n<td width=\"556\"><a href=\"https:\/\/ebsv-dev.edu.azores.gov.pt\/wp-content\/uploads\/2019\/09\/Diego-Cabral-1.pdf\">DIEGO CARDOSO CABRAL<\/a><\/td>\n<\/tr>\n<tr>\n<td width=\"556\"><a href=\"https:\/\/ebsv-dev.edu.azores.gov.pt\/wp-content\/uploads\/2019\/09\/Estella-Sousa-1.pdf\">ESTELLA MOGER SOUSA<\/a><\/td>\n<\/tr>\n<tr>\n<td width=\"556\"><a href=\"https:\/\/ebsv-dev.edu.azores.gov.pt\/wp-content\/uploads\/2019\/09\/Francisco-Almeida-1.pdf\">FRANCISCO MANUEL NUNES ALMEIDA<\/a><\/td>\n<\/tr>\n<tr>\n<td width=\"556\"><a href=\"https:\/\/ebsv-dev.edu.azores.gov.pt\/wp-content\/uploads\/2019\/09\/Francisco-Pereira-1.pdf\">FRANCISCO MIGUEL CORREIA PEREIRA<\/a><\/td>\n<\/tr>\n<tr>\n<td width=\"556\"><a href=\"https:\/\/ebsv-dev.edu.azores.gov.pt\/wp-content\/uploads\/2019\/09\/Gabriel-Monteiro-1.pdf\">GABRIEL \u00c1VILA MONTEIRO<\/a><\/td>\n<\/tr>\n<tr>\n<td width=\"556\"><a href=\"https:\/\/ebsv-dev.edu.azores.gov.pt\/wp-content\/uploads\/2019\/09\/Gustavo-Pacheco-1.pdf\">GUSTAVO DA SILVA PACHECO<\/a><\/td>\n<\/tr>\n<tr>\n<td width=\"556\"><a href=\"https:\/\/ebsv-dev.edu.azores.gov.pt\/wp-content\/uploads\/2019\/09\/Gustavo-Bettencourt-1.pdf\">GUSTAVO FILIPE MACIEL BETTENCOURT<\/a><\/td>\n<\/tr>\n<tr>\n<td width=\"556\"><a href=\"https:\/\/ebsv-dev.edu.azores.gov.pt\/wp-content\/uploads\/2019\/09\/Iara-Ramalho-1.pdf\">IARA DIAS RAMALHO<\/a><\/td>\n<\/tr>\n<tr>\n<td width=\"556\"><a href=\"https:\/\/ebsv-dev.edu.azores.gov.pt\/wp-content\/uploads\/2019\/09\/Ines-Castanha-1.pdf\">IN\u00caS BORGES CASTANHA<\/a><\/td>\n<\/tr>\n<tr>\n<td width=\"556\"><a href=\"https:\/\/ebsv-dev.edu.azores.gov.pt\/wp-content\/uploads\/2019\/09\/Ines-Dias-1.pdf\">IN\u00caS PEREIRA DIAS<\/a><\/td>\n<\/tr>\n<tr>\n<td width=\"556\"><a href=\"https:\/\/ebsv-dev.edu.azores.gov.pt\/wp-content\/uploads\/2019\/09\/Iris-Bettencourt-1.pdf\">IRIS FLORIANO BETTENCOURT<\/a><\/td>\n<\/tr>\n<tr>\n<td width=\"556\"><a href=\"https:\/\/ebsv-dev.edu.azores.gov.pt\/wp-content\/uploads\/2019\/09\/Isabel-Pacheco-1.pdf\">ISABEL DA SILVA PACHECO<\/a><\/td>\n<\/tr>\n<tr>\n<td width=\"556\"><a href=\"https:\/\/ebsv-dev.edu.azores.gov.pt\/wp-content\/uploads\/2019\/09\/Ivan-Leal-1.pdf\">IVAN MEDEIROS LEAL<\/a><\/td>\n<\/tr>\n<tr>\n<td width=\"556\"><a href=\"https:\/\/ebsv-dev.edu.azores.gov.pt\/wp-content\/uploads\/2019\/09\/Joao-Esteves-1.pdf\">JO\u00c3O GON\u00c7ALVES ESTEVES<\/a><\/td>\n<\/tr>\n<tr>\n<td width=\"556\"><a href=\"https:\/\/ebsv-dev.edu.azores.gov.pt\/wp-content\/uploads\/2019\/09\/Joao-Bettencourt-1.pdf\">JO\u00c3O MANUEL MACIEL BETTENCOURT<\/a><\/td>\n<\/tr>\n<tr>\n<td width=\"556\"><a href=\"https:\/\/ebsv-dev.edu.azores.gov.pt\/wp-content\/uploads\/2019\/09\/Joao-Azevedo-1.pdf\">JO\u00c3O REIS AZEVEDO<\/a><\/td>\n<\/tr>\n<tr>\n<td width=\"556\"><a href=\"https:\/\/ebsv-dev.edu.azores.gov.pt\/wp-content\/uploads\/2019\/09\/Jorge-Mateus-1.pdf\">JORGE MANUEL BETTENCOURT MATEUS<\/a><\/td>\n<\/tr>\n<tr>\n<td width=\"556\"><a href=\"https:\/\/ebsv-dev.edu.azores.gov.pt\/wp-content\/uploads\/2019\/09\/Juliana-Costa-1.pdf\">JULIANA BRASIL COSTA<\/a><\/td>\n<\/tr>\n<tr>\n<td width=\"556\"><a href=\"https:\/\/ebsv-dev.edu.azores.gov.pt\/wp-content\/uploads\/2019\/09\/Leandro-Rosa-1.pdf\">LEANDRO MIGUEL DA SILVA ROSA<\/a><\/td>\n<\/tr>\n<tr>\n<td width=\"556\"><a href=\"https:\/\/ebsv-dev.edu.azores.gov.pt\/wp-content\/uploads\/2019\/09\/Leonor-Sequeira-1.pdf\">LEONOR BETTENCOURT SEQUEIRA<\/a><\/td>\n<\/tr>\n<tr>\n<td width=\"556\"><a href=\"https:\/\/ebsv-dev.edu.azores.gov.pt\/wp-content\/uploads\/2019\/09\/Lourenco-Regalo-1.pdf\">LOUREN\u00c7O XAVIER BRASIL REGALO<\/a><\/td>\n<\/tr>\n<tr>\n<td width=\"556\"><a href=\"https:\/\/ebsv-dev.edu.azores.gov.pt\/wp-content\/uploads\/2019\/09\/Madalena-Sousa-1.pdf\">MADALENA ARA\u00daJO JORGE DOS RAMOS SOUSA<\/a><\/td>\n<\/tr>\n<tr>\n<td width=\"556\"><a href=\"https:\/\/ebsv-dev.edu.azores.gov.pt\/wp-content\/uploads\/2019\/09\/Mariana-Medeiros-1.pdf\">MARIANA DA CONCEI\u00c7\u00c3O SILVA MEDEIROS<\/a><\/td>\n<\/tr>\n<tr>\n<td width=\"556\"><a href=\"https:\/\/ebsv-dev.edu.azores.gov.pt\/wp-content\/uploads\/2019\/09\/Mariana-Costa-1.pdf\">MARIANA SAMIRA BATISTA DIAS COSTA<\/a><\/td>\n<\/tr>\n<tr>\n<td width=\"556\"><a href=\"https:\/\/ebsv-dev.edu.azores.gov.pt\/wp-content\/uploads\/2019\/09\/Martinho-Oliveira-1.pdf\">MARTINHO OLIVEIRA<\/a><\/td>\n<\/tr>\n<tr>\n<td width=\"556\"><a href=\"https:\/\/ebsv-dev.edu.azores.gov.pt\/wp-content\/uploads\/2019\/09\/Mateus-Matos-2.pdf\">MATEUS ALEXANDRE SEQUEIRA MATOS<\/a><\/td>\n<\/tr>\n<tr>\n<td width=\"556\"><a href=\"https:\/\/ebsv-dev.edu.azores.gov.pt\/wp-content\/uploads\/2019\/09\/Mateus-Azevedo-1.pdf\">MATEUS ENES AZEVEDO<\/a><\/td>\n<\/tr>\n<tr>\n<td width=\"556\"><a href=\"https:\/\/ebsv-dev.edu.azores.gov.pt\/wp-content\/uploads\/2019\/09\/Mateus-Soares-1.pdf\">MATEUS VIEIRA SOARES<\/a><\/td>\n<\/tr>\n<tr>\n<td width=\"556\"><a href=\"https:\/\/ebsv-dev.edu.azores.gov.pt\/wp-content\/uploads\/2019\/09\/Matilde-Rocha-1.pdf\">MATILDE AZEVEDO ROCHA<\/a><\/td>\n<\/tr>\n<tr>\n<td width=\"556\"><a href=\"https:\/\/ebsv-dev.edu.azores.gov.pt\/wp-content\/uploads\/2019\/09\/Nilton-Silveira-1.pdf\">NILTON MIGUEL ALVES SILVEIRA<\/a><\/td>\n<\/tr>\n<tr>\n<td width=\"556\"><a href=\"https:\/\/ebsv-dev.edu.azores.gov.pt\/wp-content\/uploads\/2019\/09\/Olivia-Freitas-59151101-1.pdf\">OLIVIA HOPE FREITAS<\/a><\/td>\n<\/tr>\n<tr>\n<td width=\"556\"><a href=\"https:\/\/ebsv-dev.edu.azores.gov.pt\/wp-content\/uploads\/2019\/09\/Pedro-Fernandes-1.pdf\">PEDRO MACHADO SOARES CRUZ FERNANDES<\/a><\/td>\n<\/tr>\n<tr>\n<td width=\"556\"><a href=\"https:\/\/ebsv-dev.edu.azores.gov.pt\/wp-content\/uploads\/2019\/09\/Pedro-Teixeira-1.pdf\">PEDRO MADRUGA TEIXEIRA<\/a><\/td>\n<\/tr>\n<tr>\n<td width=\"556\"><a href=\"https:\/\/ebsv-dev.edu.azores.gov.pt\/wp-content\/uploads\/2019\/09\/Quevin-Silveira-1.pdf\">QU\u00c9VIN DA SILVA SILVEIRA<\/a><\/td>\n<\/tr>\n<tr>\n<td width=\"556\"><a href=\"https:\/\/ebsv-dev.edu.azores.gov.pt\/wp-content\/uploads\/2019\/09\/Rafael-Vieira-1.pdf\">RAFAEL DIAS VIEIRA<\/a><\/td>\n<\/tr>\n<tr>\n<td width=\"556\"><a href=\"https:\/\/ebsv-dev.edu.azores.gov.pt\/wp-content\/uploads\/2019\/09\/Rodrigo-Monteiro-1.pdf\">RODRIGO FLORIVAL CABRAL MONTEIRO<\/a><\/td>\n<\/tr>\n<tr>\n<td width=\"556\"><a href=\"https:\/\/ebsv-dev.edu.azores.gov.pt\/wp-content\/uploads\/2019\/09\/Rodrigo-Diogo-1.pdf\">RODRIGO JORGE FONSECA DIOGO<\/a><\/td>\n<\/tr>\n<tr>\n<td width=\"556\"><a href=\"https:\/\/ebsv-dev.edu.azores.gov.pt\/wp-content\/uploads\/2019\/09\/Rodrigo-Pereira-1.pdf\">RODRIGO MIGUEL \u00c1VILA PEREIRA<\/a><\/td>\n<\/tr>\n<tr>\n<td width=\"556\"><a href=\"https:\/\/ebsv-dev.edu.azores.gov.pt\/wp-content\/uploads\/2019\/09\/Samuel-Pacheco-1.pdf\">SAMUEL ALEXANDRE NUNES PACHECO<\/a><\/td>\n<\/tr>\n<tr>\n<td width=\"556\"><a href=\"https:\/\/ebsv-dev.edu.azores.gov.pt\/wp-content\/uploads\/2019\/09\/Tatiana-Sousa-1.pdf\">TATIANA SEQUEIRA SOUSA<\/a><\/td>\n<\/tr>\n<tr>\n<td width=\"556\"><a href=\"https:\/\/ebsv-dev.edu.azores.gov.pt\/wp-content\/uploads\/2019\/09\/Vitor-Avila-1.pdf\">V\u00cdTOR FILIPE DUTRA \u00c1VILA<\/a><\/td>\n<\/tr>\n<\/tbody>\n<\/table>\n<p><\/p>\n","protected":false},"excerpt":{"rendered":"<p>Para aceder ao RIPA clique no nome do aluno e introduza a respetiva chave. AFONSO JO\u00c3O QUADROS \u00c1VILA AFONSO RODRIGO LOUREN\u00c7O CHAVES ALEXANDRE MEIGUEL SOARES ALVES ALICE FLEWITT OLIVEIRA ANA BEATRIZ GIL PEREIRA ANDR\u00c9 BETTENCOURT BORGES ANDR\u00c9 RICARDO BETTENCOURT BALTAZAR ANDR\u00c9 SOARES ALMEIDA BRYANA VIEIRA BETTENCOURT CAIO FILIPE MACHADO DE PINA CAROLINA DE LIMA MELO<\/p><\/div>\n<div class=\"blog-btn\"><a href=\"https:\/\/ebsv.edu.azores.gov.pt\/?page_id=16824\" class=\"home-blog-btn\">Ler mais<\/a><\/p>\n","protected":false},"author":3,"featured_media":0,"parent":0,"menu_order":0,"comment_status":"closed","ping_status":"closed","template":"","meta":{"_mi_skip_tracking":false,"_monsterinsights_sitenote_active":false,"_monsterinsights_sitenote_note":"","_monsterinsights_sitenote_category":0,"footnotes":""},"class_list":["post-16824","page","type-page","status-publish","hentry"],"acf":[],"_links":{"self":[{"href":"https:\/\/ebsv.edu.azores.gov.pt\/index.php?rest_route=\/wp\/v2\/pages\/16824","targetHints":{"allow":["GET"]}}],"collection":[{"href":"https:\/\/ebsv.edu.azores.gov.pt\/index.php?rest_route=\/wp\/v2\/pages"}],"about":[{"href":"https:\/\/ebsv.edu.azores.gov.pt\/index.php?rest_route=\/wp\/v2\/types\/page"}],"author":[{"embeddable":true,"href":"https:\/\/ebsv.edu.azores.gov.pt\/index.php?rest_route=\/wp\/v2\/users\/3"}],"replies":[{"embeddable":true,"href":"https:\/\/ebsv.edu.azores.gov.pt\/index.php?rest_route=%2Fwp%2Fv2%2Fcomments&post=16824"}],"version-history":[{"count":0,"href":"https:\/\/ebsv.edu.azores.gov.pt\/index.php?rest_route=\/wp\/v2\/pages\/16824\/revisions"}],"wp:attachment":[{"href":"https:\/\/ebsv.edu.azores.gov.pt\/index.php?rest_route=%2Fwp%2Fv2%2Fmedia&parent=16824"}],"curies":[{"name":"wp","href":"https:\/\/api.w.org\/{rel}","templated":true}]}}