{"id":16876,"date":"2018-09-12T15:59:42","date_gmt":"2018-09-12T15:59:42","guid":{"rendered":"http:\/\/ebsv.edu.azores.gov.pt\/wordpress\/?page_id=16876"},"modified":"2018-09-12T15:59:42","modified_gmt":"2018-09-12T15:59:42","slug":"ripa-8oano","status":"publish","type":"page","link":"https:\/\/ebsv.edu.azores.gov.pt\/?page_id=16876","title":{"rendered":"RIPA 8\u00baAno"},"content":{"rendered":"<p>Para aceder ao RIPA clique no nome do aluno e introduza a respetiva chave.<\/p>\n<table style=\"height: 1674px\" width=\"460\">\n<tbody>\n<tr>\n<td width=\"400\"><a href=\"https:\/\/ebsv-dev.edu.azores.gov.pt\/wp-content\/uploads\/2019\/09\/Afonso-Silva-1.pdf\">AFONSO BRASIL DA SILVA<\/a><\/td>\n<\/tr>\n<tr>\n<td width=\"556\"><a href=\"https:\/\/ebsv-dev.edu.azores.gov.pt\/wp-content\/uploads\/2019\/09\/Alicia-Bettencourt-1.pdf\">ALICIA DE F\u00c1TIMA VIEIRA BETTENCOURT<\/a><\/td>\n<\/tr>\n<tr>\n<td width=\"556\"><a href=\"https:\/\/ebsv-dev.edu.azores.gov.pt\/wp-content\/uploads\/2019\/09\/Bruno-Pedroso_cBI-1.pdf\">BRUNO MANUEL PEDROSO<\/a><\/td>\n<\/tr>\n<tr>\n<td width=\"556\"><a href=\"https:\/\/ebsv-dev.edu.azores.gov.pt\/wp-content\/uploads\/2019\/09\/Constanca-Melo-1.pdf\">CONSTAN\u00c7A ISABEL SOARES DE MELO<\/a><\/td>\n<\/tr>\n<tr>\n<td width=\"556\"><a href=\"https:\/\/ebsv-dev.edu.azores.gov.pt\/wp-content\/uploads\/2019\/09\/Cristiana-Simas-1.pdf\">CRISTIANA MARIA MATOS SIMAS<\/a><\/td>\n<\/tr>\n<tr>\n<td width=\"556\"><a href=\"https:\/\/ebsv-dev.edu.azores.gov.pt\/wp-content\/uploads\/2019\/09\/Dalila-Casimiro-1.pdf\">DALILA CRISTINA DA PAZ CASIMIRO<\/a><\/td>\n<\/tr>\n<tr>\n<td width=\"556\"><a href=\"https:\/\/ebsv-dev.edu.azores.gov.pt\/wp-content\/uploads\/2019\/09\/David-Boto-1.pdf\">DAVID JORGE VICENTE BOTO<\/a><\/td>\n<\/tr>\n<tr>\n<td width=\"556\"><a href=\"https:\/\/ebsv-dev.edu.azores.gov.pt\/wp-content\/uploads\/2019\/09\/David-Gouveia-1.pdf\">DAVID PINA GOUVEIA<\/a><\/td>\n<\/tr>\n<tr>\n<td width=\"556\"><a href=\"https:\/\/ebsv-dev.edu.azores.gov.pt\/wp-content\/uploads\/2019\/09\/Diana-Coelho-1.pdf\">DIANA CATARINA PINTO COELHO<\/a><\/td>\n<\/tr>\n<tr>\n<td width=\"556\"><a href=\"https:\/\/ebsv-dev.edu.azores.gov.pt\/wp-content\/uploads\/2019\/09\/Diana-Bettencourt-1.pdf\">DIANA DE LURDES TEIXEIRA BETTENCOURT<\/a><\/td>\n<\/tr>\n<tr>\n<td width=\"556\"><a href=\"https:\/\/ebsv-dev.edu.azores.gov.pt\/wp-content\/uploads\/2019\/09\/Dinis-Antunes-1.pdf\">DINIS FILIPE AMARO ANTUNES<\/a><\/td>\n<\/tr>\n<tr>\n<td width=\"556\"><a href=\"https:\/\/ebsv-dev.edu.azores.gov.pt\/wp-content\/uploads\/2019\/09\/Dinis-Almeida-1.pdf\">DINIS MIGUEL SOARES ALMEIDA<\/a><\/td>\n<\/tr>\n<tr>\n<td width=\"556\"><a href=\"https:\/\/ebsv-dev.edu.azores.gov.pt\/wp-content\/uploads\/2019\/09\/Diogo-Silveira-1.pdf\">DIOGO FILIPE FAGUNDES SILVEIRA<\/a><\/td>\n<\/tr>\n<tr>\n<td width=\"556\"><a href=\"https:\/\/ebsv-dev.edu.azores.gov.pt\/wp-content\/uploads\/2019\/09\/Erica-Freitas-1.pdf\">\u00c9RICA SOFIA SILVEIRA FREITAS<\/a><\/td>\n<\/tr>\n<tr>\n<td width=\"556\"><a href=\"https:\/\/ebsv-dev.edu.azores.gov.pt\/wp-content\/uploads\/2019\/09\/Filipa-Ferreira-1.pdf\">FILIPA MARIA MEDEIROS FERREIRA<\/a><\/td>\n<\/tr>\n<tr>\n<td width=\"556\"><a href=\"https:\/\/ebsv-dev.edu.azores.gov.pt\/wp-content\/uploads\/2019\/09\/Gaspar-Bettencourt-1.pdf\">GASPAR PAZ CARDOSO GAMB\u00c3O BETTENCOURT<\/a><\/td>\n<\/tr>\n<tr>\n<td width=\"556\"><a href=\"https:\/\/ebsv-dev.edu.azores.gov.pt\/wp-content\/uploads\/2019\/09\/Guilherme-Azevedo-1.pdf\">GUILHERME RIBEIRO AZEVEDO<\/a><\/td>\n<\/tr>\n<tr>\n<td width=\"556\"><a href=\"https:\/\/ebsv-dev.edu.azores.gov.pt\/wp-content\/uploads\/2019\/09\/Guilherme-Silva-1.pdf\">GUILHERME VIEIRA DA SILVA<\/a><\/td>\n<\/tr>\n<tr>\n<td width=\"556\"><a href=\"https:\/\/ebsv-dev.edu.azores.gov.pt\/wp-content\/uploads\/2019\/09\/Gustavo-Alves-1.pdf\">GUSTAVO DAVID BRASIL ALVES<\/a><\/td>\n<\/tr>\n<tr>\n<td width=\"556\"><a href=\"https:\/\/ebsv-dev.edu.azores.gov.pt\/wp-content\/uploads\/2019\/09\/Helena-Costa-1.pdf\">HELENA ISABEL RAMOS DA COSTA<\/a><\/td>\n<\/tr>\n<tr>\n<td width=\"556\"><a href=\"https:\/\/ebsv-dev.edu.azores.gov.pt\/wp-content\/uploads\/2019\/09\/Ines-Castro-1.pdf\">IN\u00caS F\u00c1TIMA ATA\u00cdDE CASTRO<\/a><\/td>\n<\/tr>\n<tr>\n<td width=\"556\"><a href=\"https:\/\/ebsv-dev.edu.azores.gov.pt\/wp-content\/uploads\/2019\/09\/Ines-Soares-1-1.pdf\">IN\u00caS SOFIA CARDOSO SOARES<\/a><\/td>\n<\/tr>\n<tr>\n<td width=\"556\"><a href=\"https:\/\/ebsv-dev.edu.azores.gov.pt\/wp-content\/uploads\/2019\/09\/Jessica-Sousa-1.pdf\">J\u00c9SSICA ALEXANDRA MELO SOUSA<\/a><\/td>\n<\/tr>\n<tr>\n<td width=\"556\"><a href=\"https:\/\/ebsv-dev.edu.azores.gov.pt\/wp-content\/uploads\/2019\/09\/Joao-Sousa-1.pdf\">JO\u00c3O MIGUEL SANTOS SOUSA<\/a><\/td>\n<\/tr>\n<tr>\n<td width=\"556\"><a href=\"https:\/\/ebsv-dev.edu.azores.gov.pt\/wp-content\/uploads\/2019\/09\/Kayla-Bettencourt-1.pdf\">KAYLA MARIE VIEIRA BETTENCOURT<\/a><\/td>\n<\/tr>\n<tr>\n<td width=\"556\"><a href=\"https:\/\/ebsv-dev.edu.azores.gov.pt\/wp-content\/uploads\/2019\/09\/Mariana-Bettencourt-1.pdf\">MARIANA ISABEL MIRANDA BETTENCOURT<\/a><\/td>\n<\/tr>\n<tr>\n<td width=\"556\"><a href=\"https:\/\/ebsv-dev.edu.azores.gov.pt\/wp-content\/uploads\/2019\/09\/Matilde-Rosa-1.pdf\">MATILDE ANTUNES ROSA<\/a><\/td>\n<\/tr>\n<tr>\n<td width=\"556\"><a href=\"https:\/\/ebsv-dev.edu.azores.gov.pt\/wp-content\/uploads\/2019\/09\/Matilde-Silva-1.pdf\">MATILDE DA SILVEIRA SILVA<\/a><\/td>\n<\/tr>\n<tr>\n<td width=\"556\"><a href=\"https:\/\/ebsv-dev.edu.azores.gov.pt\/wp-content\/uploads\/2019\/09\/Rafael-Silveira-1.pdf\">RAFAEL ALEXANDRE MELO SILVEIRA<\/a><\/td>\n<\/tr>\n<tr>\n<td width=\"556\"><a href=\"https:\/\/ebsv-dev.edu.azores.gov.pt\/wp-content\/uploads\/2019\/09\/Sofia-Viegas-1.pdf\">SOFIA GALEGO VIEGAS<\/a><\/td>\n<\/tr>\n<tr>\n<td width=\"556\"><a href=\"https:\/\/ebsv-dev.edu.azores.gov.pt\/wp-content\/uploads\/2019\/09\/Sofia-Cabral-1.pdf\">SOFIA RAMOS CABRAL<\/a><\/td>\n<\/tr>\n<tr>\n<td width=\"556\"><a href=\"https:\/\/ebsv-dev.edu.azores.gov.pt\/wp-content\/uploads\/2019\/09\/Soraia-Silva-1.pdf\">SORAIA SILVEIRA SILVA<\/a><\/td>\n<\/tr>\n<tr>\n<td width=\"556\"><a href=\"https:\/\/ebsv-dev.edu.azores.gov.pt\/wp-content\/uploads\/2019\/09\/Tania-Machado-1.pdf\">T\u00c2NIA RAQUEL SILVEIRA MACHADO<\/a><\/td>\n<\/tr>\n<tr>\n<td width=\"556\"><a href=\"https:\/\/ebsv-dev.edu.azores.gov.pt\/wp-content\/uploads\/2019\/09\/Tiago-Ribeiro-1.pdf\">TIAGO FERNANDES RIBEIRO<\/a><\/td>\n<\/tr>\n<tr>\n<td width=\"556\"><a href=\"https:\/\/ebsv-dev.edu.azores.gov.pt\/wp-content\/uploads\/2019\/09\/Tomas-Alvernaz-1.pdf\">TOM\u00c1S SILVA ALVERNAZ<\/a><\/td>\n<\/tr>\n<tr>\n<td width=\"556\"><a href=\"https:\/\/ebsv-dev.edu.azores.gov.pt\/wp-content\/uploads\/2019\/09\/Vitoria-Mota-1.pdf\">VIT\u00d3RIA RAFAELA DIAS MOTA<\/a><\/td>\n<\/tr>\n<\/tbody>\n<\/table>\n<p>&nbsp;<\/p>\n","protected":false},"excerpt":{"rendered":"<p>Para aceder ao RIPA clique no nome do aluno e introduza a respetiva chave. AFONSO BRASIL DA SILVA ALICIA DE F\u00c1TIMA VIEIRA BETTENCOURT BRUNO MANUEL PEDROSO CONSTAN\u00c7A ISABEL SOARES DE MELO CRISTIANA MARIA MATOS SIMAS DALILA CRISTINA DA PAZ CASIMIRO DAVID JORGE VICENTE BOTO DAVID PINA GOUVEIA DIANA CATARINA PINTO COELHO DIANA DE LURDES TEIXEIRA<\/p><\/div>\n<div class=\"blog-btn\"><a href=\"https:\/\/ebsv.edu.azores.gov.pt\/?page_id=16876\" class=\"home-blog-btn\">Ler mais<\/a><\/p>\n","protected":false},"author":3,"featured_media":0,"parent":0,"menu_order":0,"comment_status":"closed","ping_status":"closed","template":"","meta":{"_mi_skip_tracking":false,"_monsterinsights_sitenote_active":false,"_monsterinsights_sitenote_note":"","_monsterinsights_sitenote_category":0,"footnotes":""},"class_list":["post-16876","page","type-page","status-publish","hentry"],"acf":[],"_links":{"self":[{"href":"https:\/\/ebsv.edu.azores.gov.pt\/index.php?rest_route=\/wp\/v2\/pages\/16876","targetHints":{"allow":["GET"]}}],"collection":[{"href":"https:\/\/ebsv.edu.azores.gov.pt\/index.php?rest_route=\/wp\/v2\/pages"}],"about":[{"href":"https:\/\/ebsv.edu.azores.gov.pt\/index.php?rest_route=\/wp\/v2\/types\/page"}],"author":[{"embeddable":true,"href":"https:\/\/ebsv.edu.azores.gov.pt\/index.php?rest_route=\/wp\/v2\/users\/3"}],"replies":[{"embeddable":true,"href":"https:\/\/ebsv.edu.azores.gov.pt\/index.php?rest_route=%2Fwp%2Fv2%2Fcomments&post=16876"}],"version-history":[{"count":0,"href":"https:\/\/ebsv.edu.azores.gov.pt\/index.php?rest_route=\/wp\/v2\/pages\/16876\/revisions"}],"wp:attachment":[{"href":"https:\/\/ebsv.edu.azores.gov.pt\/index.php?rest_route=%2Fwp%2Fv2%2Fmedia&parent=16876"}],"curies":[{"name":"wp","href":"https:\/\/api.w.org\/{rel}","templated":true}]}}