{"id":17008,"date":"2023-10-25T10:52:14","date_gmt":"2023-10-25T10:52:14","guid":{"rendered":"http:\/\/ebsv.edu.azores.gov.pt\/wordpress\/?page_id=17008"},"modified":"2026-02-27T10:52:40","modified_gmt":"2026-02-27T10:52:40","slug":"orientadores","status":"publish","type":"page","link":"https:\/\/ebsv.edu.azores.gov.pt\/?page_id=17008","title":{"rendered":"Documentos Orientadores"},"content":{"rendered":"\n<ul class=\"wp-block-list\">\n<li class=\"has-black-color has-text-color has-link-color has-medium-font-size wp-elements-14985d5420b209f9bcf4a5f40ac304ed\"><a href=\"https:\/\/ebsv.edu.azores.gov.pt\/wp-content\/uploads\/2026\/02\/PE_PAA_2025-2026_atualizado.pdf\"><strong>Plano Anual de Atividades<\/strong><\/a><\/li>\n\n\n\n<li class=\"has-black-color has-text-color has-link-color has-medium-font-size wp-elements-04db543014e5d5242ce295de577c8c20\"><span style=\"color: #000080;\"><a style=\"color: #000080;\" href=\"https:\/\/ebsv-dev.edu.azores.gov.pt\/wp-content\/uploads\/2024\/10\/PLANO-DE-ESCOLAPE_2024-2027-1.pdf\"><strong>Plano de Escola 2024-2027<\/strong><\/a><\/span><\/li>\n\n\n\n<li class=\"has-black-color has-text-color has-link-color has-medium-font-size wp-elements-b474c0e487325cf42d13a46d37a778a6\"><a href=\"https:\/\/ebsv.edu.azores.gov.pt\/wp-content\/uploads\/2025\/12\/REGULAMENTO-INTERNO_2024-2027.pdf\"><span style=\"color: #000080;\"><strong>Regulamento Interno 2024-2027<\/strong><\/span><\/a><\/li>\n<\/ul>\n\n\n\n<p><\/p>\n\n\n\n<details class=\"wp-block-details is-layout-flow wp-block-details-is-layout-flow\"><summary>2025\/2026<\/summary>\n<p><\/p>\n<\/details>\n\n\n\n<p><\/p>\n\n\n\n<details class=\"wp-block-details is-layout-flow wp-block-details-is-layout-flow\"><summary>2024\/2025<\/summary>\n<ul class=\"wp-block-list\">\n<li><a href=\"https:\/\/ebsv-dev.edu.azores.gov.pt\/wp-content\/uploads\/2024\/10\/PE-MANUAL-DE-PROCEDIMENTOS_Educacao-Inclusiva_2024-2025-1.pdf\">PE- MANUAL DE PROCEDIMENTOS Educa\u00e7\u00e3o Inclusiva 2024-2025<\/a><\/li>\n\n\n\n<li><a href=\"https:\/\/ebsv-dev.edu.azores.gov.pt\/wp-content\/uploads\/2024\/10\/PE-PROGRAMA-DE-APOIO-EDUCATIVO_2024-2025-1.pdf\">PE- PROGRAMA DE APOIO EDUCATIVO_2024-2025<\/a><\/li>\n\n\n\n<li><a href=\"https:\/\/ebsv-dev.edu.azores.gov.pt\/wp-content\/uploads\/2024\/10\/PE_Plano-Escolar-Prevencao-Combate-Bullyng-Ciberbullyng_2024-2027-1.pdf\">PE- Plano Escolar Preven\u00e7\u00e3o Combate Bullying Ciberbullying 2024-2025<\/a><\/li>\n\n\n\n<li><a href=\"https:\/\/ebsv-dev.edu.azores.gov.pt\/wp-content\/uploads\/2024\/10\/PE-REFERENCIAL-DE-AVALIACAO_2024-2025-1.pdf\">PE- REFERENCIAL DE AVALIA\u00c7\u00c3O 2024-2025<\/a><\/li>\n\n\n\n<li><a href=\"https:\/\/ebsv-dev.edu.azores.gov.pt\/wp-content\/uploads\/2024\/10\/Plano-de-Distribuicao-do-Servico-Docente_2024-2025-1.pdf\">Plano de Distribui\u00e7\u00e3o do Servi\u00e7o Docente_2024-2025<\/a><\/li>\n<\/ul>\n<\/details>\n\n\n\n<p><\/p>\n\n\n\n<details class=\"wp-block-details is-layout-flow wp-block-details-is-layout-flow\"><summary>2023\/2024<\/summary>\n<ul class=\"wp-block-list\">\n<li><a href=\"https:\/\/ebsv-dev.edu.azores.gov.pt\/wp-content\/uploads\/2024\/05\/Balanco-PAA_1o-S-2023-2024-1.pdf\">Relat\u00f3rio Balan\u00e7o PAA_1\u00ba S 2023-2024<\/a><\/li>\n\n\n\n<li><a href=\"https:\/\/ebsv-dev.edu.azores.gov.pt\/wp-content\/uploads\/2024\/10\/Balanco-PAA_2o-S-23-24-1.pdf\">Balan\u00e7o PAA_2\u00ba S 23-24<\/a><\/li>\n\n\n\n<li><a href=\"https:\/\/ebsv-dev.edu.azores.gov.pt\/wp-content\/uploads\/2024\/04\/PAA_2023-2024_APROVADO-AE-1.pdf\">PAA_2023-2024<\/a><\/li>\n<\/ul>\n<\/details>\n\n\n\n<p><\/p>\n\n\n\n<details class=\"wp-block-details is-layout-flow wp-block-details-is-layout-flow\"><summary>2022\/2023<\/summary>\n<ul class=\"wp-block-list\">\n<li><a href=\"https:\/\/ebsv-dev.edu.azores.gov.pt\/wp-content\/uploads\/2024\/04\/PAA_2022-2023-1.pdf\">PAA_2022-2023<\/a><\/li>\n\n\n\n<li><a href=\"https:\/\/ebsv-dev.edu.azores.gov.pt\/wp-content\/uploads\/2024\/05\/Balanco-PAA_2o-S-2022-2023-1.pdf\">Relat\u00f3rio Balan\u00e7o PAA_2\u00ba S 2022-2023<\/a><\/li>\n\n\n\n<li><a href=\"https:\/\/ebsv-dev.edu.azores.gov.pt\/wp-content\/uploads\/2024\/05\/Balanco-PAA_1o-S-2022-2023-1.pdf\">Relat\u00f3rio Balan\u00e7o PAA_1\u00ba S 2022-2023<\/a><\/li>\n<\/ul>\n<\/details>\n\n\n\n<p><\/p>\n\n\n\n<details class=\"wp-block-details is-layout-flow wp-block-details-is-layout-flow\"><summary>2021\/2022<\/summary>\n<ul class=\"wp-block-list\">\n<li><a href=\"https:\/\/ebsv-dev.edu.azores.gov.pt\/wp-content\/uploads\/2024\/04\/PAA-2021-2022-1.pdf\">PAA-2021-2022<\/a><\/li>\n\n\n\n<li><a href=\"https:\/\/ebsv-dev.edu.azores.gov.pt\/wp-content\/uploads\/2024\/05\/PAA_Balanco-3oP-2021-2022-1.pdf\">Relat\u00f3rio PAA Balan\u00e7o 3\u00baP 2021-2022<\/a><\/li>\n\n\n\n<li><a href=\"https:\/\/ebsv-dev.edu.azores.gov.pt\/wp-content\/uploads\/2024\/05\/PAA_Balanco-2oP-2021-2022-1.pdf\">Relat\u00f3rio PAA Balan\u00e7o 2\u00baP 2021-2022<\/a><\/li>\n\n\n\n<li><a href=\"https:\/\/ebsv-dev.edu.azores.gov.pt\/wp-content\/uploads\/2024\/05\/PAA_Balanco-1oP-2021-2022-1.pdf\">Relat\u00f3rio PAA Balan\u00e7o 1\u00baP 2021-2022<\/a><\/li>\n\n\n\n<li><a href=\"https:\/\/ebsv-dev.edu.azores.gov.pt\/wp-content\/uploads\/2024\/05\/Balanco-Final-PAA-2020-21-1.pdf\">Relat\u00f3rio Balan\u00e7o Final PAA &#8211; 2020-21<\/a><\/li>\n<\/ul>\n<\/details>\n\n\n\n<p><\/p>\n\n\n\n<details class=\"wp-block-details is-layout-flow wp-block-details-is-layout-flow\"><summary><strong>LEGISLA\u00c7\u00c3O<\/strong><\/summary>\n<ul class=\"wp-block-list\">\n<li><a href=\"https:\/\/ebsv-dev.edu.azores.gov.pt\/wp-content\/uploads\/2024\/05\/19-2023-A-Regime-juridico-de-criacao-autonomia-e-gestao-das-unidades-1.pdf\">Regime jur\u00eddico de cria\u00e7\u00e3o, autonomia e gest\u00e3o das unidades org\u00e2nicas do sistema educativo regional &#8211; <a href=\"https:\/\/ebsv-dev.edu.azores.gov.pt\/wp-content\/uploads\/2024\/05\/19-2023-A-Regime-juridico-de-criacao-autonomia-e-gestao-das-unidades-1.pdf\">DLR n.\u00ba 19\/2023\/A <\/a><\/a><\/li>\n\n\n\n<li><a href=\"https:\/\/ebsv-dev.edu.azores.gov.pt\/wp-content\/uploads\/2024\/04\/78-I-Portaria-2023-08-29-1.pdf\">Regulamento de Gest\u00e3o Administrativa e Pedag\u00f3gica de Alunos -78-I-Portaria-2023-08-29<\/a><\/li>\n\n\n\n<li><a href=\"https:\/\/ebsv-dev.edu.azores.gov.pt\/wp-content\/uploads\/2024\/04\/Consolidacao-Lei-n.o-35_2014-Diario-da-Republica-n.o-117_2014-Serie-I-de-2014-06-20-1.pdf\">Lei Geral do Trabalho em Fun\u00e7\u00f5es P\u00fablicas &#8211; Consolidacao-Lei-n.o-35_2014-Diario-da-Republica-n.o-117_2014-Serie-I-de-2014-06-20<\/a><\/li>\n<\/ul>\n<\/details>\n\n\n\n<p><\/p>\n","protected":false},"excerpt":{"rendered":"","protected":false},"author":3,"featured_media":0,"parent":0,"menu_order":0,"comment_status":"closed","ping_status":"closed","template":"","meta":{"_mi_skip_tracking":false,"_monsterinsights_sitenote_active":false,"_monsterinsights_sitenote_note":"","_monsterinsights_sitenote_category":0,"footnotes":""},"class_list":["post-17008","page","type-page","status-publish","hentry"],"acf":[],"_links":{"self":[{"href":"https:\/\/ebsv.edu.azores.gov.pt\/index.php?rest_route=\/wp\/v2\/pages\/17008","targetHints":{"allow":["GET"]}}],"collection":[{"href":"https:\/\/ebsv.edu.azores.gov.pt\/index.php?rest_route=\/wp\/v2\/pages"}],"about":[{"href":"https:\/\/ebsv.edu.azores.gov.pt\/index.php?rest_route=\/wp\/v2\/types\/page"}],"author":[{"embeddable":true,"href":"https:\/\/ebsv.edu.azores.gov.pt\/index.php?rest_route=\/wp\/v2\/users\/3"}],"replies":[{"embeddable":true,"href":"https:\/\/ebsv.edu.azores.gov.pt\/index.php?rest_route=%2Fwp%2Fv2%2Fcomments&post=17008"}],"version-history":[{"count":11,"href":"https:\/\/ebsv.edu.azores.gov.pt\/index.php?rest_route=\/wp\/v2\/pages\/17008\/revisions"}],"predecessor-version":[{"id":31579,"href":"https:\/\/ebsv.edu.azores.gov.pt\/index.php?rest_route=\/wp\/v2\/pages\/17008\/revisions\/31579"}],"wp:attachment":[{"href":"https:\/\/ebsv.edu.azores.gov.pt\/index.php?rest_route=%2Fwp%2Fv2%2Fmedia&parent=17008"}],"curies":[{"name":"wp","href":"https:\/\/api.w.org\/{rel}","templated":true}]}}