{"id":17017,"date":"2018-09-25T11:44:13","date_gmt":"2018-09-25T11:44:13","guid":{"rendered":"http:\/\/ebsv.edu.azores.gov.pt\/wordpress\/?page_id=17017"},"modified":"2018-09-25T11:44:13","modified_gmt":"2018-09-25T11:44:13","slug":"calendario-escolar-por-turmas","status":"publish","type":"page","link":"https:\/\/ebsv.edu.azores.gov.pt\/?page_id=17017","title":{"rendered":"Calend\u00e1rio Escolar por Turmas"},"content":{"rendered":"<p>Para cada turma pode visualizar o Calend\u00e1rio Escolar com a marca\u00e7\u00e3o de alguns dos diferentes momentos de avalia\u00e7\u00e3o realizados, bem como outros eventos importantes.<\/p>\n<ul>\n<li><a href=\"https:\/\/ebsv-dev.edu.azores.gov.pt\/wp-content\/uploads\/2018\/09\/5ano-1.pdf\">5\u00ba Ano<\/a><\/li>\n<li><a href=\"https:\/\/ebsv-dev.edu.azores.gov.pt\/wp-content\/uploads\/2018\/09\/6ano-1.pdf\">6\u00ba Ano<\/a><\/li>\n<li><a href=\"https:\/\/ebsv-dev.edu.azores.gov.pt\/wp-content\/uploads\/2018\/09\/7ano-1.pdf\">7\u00ba Ano<\/a><\/li>\n<li><a href=\"https:\/\/ebsv-dev.edu.azores.gov.pt\/wp-content\/uploads\/2018\/09\/8ano-1.pdf\">8\u00ba Ano<\/a><\/li>\n<li><a href=\"https:\/\/ebsv-dev.edu.azores.gov.pt\/wp-content\/uploads\/2018\/09\/9ano-1.pdf\">9\u00ba Ano<\/a><\/li>\n<li><a href=\"https:\/\/ebsv-dev.edu.azores.gov.pt\/wp-content\/uploads\/2018\/09\/10ano-1.pdf\">10\u00ba Ano<\/a><\/li>\n<li><a href=\"https:\/\/ebsv-dev.edu.azores.gov.pt\/wp-content\/uploads\/2018\/09\/11ano-1.pdf\">11\u00ba Ano<\/a><\/li>\n<li><a href=\"https:\/\/ebsv-dev.edu.azores.gov.pt\/wp-content\/uploads\/2018\/09\/12ano-1.pdf\">12\u00ba Ano<\/a><\/li>\n<li><a href=\"https:\/\/ebsv-dev.edu.azores.gov.pt\/wp-content\/uploads\/2018\/09\/OJ-1.pdf\">Operador de Jardinagem<\/a><\/li>\n<li><a href=\"https:\/\/ebsv-dev.edu.azores.gov.pt\/wp-content\/uploads\/2018\/09\/OI-1.pdf\">Operador de Inform\u00e1tica<\/a><\/li>\n<li><a href=\"https:\/\/ebsv-dev.edu.azores.gov.pt\/wp-content\/uploads\/2018\/09\/Info-Anim-Tur-1.pdf\">T\u00e9cnico de Informa\u00e7\u00e3o e Anima\u00e7\u00e3o Tur\u00edstica<\/a><\/li>\n<li><a href=\"https:\/\/ebsv-dev.edu.azores.gov.pt\/wp-content\/uploads\/2018\/09\/TD-1.pdf\">T\u00e9cnico de Desporto<\/a><\/li>\n<li><a href=\"https:\/\/ebsv-dev.edu.azores.gov.pt\/wp-content\/uploads\/2018\/09\/TC-1.pdf\">T\u00e9cnico Comercial<\/a><\/li>\n<\/ul>\n","protected":false},"excerpt":{"rendered":"<p>Para cada turma pode visualizar o Calend\u00e1rio Escolar com a marca\u00e7\u00e3o de alguns dos diferentes momentos de avalia\u00e7\u00e3o realizados, bem como outros eventos importantes. 5\u00ba Ano 6\u00ba Ano 7\u00ba Ano 8\u00ba Ano 9\u00ba Ano 10\u00ba Ano 11\u00ba Ano 12\u00ba Ano Operador de Jardinagem Operador de Inform\u00e1tica T\u00e9cnico de Informa\u00e7\u00e3o e Anima\u00e7\u00e3o Tur\u00edstica T\u00e9cnico de Desporto<\/p><\/div>\n<div class=\"blog-btn\"><a href=\"https:\/\/ebsv.edu.azores.gov.pt\/?page_id=17017\" class=\"home-blog-btn\">Ler mais<\/a><\/p>\n","protected":false},"author":3,"featured_media":0,"parent":0,"menu_order":0,"comment_status":"closed","ping_status":"closed","template":"","meta":{"_mi_skip_tracking":false,"_monsterinsights_sitenote_active":false,"_monsterinsights_sitenote_note":"","_monsterinsights_sitenote_category":0,"footnotes":""},"class_list":["post-17017","page","type-page","status-publish","hentry"],"acf":[],"_links":{"self":[{"href":"https:\/\/ebsv.edu.azores.gov.pt\/index.php?rest_route=\/wp\/v2\/pages\/17017","targetHints":{"allow":["GET"]}}],"collection":[{"href":"https:\/\/ebsv.edu.azores.gov.pt\/index.php?rest_route=\/wp\/v2\/pages"}],"about":[{"href":"https:\/\/ebsv.edu.azores.gov.pt\/index.php?rest_route=\/wp\/v2\/types\/page"}],"author":[{"embeddable":true,"href":"https:\/\/ebsv.edu.azores.gov.pt\/index.php?rest_route=\/wp\/v2\/users\/3"}],"replies":[{"embeddable":true,"href":"https:\/\/ebsv.edu.azores.gov.pt\/index.php?rest_route=%2Fwp%2Fv2%2Fcomments&post=17017"}],"version-history":[{"count":0,"href":"https:\/\/ebsv.edu.azores.gov.pt\/index.php?rest_route=\/wp\/v2\/pages\/17017\/revisions"}],"wp:attachment":[{"href":"https:\/\/ebsv.edu.azores.gov.pt\/index.php?rest_route=%2Fwp%2Fv2%2Fmedia&parent=17017"}],"curies":[{"name":"wp","href":"https:\/\/api.w.org\/{rel}","templated":true}]}}