{"id":17120,"date":"2018-09-28T09:01:55","date_gmt":"2018-09-28T09:01:55","guid":{"rendered":"http:\/\/ebsv.edu.azores.gov.pt\/wordpress\/?page_id=17120"},"modified":"2018-09-28T09:01:55","modified_gmt":"2018-09-28T09:01:55","slug":"documentos-de-conta-de-gerencia","status":"publish","type":"page","link":"https:\/\/ebsv.edu.azores.gov.pt\/?page_id=17120","title":{"rendered":"Documentos de Conta de Ger\u00eancia"},"content":{"rendered":"<ul>\n<li>\n<h2>Fundo Escolar<\/h2>\n<ul>\n<li><a href=\"https:\/\/ebsv-dev.edu.azores.gov.pt\/wp-content\/uploads\/2018\/04\/Info-gerenc-na-net_FE-1.pdf\">Informa\u00e7\u00e3o<\/a><\/li>\n<li><a href=\"https:\/\/ebsv-dev.edu.azores.gov.pt\/wp-content\/uploads\/2018\/04\/01_Balanco-Siag-1.pdf\">Balan\u00e7o Siag<\/a><\/li>\n<li><a href=\"https:\/\/ebsv-dev.edu.azores.gov.pt\/wp-content\/uploads\/2018\/04\/02_DR-Siag-1.pdf\">DR Siag<\/a><\/li>\n<li><a href=\"https:\/\/ebsv-dev.edu.azores.gov.pt\/wp-content\/uploads\/2018\/04\/03_CO-Despesa-Siag-1.pdf\">CO Despesa<\/a><\/li>\n<li><a href=\"https:\/\/ebsv-dev.edu.azores.gov.pt\/wp-content\/uploads\/2018\/04\/04_CO-Receita-Siag-1.pdf\">CO Receita<\/a><\/li>\n<li><a href=\"https:\/\/ebsv-dev.edu.azores.gov.pt\/wp-content\/uploads\/2018\/04\/05_Fluxos-de-caixa-Siag-1.pdf\"> Fluxos de caixa Siag<\/a><\/li>\n<li><a href=\"https:\/\/ebsv-dev.edu.azores.gov.pt\/wp-content\/uploads\/2018\/04\/17_18_Caract-entidade-e-notas-as-DF_FE-1.pdf\">Caracteriza\u00e7\u00e3o da entidade e notas as DF-FE<\/a><\/li>\n<li><a href=\"https:\/\/ebsv-dev.edu.azores.gov.pt\/wp-content\/uploads\/2018\/04\/33_Relat-de-Gestao-do-fundo-Escolar-2017-1.pdf\">Relat\u00f3rio de gest\u00e3o do fundo escolar 2017<\/a><\/li>\n<li><a href=\"https:\/\/ebsv-dev.edu.azores.gov.pt\/wp-content\/uploads\/2018\/04\/46_Ata-n4-Apreciacao-conta-de-gerencia-2017-1.pdf\">Ata da reuni\u00e3o de aprecia\u00e7\u00e3o das contas pelo \u00f3rg\u00e3o competente<\/a><\/li>\n<\/ul>\n<\/li>\n<li>\n<h2>Or\u00e7amento de Escola<\/h2>\n<ul>\n<li><a href=\"https:\/\/ebsv-dev.edu.azores.gov.pt\/wp-content\/uploads\/2018\/04\/Info-gerencias-na-net_OE-1.pdf\">Informa\u00e7\u00e3o ger\u00eancia OE<\/a><\/li>\n<li><a href=\"https:\/\/ebsv-dev.edu.azores.gov.pt\/wp-content\/uploads\/2018\/04\/01_Balanco-1.pdf\">Balan\u00e7o<\/a><\/li>\n<li><a href=\"https:\/\/ebsv-dev.edu.azores.gov.pt\/wp-content\/uploads\/2018\/04\/02_DR-1.pdf\">Demonstra\u00e7\u00e3o de resultados<\/a><\/li>\n<li><a href=\"https:\/\/ebsv-dev.edu.azores.gov.pt\/wp-content\/uploads\/2018\/04\/05_Fluxos-de-caixa-1.pdf\">Fluxos de caixa<\/a><\/li>\n<li><a href=\"https:\/\/ebsv-dev.edu.azores.gov.pt\/wp-content\/uploads\/2018\/04\/17_18_Caract-da-entidade-e-notas-as-DF-OE-1.pdf\">Caracteriza\u00e7\u00e3o da entidade e notas \u00e0s DF<\/a><\/li>\n<li><a href=\"https:\/\/ebsv-dev.edu.azores.gov.pt\/wp-content\/uploads\/2018\/04\/33_Relat-de-Gest-do-Orcamento-Corrente-2017-1.pdf\">Relat\u00f3rio de Gest\u00e3o do Or\u00e7amento Corrente 2017<\/a><\/li>\n<li><a href=\"https:\/\/ebsv-dev.edu.azores.gov.pt\/wp-content\/uploads\/2018\/04\/46-Ata-n_4_Apreciacao-conta-de-gerencia-2017-1.pdf\">Ata n\u00ba 4 &#8211; Aprecia\u00e7\u00e3o conta de ger\u00eancia 2017<\/a><\/li>\n<li><a href=\"https:\/\/ebsv-dev.edu.azores.gov.pt\/wp-content\/uploads\/2018\/04\/03_CO-Despesa-1.pdf\">CO despesa OE<\/a><\/li>\n<li><a href=\"https:\/\/ebsv-dev.edu.azores.gov.pt\/wp-content\/uploads\/2018\/04\/04_CO-Receita-1.pdf\">CO receita OE<\/a><\/li>\n<\/ul>\n<\/li>\n<\/ul>\n","protected":false},"excerpt":{"rendered":"<p>Fundo Escolar Informa\u00e7\u00e3o Balan\u00e7o Siag DR Siag CO Despesa CO Receita Fluxos de caixa Siag Caracteriza\u00e7\u00e3o da entidade e notas as DF-FE Relat\u00f3rio de gest\u00e3o do fundo escolar 2017 Ata da reuni\u00e3o de aprecia\u00e7\u00e3o das contas pelo \u00f3rg\u00e3o competente Or\u00e7amento de Escola Informa\u00e7\u00e3o ger\u00eancia OE Balan\u00e7o Demonstra\u00e7\u00e3o de resultados Fluxos de caixa Caracteriza\u00e7\u00e3o da entidade<\/p><\/div>\n<div class=\"blog-btn\"><a href=\"https:\/\/ebsv.edu.azores.gov.pt\/?page_id=17120\" class=\"home-blog-btn\">Ler mais<\/a><\/p>\n","protected":false},"author":3,"featured_media":0,"parent":0,"menu_order":0,"comment_status":"closed","ping_status":"closed","template":"","meta":{"_mi_skip_tracking":false,"_monsterinsights_sitenote_active":false,"_monsterinsights_sitenote_note":"","_monsterinsights_sitenote_category":0,"footnotes":""},"class_list":["post-17120","page","type-page","status-publish","hentry"],"acf":[],"_links":{"self":[{"href":"https:\/\/ebsv.edu.azores.gov.pt\/index.php?rest_route=\/wp\/v2\/pages\/17120","targetHints":{"allow":["GET"]}}],"collection":[{"href":"https:\/\/ebsv.edu.azores.gov.pt\/index.php?rest_route=\/wp\/v2\/pages"}],"about":[{"href":"https:\/\/ebsv.edu.azores.gov.pt\/index.php?rest_route=\/wp\/v2\/types\/page"}],"author":[{"embeddable":true,"href":"https:\/\/ebsv.edu.azores.gov.pt\/index.php?rest_route=\/wp\/v2\/users\/3"}],"replies":[{"embeddable":true,"href":"https:\/\/ebsv.edu.azores.gov.pt\/index.php?rest_route=%2Fwp%2Fv2%2Fcomments&post=17120"}],"version-history":[{"count":0,"href":"https:\/\/ebsv.edu.azores.gov.pt\/index.php?rest_route=\/wp\/v2\/pages\/17120\/revisions"}],"wp:attachment":[{"href":"https:\/\/ebsv.edu.azores.gov.pt\/index.php?rest_route=%2Fwp%2Fv2%2Fmedia&parent=17120"}],"curies":[{"name":"wp","href":"https:\/\/api.w.org\/{rel}","templated":true}]}}