{"id":17285,"date":"2022-10-13T11:16:31","date_gmt":"2022-10-13T12:16:31","guid":{"rendered":"http:\/\/ebsv.edu.azores.gov.pt\/wordpress\/?page_id=17285"},"modified":"2025-10-20T10:24:32","modified_gmt":"2025-10-20T10:24:32","slug":"criterios-de-avaliacao","status":"publish","type":"page","link":"https:\/\/ebsv.edu.azores.gov.pt\/?page_id=17285","title":{"rendered":"Crit\u00e9rios de Avalia\u00e7\u00e3o 2025\/2026"},"content":{"rendered":"<p style=\"text-align: center;\">Consulte abaixo os documentos orientadores de avalia\u00e7\u00e3o dos diferentes ciclos de ensino:<\/p>\n<h4><span style=\"color: #3366ff;\"><strong>\u00a0<\/strong><\/span><\/h4>\n<h4>\u00a0<\/h4>\n<p><strong><span style=\"color: #008080;\">Crit\u00e9rios Gerais<\/span><\/strong><\/p>\n<ul>\n<li><span style=\"color: #ff6600;\">Referencial de Avalia\u00e7\u00e3o<\/span><\/li>\n<\/ul>\n<p><a href=\"https:\/\/ebsv.edu.azores.gov.pt\/wp-content\/uploads\/2025\/10\/CA_EPE.pdf\"><strong><span style=\"color: #008080;\">EPE Crit\u00e9rios Espec\u00edficos<\/span><\/strong><\/a><\/p>\n<p><strong><span style=\"color: #008080;\"><a href=\"https:\/\/ebsv.edu.azores.gov.pt\/wp-content\/uploads\/2025\/10\/1CEB.pdf\">1 CEB Crit\u00e9rios Espec\u00edficos<\/a>\u00a0<\/span><\/strong><\/p>\n<p><strong><a href=\"https:\/\/ebsv.edu.azores.gov.pt\/wp-content\/uploads\/2025\/10\/CFN.pdf\">CI\u00caNCIAS FISICAS E NATURAIS Crit\u00e9rios Espec\u00edficos<\/a><\/strong><\/p>\n<p><strong><a href=\"https:\/\/ebsv.edu.azores.gov.pt\/wp-content\/uploads\/2025\/10\/CSH.pdf\">CI\u00caNCIAS SOCIAIS E HUMANAS Crit\u00e9rios Espec\u00edficos<\/a><\/strong><\/p>\n<p><a href=\"https:\/\/ebsv.edu.azores.gov.pt\/wp-content\/uploads\/2025\/10\/EFAT.pdf\"><strong>EDUCA\u00c7\u00c3O F\u00cdSICA, ART\u00cdSTICA E TECNOL\u00d3GICA Crit\u00e9rios Espec\u00edficos<\/strong><\/a><\/p>\n<p><a href=\"https:\/\/ebsv.edu.azores.gov.pt\/wp-content\/uploads\/2025\/10\/EMPREENDEDORISMO.pdf\"><strong>EMPREENDEDORISMO Crit\u00e9rios Espec\u00edficos<\/strong><\/a><\/p>\n<p><a href=\"https:\/\/ebsv.edu.azores.gov.pt\/wp-content\/uploads\/2025\/10\/ENSINO-ARTISTICO.pdf\"><strong>ENSINO ART\u00cdSTICO Crit\u00e9rios Espec\u00edficos<\/strong><\/a><\/p>\n<p><a href=\"https:\/\/ebsv.edu.azores.gov.pt\/wp-content\/uploads\/2025\/10\/LE.pdf\"><strong>L\u00cdNGUAS ESTRANGEIRAS Crit\u00e9rios Espec\u00edficos<\/strong><\/a><\/p>\n<p><a href=\"https:\/\/ebsv.edu.azores.gov.pt\/wp-content\/uploads\/2025\/10\/MAT-NT.pdf\"><strong>MATEM\u00c1TICA E NOVAS E TECNOLOGIAS Crit\u00e9rios Espec\u00edficos<\/strong><\/a><\/p>\n<p><a href=\"https:\/\/ebsv.edu.azores.gov.pt\/wp-content\/uploads\/2025\/10\/PEEF.pdf\"><strong>PEEF Crit\u00e9rios Espec\u00edficos<\/strong><\/a><\/p>\n<p><a href=\"https:\/\/ebsv.edu.azores.gov.pt\/wp-content\/uploads\/2025\/10\/PORT.pdf\"><strong>PORTUGU\u00caS<\/strong> <strong>Crit\u00e9rios Espec\u00edficos<\/strong><\/a><\/p>\n<p><a href=\"https:\/\/ebsv.edu.azores.gov.pt\/wp-content\/uploads\/2025\/10\/PROFIJ-II_1o_OJ.pdf\"><strong>PROFIJ II 1\u00ba_OJ Crit\u00e9rios Espec\u00edficos<\/strong><\/a><\/p>\n<p><a href=\"https:\/\/ebsv.edu.azores.gov.pt\/wp-content\/uploads\/2025\/10\/PROFIJ-II_2o_OJ.pdf\"><strong>PROFIJ II 2\u00ba_OJ Crit\u00e9rios Espec\u00edficos<\/strong><\/a><\/p>\n<p><a href=\"https:\/\/ebsv.edu.azores.gov.pt\/wp-content\/uploads\/2025\/10\/PROFIJ-IV_3o_TD.pdf\"><strong>PROFIJ IV 3\u00ba_TD Crit\u00e9rios Espec\u00edficos<\/strong><\/a><\/p>\n<p>\u00a0<\/p>\n<p>\u00a0<\/p>\n<p>\u00a0<\/p>\n<p>\u00a0<\/p>\n<p>\u00a0<\/p>\n\n\n<p><\/p>\n","protected":false},"excerpt":{"rendered":"<p>Consulte abaixo os documentos orientadores de avalia\u00e7\u00e3o dos diferentes ciclos de ensino: \u00a0 \u00a0 Crit\u00e9rios Gerais Referencial de Avalia\u00e7\u00e3o EPE Crit\u00e9rios Espec\u00edficos 1 CEB Crit\u00e9rios Espec\u00edficos\u00a0 CI\u00caNCIAS FISICAS E NATURAIS Crit\u00e9rios Espec\u00edficos CI\u00caNCIAS SOCIAIS E HUMANAS Crit\u00e9rios Espec\u00edficos EDUCA\u00c7\u00c3O F\u00cdSICA, ART\u00cdSTICA E TECNOL\u00d3GICA Crit\u00e9rios Espec\u00edficos EMPREENDEDORISMO Crit\u00e9rios Espec\u00edficos ENSINO ART\u00cdSTICO Crit\u00e9rios Espec\u00edficos L\u00cdNGUAS ESTRANGEIRAS Crit\u00e9rios<\/p><\/div>\n<div class=\"blog-btn\"><a href=\"https:\/\/ebsv.edu.azores.gov.pt\/?page_id=17285\" class=\"home-blog-btn\">Ler mais<\/a><\/p>\n","protected":false},"author":3,"featured_media":0,"parent":0,"menu_order":0,"comment_status":"closed","ping_status":"closed","template":"","meta":{"_mi_skip_tracking":false,"_monsterinsights_sitenote_active":false,"_monsterinsights_sitenote_note":"","_monsterinsights_sitenote_category":0,"footnotes":""},"class_list":["post-17285","page","type-page","status-publish","hentry"],"acf":[],"_links":{"self":[{"href":"https:\/\/ebsv.edu.azores.gov.pt\/index.php?rest_route=\/wp\/v2\/pages\/17285","targetHints":{"allow":["GET"]}}],"collection":[{"href":"https:\/\/ebsv.edu.azores.gov.pt\/index.php?rest_route=\/wp\/v2\/pages"}],"about":[{"href":"https:\/\/ebsv.edu.azores.gov.pt\/index.php?rest_route=\/wp\/v2\/types\/page"}],"author":[{"embeddable":true,"href":"https:\/\/ebsv.edu.azores.gov.pt\/index.php?rest_route=\/wp\/v2\/users\/3"}],"replies":[{"embeddable":true,"href":"https:\/\/ebsv.edu.azores.gov.pt\/index.php?rest_route=%2Fwp%2Fv2%2Fcomments&post=17285"}],"version-history":[{"count":2,"href":"https:\/\/ebsv.edu.azores.gov.pt\/index.php?rest_route=\/wp\/v2\/pages\/17285\/revisions"}],"predecessor-version":[{"id":31305,"href":"https:\/\/ebsv.edu.azores.gov.pt\/index.php?rest_route=\/wp\/v2\/pages\/17285\/revisions\/31305"}],"wp:attachment":[{"href":"https:\/\/ebsv.edu.azores.gov.pt\/index.php?rest_route=%2Fwp%2Fv2%2Fmedia&parent=17285"}],"curies":[{"name":"wp","href":"https:\/\/api.w.org\/{rel}","templated":true}]}}