{"id":17406,"date":"2022-11-30T11:49:48","date_gmt":"2022-11-30T12:49:48","guid":{"rendered":"http:\/\/ebsv.edu.azores.gov.pt\/wordpress\/?page_id=17406"},"modified":"2022-11-30T11:49:48","modified_gmt":"2022-11-30T12:49:48","slug":"acao-social-escolar-ase","status":"publish","type":"page","link":"https:\/\/ebsv.edu.azores.gov.pt\/?page_id=17406","title":{"rendered":"A\u00e7\u00e3o Social Escolar (ASE)"},"content":{"rendered":"<ul>\n<li><a href=\"https:\/\/ebsv-dev.edu.azores.gov.pt\/wp-content\/uploads\/2025\/01\/NOVO-RI-ASE-2024-2027-1.pdf\">Regimento Interno A\u00e7\u00e3o Social 2024- 2027<\/a><\/li>\n<\/ul>\n\n<ul>\n<li><a href=\"https:\/\/ebsv-dev.edu.azores.gov.pt\/wp-content\/uploads\/2023\/03\/Boletim-de-Inscricao-ASE_-1.docx\">Boletim de Inscri\u00e7\u00e3o ASE<\/a><\/li>\n<\/ul>\n\n\n\n<ul>\n<li class=\"has-medium-font-size\"><a href=\"https:\/\/ebsv-dev.edu.azores.gov.pt\/wp-content\/uploads\/2023\/03\/INF-CANDIDATURA-AUXILIOS-ECONOMICOS-1.pdf\">Informa\u00e7\u00e3o Candidatura Aux\u00edlios Econ\u00f3micos<\/a><\/li>\n<\/ul>\n","protected":false},"excerpt":{"rendered":"<p>Regimento Interno A\u00e7\u00e3o Social 2024- 2027 Boletim de Inscri\u00e7\u00e3o ASE Informa\u00e7\u00e3o Candidatura Aux\u00edlios Econ\u00f3micos<\/p>\n","protected":false},"author":3,"featured_media":0,"parent":0,"menu_order":0,"comment_status":"closed","ping_status":"closed","template":"","meta":{"_mi_skip_tracking":false,"_monsterinsights_sitenote_active":false,"_monsterinsights_sitenote_note":"","_monsterinsights_sitenote_category":0,"footnotes":""},"class_list":["post-17406","page","type-page","status-publish","hentry"],"acf":[],"_links":{"self":[{"href":"https:\/\/ebsv.edu.azores.gov.pt\/index.php?rest_route=\/wp\/v2\/pages\/17406","targetHints":{"allow":["GET"]}}],"collection":[{"href":"https:\/\/ebsv.edu.azores.gov.pt\/index.php?rest_route=\/wp\/v2\/pages"}],"about":[{"href":"https:\/\/ebsv.edu.azores.gov.pt\/index.php?rest_route=\/wp\/v2\/types\/page"}],"author":[{"embeddable":true,"href":"https:\/\/ebsv.edu.azores.gov.pt\/index.php?rest_route=\/wp\/v2\/users\/3"}],"replies":[{"embeddable":true,"href":"https:\/\/ebsv.edu.azores.gov.pt\/index.php?rest_route=%2Fwp%2Fv2%2Fcomments&post=17406"}],"version-history":[{"count":0,"href":"https:\/\/ebsv.edu.azores.gov.pt\/index.php?rest_route=\/wp\/v2\/pages\/17406\/revisions"}],"wp:attachment":[{"href":"https:\/\/ebsv.edu.azores.gov.pt\/index.php?rest_route=%2Fwp%2Fv2%2Fmedia&parent=17406"}],"curies":[{"name":"wp","href":"https:\/\/api.w.org\/{rel}","templated":true}]}}