{"id":18613,"date":"2025-01-06T10:50:09","date_gmt":"2025-01-06T10:50:09","guid":{"rendered":"http:\/\/ebsv.edu.azores.gov.pt\/wordpress\/?page_id=18613"},"modified":"2026-03-24T12:03:21","modified_gmt":"2026-03-24T12:03:21","slug":"provas-de-avaliacao-externa","status":"publish","type":"page","link":"https:\/\/ebsv.edu.azores.gov.pt\/?page_id=18613","title":{"rendered":"Calend\u00e1rio de Exames"},"content":{"rendered":"\n<h2 class=\"wp-block-heading\">2026<\/h2>\n\n\n\n<p><a href=\"https:\/\/ebsv.edu.azores.gov.pt\/wp-content\/uploads\/2025\/12\/HORARIO-ADAPTADO-A-RAA.-Calendario-Provas-e-Exames-Despacho-n.o-14616-A_2025-1.pdf\" target=\"_blank\" rel=\"noreferrer noopener\">HORARIO-ADAPTADO-A-RAA.-Calendario-Provas-e-Exames-Despacho-n.o-14616-A_2025-1<\/a><\/p>\n\n\n\n<p><a href=\"https:\/\/ebsv.edu.azores.gov.pt\/wp-content\/uploads\/2025\/12\/Calendario-Exames-2025-2026.pdf\" target=\"_blank\" rel=\"noreferrer noopener\">Calend\u00e1rio Exames 2025-2026<\/a><\/p>\n\n\n\n<p><a href=\"https:\/\/ebsv.edu.azores.gov.pt\/wp-content\/uploads\/2025\/12\/Despacho-n-14616-A-2025.pdf\" target=\"_blank\" rel=\"noreferrer noopener\">Despacho N.\u00ba 14616-A\/2025 Calend\u00e1rio Exames<\/a><\/p>\n\n\n\n<details class=\"wp-block-details is-layout-flow wp-block-details-is-layout-flow\"><summary><strong>2025<\/strong><\/summary>\n<ul class=\"wp-block-list\">\n<li><a href=\"https:\/\/ebsv-dev.edu.azores.gov.pt\/wp-content\/uploads\/2023\/06\/PFC-2o-CICLO-1.pdf\">Calend\u00e1rio Provas de Equival\u00eancia \u00e0 Frequ\u00eancia 2023 6\u00ba Ano<\/a><\/li>\n\n\n\n<li><a style=\"font-size: revert;\" href=\"https:\/\/ebsv-dev.edu.azores.gov.pt\/wp-content\/uploads\/2023\/06\/PFC-1.pdf\">Calend\u00e1rio Provas de Equival\u00eancia \u00e0 Frequ\u00eancia 2023<\/a><\/li>\n\n\n\n<li><a href=\"https:\/\/ebsv-dev.edu.azores.gov.pt\/wp-content\/uploads\/2023\/02\/calendario2023_EFNs-1.pdf\">Calend\u00e1rio dos Exames Finais Nacionais do Ensino Secund\u00e1rio 2023<\/a><\/li>\n\n\n\n<li><a href=\"https:\/\/ebsv-dev.edu.azores.gov.pt\/wp-content\/uploads\/2023\/06\/calendario2023_PAs_ATNOVO-1.pdf\">Calend\u00e1rio das Provas de Aferi\u00e7\u00e3o 2023 <\/a><\/li>\n\n\n\n<li><a href=\"https:\/\/ebsv-dev.edu.azores.gov.pt\/wp-content\/uploads\/2023\/03\/CALENDARIO2023_PROVAS_FINAIS_CICLO-1.pdf\">Calend\u00e1rio das Provas Finais de Ciclo 2023<\/a><\/li>\n\n\n\n<li><a href=\"https:\/\/ebsv-dev.edu.azores.gov.pt\/wp-content\/uploads\/2023\/03\/CALENDARIO2023_PROVAS-EQUIVALENCIA-FREQUENCIA-ENSINO-BASICO-1.pdf\">Calend\u00e1rio Provas de Equival\u00eancia Frequ\u00eancia Ensino B\u00e1sico 2023<\/a><\/li>\n\n\n\n<li><a href=\"https:\/\/ebsv-dev.edu.azores.gov.pt\/wp-content\/uploads\/2023\/03\/Despacho-n-3232-B_2023-Altera-Despacho-n-8356_2022-de-8-julho-1.pdf\">Despacho n.\u00ba 3232-B\/2023<\/a><\/li>\n<\/ul>\n<\/details>\n\n\n\n<details class=\"wp-block-details is-layout-flow wp-block-details-is-layout-flow\"><summary><strong>2022<\/strong><\/summary>\n<ul class=\"wp-block-list\">\n<li><a href=\"https:\/\/ebsv-dev.edu.azores.gov.pt\/wp-content\/uploads\/2022\/02\/ENSINO-SECUNDARIO-EXAMES-2022-1.pdf\">Ensino Secund\u00e1rio Exames 2022<\/a><\/li>\n\n\n\n<li><a href=\"https:\/\/ebsv-dev.edu.azores.gov.pt\/wp-content\/uploads\/2022\/02\/PROVAS-DE-AFERICAO-2022-1.pdf\">Provas de Aferi\u00e7\u00e3o 2022<\/a><\/li>\n\n\n\n<li><a href=\"https:\/\/ebsv-dev.edu.azores.gov.pt\/wp-content\/uploads\/2022\/02\/PROVAS-DE-AFERICAO-PROVAS-FINAIS-EXAMES-NACIONAIS-2022-1.pdf\">Provas de Aferi\u00e7\u00e3o &#8211; Provas Finais Exames Nacionais 2022<\/a><\/li>\n\n\n\n<li><a href=\"https:\/\/ebsv-dev.edu.azores.gov.pt\/wp-content\/uploads\/2022\/04\/PROVAS-EQUIVALENCIA-FREQUENCIA-ENSINO-BASICO-2022-1.pdf\">Provas de Equival\u00eancia de Frequ\u00eancia Ensino B\u00e1sico<\/a><\/li>\n\n\n\n<li><a href=\"https:\/\/ebsv-dev.edu.azores.gov.pt\/wp-content\/uploads\/2022\/02\/PROVAS-FINAIS-3-CICLO-2022-1.pdf\">Provas Finais 3\u00ba Ciclo<\/a><\/li>\n<\/ul>\n<\/details>\n\n\n\n<p><\/p>\n\n\n\n<p><\/p>\n\n\n\n<p><\/p>\n","protected":false},"excerpt":{"rendered":"<p>2026 HORARIO-ADAPTADO-A-RAA.-Calendario-Provas-e-Exames-Despacho-n.o-14616-A_2025-1 Calend\u00e1rio Exames 2025-2026 Despacho N.\u00ba 14616-A\/2025 Calend\u00e1rio Exames<\/p>\n","protected":false},"author":3,"featured_media":0,"parent":0,"menu_order":0,"comment_status":"closed","ping_status":"closed","template":"","meta":{"_mi_skip_tracking":false,"_monsterinsights_sitenote_active":false,"_monsterinsights_sitenote_note":"","_monsterinsights_sitenote_category":0,"footnotes":""},"class_list":["post-18613","page","type-page","status-publish","hentry"],"acf":[],"_links":{"self":[{"href":"https:\/\/ebsv.edu.azores.gov.pt\/index.php?rest_route=\/wp\/v2\/pages\/18613","targetHints":{"allow":["GET"]}}],"collection":[{"href":"https:\/\/ebsv.edu.azores.gov.pt\/index.php?rest_route=\/wp\/v2\/pages"}],"about":[{"href":"https:\/\/ebsv.edu.azores.gov.pt\/index.php?rest_route=\/wp\/v2\/types\/page"}],"author":[{"embeddable":true,"href":"https:\/\/ebsv.edu.azores.gov.pt\/index.php?rest_route=\/wp\/v2\/users\/3"}],"replies":[{"embeddable":true,"href":"https:\/\/ebsv.edu.azores.gov.pt\/index.php?rest_route=%2Fwp%2Fv2%2Fcomments&post=18613"}],"version-history":[{"count":5,"href":"https:\/\/ebsv.edu.azores.gov.pt\/index.php?rest_route=\/wp\/v2\/pages\/18613\/revisions"}],"predecessor-version":[{"id":31616,"href":"https:\/\/ebsv.edu.azores.gov.pt\/index.php?rest_route=\/wp\/v2\/pages\/18613\/revisions\/31616"}],"wp:attachment":[{"href":"https:\/\/ebsv.edu.azores.gov.pt\/index.php?rest_route=%2Fwp%2Fv2%2Fmedia&parent=18613"}],"curies":[{"name":"wp","href":"https:\/\/api.w.org\/{rel}","templated":true}]}}