{"id":18957,"date":"2020-01-14T17:03:39","date_gmt":"2020-01-14T17:03:39","guid":{"rendered":"http:\/\/ebsv.edu.azores.gov.pt\/wordpress\/?page_id=18957"},"modified":"2026-03-10T12:26:59","modified_gmt":"2026-03-10T12:26:59","slug":"clube-de-programacao-e-robotica-3","status":"publish","type":"page","link":"https:\/\/ebsv.edu.azores.gov.pt\/?page_id=18957","title":{"rendered":"Clube de Programa\u00e7\u00e3o e Rob\u00f3tica"},"content":{"rendered":"<p><img loading=\"lazy\" decoding=\"async\" class=\"alignnone size-medium wp-image-31607 aligncenter\" src=\"https:\/\/ebsv.edu.azores.gov.pt\/wp-content\/uploads\/2026\/03\/logo_orig-201x300.jpg\" alt=\"\" width=\"201\" height=\"300\" srcset=\"https:\/\/ebsv.edu.azores.gov.pt\/wp-content\/uploads\/2026\/03\/logo_orig-201x300.jpg 201w, https:\/\/ebsv.edu.azores.gov.pt\/wp-content\/uploads\/2026\/03\/logo_orig.jpg 217w\" sizes=\"auto, (max-width: 201px) 100vw, 201px\" \/><\/p>\n<p style=\"text-align: center;\"><a href=\"https:\/\/roboticaebsvelas.weebly.com\/\">Entrar Site<\/a><\/p>\n\n\n<p><\/p>\n","protected":false},"excerpt":{"rendered":"<p>Entrar Site<\/p>\n","protected":false},"author":3,"featured_media":0,"parent":0,"menu_order":0,"comment_status":"closed","ping_status":"closed","template":"","meta":{"_mi_skip_tracking":false,"_monsterinsights_sitenote_active":false,"_monsterinsights_sitenote_note":"","_monsterinsights_sitenote_category":0,"footnotes":""},"class_list":["post-18957","page","type-page","status-publish","hentry"],"acf":[],"_links":{"self":[{"href":"https:\/\/ebsv.edu.azores.gov.pt\/index.php?rest_route=\/wp\/v2\/pages\/18957","targetHints":{"allow":["GET"]}}],"collection":[{"href":"https:\/\/ebsv.edu.azores.gov.pt\/index.php?rest_route=\/wp\/v2\/pages"}],"about":[{"href":"https:\/\/ebsv.edu.azores.gov.pt\/index.php?rest_route=\/wp\/v2\/types\/page"}],"author":[{"embeddable":true,"href":"https:\/\/ebsv.edu.azores.gov.pt\/index.php?rest_route=\/wp\/v2\/users\/3"}],"replies":[{"embeddable":true,"href":"https:\/\/ebsv.edu.azores.gov.pt\/index.php?rest_route=%2Fwp%2Fv2%2Fcomments&post=18957"}],"version-history":[{"count":2,"href":"https:\/\/ebsv.edu.azores.gov.pt\/index.php?rest_route=\/wp\/v2\/pages\/18957\/revisions"}],"predecessor-version":[{"id":31608,"href":"https:\/\/ebsv.edu.azores.gov.pt\/index.php?rest_route=\/wp\/v2\/pages\/18957\/revisions\/31608"}],"wp:attachment":[{"href":"https:\/\/ebsv.edu.azores.gov.pt\/index.php?rest_route=%2Fwp%2Fv2%2Fmedia&parent=18957"}],"curies":[{"name":"wp","href":"https:\/\/api.w.org\/{rel}","templated":true}]}}