{"id":19210,"date":"2020-03-17T16:54:51","date_gmt":"2020-03-17T16:54:51","guid":{"rendered":"http:\/\/ebsv.edu.azores.gov.pt\/wordpress\/?page_id=19210"},"modified":"2020-03-17T16:54:51","modified_gmt":"2020-03-17T16:54:51","slug":"exames-e-provas-de-equivalencia-a-frequencia-do-ensino-secundario","status":"publish","type":"page","link":"https:\/\/ebsv.edu.azores.gov.pt\/?page_id=19210","title":{"rendered":"Exames e Provas de Equival\u00eancia \u00e0 Frequ\u00eancia do Ensino Secund\u00e1rio"},"content":{"rendered":"<p><a href=\"https:\/\/ebsv-dev.edu.azores.gov.pt\/wp-content\/uploads\/2020\/03\/Instrucoes-Preenchimento-Boletim-Editavel-Inscricoes-Secundario-1.pdf\">Instru\u00e7\u00f5es de Preenchimento do Boletim de Inscri\u00e7\u00e3o edit\u00e1vel do Ensino Secund\u00e1rio<\/a><\/p>\n<p><a href=\"https:\/\/ebsv-dev.edu.azores.gov.pt\/wp-content\/uploads\/2020\/03\/BoletimEditavelSecundario-1.pdf\">Boletim Edit\u00e1vel &#8211; Exames e Provas do Ensino Secund\u00e1rio<\/a><\/p>\n<p><a href=\"https:\/\/ebsv-dev.edu.azores.gov.pt\/wp-content\/uploads\/2020\/04\/27Normas-1.pdf\">Lista de C\u00f3digos &#8211; Exames Nacionais, Provas de Equival\u00eancia \u00e0 Frequ\u00eancia, Provas de Ingresso e Cursos do Ensino Secund\u00e1rio<\/a><\/p>\n<p><a href=\"https:\/\/ebsv-dev.edu.azores.gov.pt\/wp-content\/uploads\/2020\/03\/Tabela-Cursos-ES-1.pdf\">Tabela C &#8211;\u00a0 Cursos de Ensino Secund\u00e1rio<\/a><\/p>\n<p>&nbsp;<\/p>\n","protected":false},"excerpt":{"rendered":"<p>Instru\u00e7\u00f5es de Preenchimento do Boletim de Inscri\u00e7\u00e3o edit\u00e1vel do Ensino Secund\u00e1rio Boletim Edit\u00e1vel &#8211; Exames e Provas do Ensino Secund\u00e1rio Lista de C\u00f3digos &#8211; Exames Nacionais, Provas de Equival\u00eancia \u00e0 Frequ\u00eancia, Provas de Ingresso e Cursos do Ensino Secund\u00e1rio Tabela C &#8211;\u00a0 Cursos de Ensino Secund\u00e1rio &nbsp;<\/p>\n","protected":false},"author":3,"featured_media":0,"parent":0,"menu_order":0,"comment_status":"closed","ping_status":"closed","template":"","meta":{"_mi_skip_tracking":false,"_monsterinsights_sitenote_active":false,"_monsterinsights_sitenote_note":"","_monsterinsights_sitenote_category":0,"footnotes":""},"class_list":["post-19210","page","type-page","status-publish","hentry"],"acf":[],"_links":{"self":[{"href":"https:\/\/ebsv.edu.azores.gov.pt\/index.php?rest_route=\/wp\/v2\/pages\/19210","targetHints":{"allow":["GET"]}}],"collection":[{"href":"https:\/\/ebsv.edu.azores.gov.pt\/index.php?rest_route=\/wp\/v2\/pages"}],"about":[{"href":"https:\/\/ebsv.edu.azores.gov.pt\/index.php?rest_route=\/wp\/v2\/types\/page"}],"author":[{"embeddable":true,"href":"https:\/\/ebsv.edu.azores.gov.pt\/index.php?rest_route=\/wp\/v2\/users\/3"}],"replies":[{"embeddable":true,"href":"https:\/\/ebsv.edu.azores.gov.pt\/index.php?rest_route=%2Fwp%2Fv2%2Fcomments&post=19210"}],"version-history":[{"count":0,"href":"https:\/\/ebsv.edu.azores.gov.pt\/index.php?rest_route=\/wp\/v2\/pages\/19210\/revisions"}],"wp:attachment":[{"href":"https:\/\/ebsv.edu.azores.gov.pt\/index.php?rest_route=%2Fwp%2Fv2%2Fmedia&parent=19210"}],"curies":[{"name":"wp","href":"https:\/\/api.w.org\/{rel}","templated":true}]}}