{"id":19456,"date":"2020-04-30T13:05:53","date_gmt":"2020-04-30T13:05:53","guid":{"rendered":"http:\/\/ebsv.edu.azores.gov.pt\/wordpress\/?page_id=19456"},"modified":"2020-04-30T13:05:53","modified_gmt":"2020-04-30T13:05:53","slug":"orientacoes-para-o-processo-de-inscricao-nas-provas-e-exames-do-ensino-secundario","status":"publish","type":"page","link":"https:\/\/ebsv.edu.azores.gov.pt\/?page_id=19456","title":{"rendered":"Orienta\u00e7\u00f5es para o processo de inscri\u00e7\u00e3o nas provas e exames do Ensino Secund\u00e1rio"},"content":{"rendered":"<h5><a href=\"https:\/\/ebsv-dev.edu.azores.gov.pt\/wp-content\/uploads\/2020\/04\/Comunicacaon-5-1.pdf\">Comunica\u00e7\u00e3o Oficial<\/a><\/h5>\n<h6><strong>Orienta\u00e7\u00f5es para as altera\u00e7\u00f5es introduzidas pelo Decreto-Lei n\u00ba 14-G\/2020 de 13 de abril<\/strong><\/h6>\n<p><strong>\u00a0<\/strong><\/p>\n<p style=\"padding-left: 30px\">At\u00e9\u00a0<u>11 de maio de 2020<\/u>\u00a0(cf n\u00ba 6 do artigo 14\u00ba do Decreto-Lei n\u00ba 14-G\/2020 de 13 de abril), os alunos\u00a0<u>t\u00eam de alterar<\/u>, sempre que necess\u00e1rio, a inscri\u00e7\u00e3o para os exames finais nacionais que j\u00e1 tenha sido efetuada, com vista \u00e0 adapta\u00e7\u00e3o da inscri\u00e7\u00e3o \u00e0s suas op\u00e7\u00f5es, exercidas nos termos do disposto do m\u00ba 3 do artigo 8\u00ba do normativo supracitado.<\/p>\n<p>&nbsp;<\/p>\n","protected":false},"excerpt":{"rendered":"<p>Comunica\u00e7\u00e3o Oficial Orienta\u00e7\u00f5es para as altera\u00e7\u00f5es introduzidas pelo Decreto-Lei n\u00ba 14-G\/2020 de 13 de abril \u00a0 At\u00e9\u00a011 de maio de 2020\u00a0(cf n\u00ba 6 do artigo 14\u00ba do Decreto-Lei n\u00ba 14-G\/2020 de 13 de abril), os alunos\u00a0t\u00eam de alterar, sempre que necess\u00e1rio, a inscri\u00e7\u00e3o para os exames finais nacionais que j\u00e1 tenha sido efetuada, com vista<\/p><\/div>\n<div class=\"blog-btn\"><a href=\"https:\/\/ebsv.edu.azores.gov.pt\/?page_id=19456\" class=\"home-blog-btn\">Ler mais<\/a><\/p>\n","protected":false},"author":3,"featured_media":0,"parent":0,"menu_order":0,"comment_status":"closed","ping_status":"closed","template":"","meta":{"_mi_skip_tracking":false,"_monsterinsights_sitenote_active":false,"_monsterinsights_sitenote_note":"","_monsterinsights_sitenote_category":0,"footnotes":""},"class_list":["post-19456","page","type-page","status-publish","hentry"],"acf":[],"_links":{"self":[{"href":"https:\/\/ebsv.edu.azores.gov.pt\/index.php?rest_route=\/wp\/v2\/pages\/19456","targetHints":{"allow":["GET"]}}],"collection":[{"href":"https:\/\/ebsv.edu.azores.gov.pt\/index.php?rest_route=\/wp\/v2\/pages"}],"about":[{"href":"https:\/\/ebsv.edu.azores.gov.pt\/index.php?rest_route=\/wp\/v2\/types\/page"}],"author":[{"embeddable":true,"href":"https:\/\/ebsv.edu.azores.gov.pt\/index.php?rest_route=\/wp\/v2\/users\/3"}],"replies":[{"embeddable":true,"href":"https:\/\/ebsv.edu.azores.gov.pt\/index.php?rest_route=%2Fwp%2Fv2%2Fcomments&post=19456"}],"version-history":[{"count":0,"href":"https:\/\/ebsv.edu.azores.gov.pt\/index.php?rest_route=\/wp\/v2\/pages\/19456\/revisions"}],"wp:attachment":[{"href":"https:\/\/ebsv.edu.azores.gov.pt\/index.php?rest_route=%2Fwp%2Fv2%2Fmedia&parent=19456"}],"curies":[{"name":"wp","href":"https:\/\/api.w.org\/{rel}","templated":true}]}}