{"id":19609,"date":"2020-06-03T14:33:52","date_gmt":"2020-06-03T14:33:52","guid":{"rendered":"http:\/\/ebsv.edu.azores.gov.pt\/wordpress\/?page_id=19609"},"modified":"2020-06-03T14:33:52","modified_gmt":"2020-06-03T14:33:52","slug":"matriculas-2020-2021","status":"publish","type":"page","link":"https:\/\/ebsv.edu.azores.gov.pt\/?page_id=19609","title":{"rendered":"Matr\u00edculas 2020 \/ 2021"},"content":{"rendered":"<h5>Aviso de matr\u00edculas Ensino Pr\u00e9-escolar e 1\u00ba ano (1\u00aa vez)\u00a0 &#8211; 2020\/21, documento orientador,\u00a0<a href=\"https:\/\/ebsv-dev.edu.azores.gov.pt\/wp-content\/uploads\/2020\/05\/AVISOMATRICULASEPE1ANO-1.pdf\">clique aqui<\/a><\/h5>\n<p>&nbsp;<\/p>\n<h6>\u00b7\u00a0\u00a0\u00a0\u00a0\u00a0\u00a0\u00a0\u00a0 Boletim de matr\u00edcula ensino pr\u00e9-escolar e 1\u00ba ano (1\u00aa vez)\u00a0, <a href=\"https:\/\/ebsv-dev.edu.azores.gov.pt\/wp-content\/uploads\/2020\/05\/NOVOBoletimMatricula-1.docx\">clique aqui<\/a><\/h6>\n<h6>\u00b7\u00a0\u00a0\u00a0\u00a0\u00a0\u00a0\u00a0\u00a0 Requerimento de inscri\u00e7\u00e3o &#8211; ensino pr\u00e9-escolar e 1\u00ba ano (1\u00aa vez)\u00a0, <a href=\"https:\/\/ebsv-dev.edu.azores.gov.pt\/wp-content\/uploads\/2020\/05\/ANEXO2REQUERIMENTOINSCRICAO-1.docx\">clique aqui<\/a><\/h6>\n<p>&nbsp;<\/p>\n<h5><strong>Aviso matriculas e renova\u00e7\u00e3o de matr\u00edculas do 5\u00ba ao 12\u00ba ano incluindo cursos PROFIJ, <a href=\"https:\/\/ebsv-dev.edu.azores.gov.pt\/wp-content\/uploads\/2020\/05\/Avisomatriculaserenovacaodematriculas-1.pdf\">clique aqui<\/a><\/strong><\/h5>\n","protected":false},"excerpt":{"rendered":"<p>Aviso de matr\u00edculas Ensino Pr\u00e9-escolar e 1\u00ba ano (1\u00aa vez)\u00a0 &#8211; 2020\/21, documento orientador,\u00a0clique aqui &nbsp; \u00b7\u00a0\u00a0\u00a0\u00a0\u00a0\u00a0\u00a0\u00a0 Boletim de matr\u00edcula ensino pr\u00e9-escolar e 1\u00ba ano (1\u00aa vez)\u00a0, clique aqui \u00b7\u00a0\u00a0\u00a0\u00a0\u00a0\u00a0\u00a0\u00a0 Requerimento de inscri\u00e7\u00e3o &#8211; ensino pr\u00e9-escolar e 1\u00ba ano (1\u00aa vez)\u00a0, clique aqui &nbsp; Aviso matriculas e renova\u00e7\u00e3o de matr\u00edculas do 5\u00ba ao 12\u00ba ano<\/p><\/div>\n<div class=\"blog-btn\"><a href=\"https:\/\/ebsv.edu.azores.gov.pt\/?page_id=19609\" class=\"home-blog-btn\">Ler mais<\/a><\/p>\n","protected":false},"author":3,"featured_media":0,"parent":0,"menu_order":0,"comment_status":"closed","ping_status":"closed","template":"","meta":{"_mi_skip_tracking":false,"_monsterinsights_sitenote_active":false,"_monsterinsights_sitenote_note":"","_monsterinsights_sitenote_category":0,"footnotes":""},"class_list":["post-19609","page","type-page","status-publish","hentry"],"acf":[],"_links":{"self":[{"href":"https:\/\/ebsv.edu.azores.gov.pt\/index.php?rest_route=\/wp\/v2\/pages\/19609","targetHints":{"allow":["GET"]}}],"collection":[{"href":"https:\/\/ebsv.edu.azores.gov.pt\/index.php?rest_route=\/wp\/v2\/pages"}],"about":[{"href":"https:\/\/ebsv.edu.azores.gov.pt\/index.php?rest_route=\/wp\/v2\/types\/page"}],"author":[{"embeddable":true,"href":"https:\/\/ebsv.edu.azores.gov.pt\/index.php?rest_route=\/wp\/v2\/users\/3"}],"replies":[{"embeddable":true,"href":"https:\/\/ebsv.edu.azores.gov.pt\/index.php?rest_route=%2Fwp%2Fv2%2Fcomments&post=19609"}],"version-history":[{"count":0,"href":"https:\/\/ebsv.edu.azores.gov.pt\/index.php?rest_route=\/wp\/v2\/pages\/19609\/revisions"}],"wp:attachment":[{"href":"https:\/\/ebsv.edu.azores.gov.pt\/index.php?rest_route=%2Fwp%2Fv2%2Fmedia&parent=19609"}],"curies":[{"name":"wp","href":"https:\/\/api.w.org\/{rel}","templated":true}]}}