{"id":2265,"date":"2015-02-25T00:36:11","date_gmt":"2015-02-25T00:36:11","guid":{"rendered":"http:\/\/ebsv.edu.azores.gov.pt\/wordpress\/?page_id=2265"},"modified":"2026-03-24T12:04:30","modified_gmt":"2026-03-24T12:04:30","slug":"saude-escolar","status":"publish","type":"page","link":"https:\/\/ebsv.edu.azores.gov.pt\/?page_id=2265","title":{"rendered":"Sa\u00fade Escolar"},"content":{"rendered":"<h4><a href=\"https:\/\/ebsv-dev.edu.azores.gov.pt\/wp-content\/uploads\/2018\/09\/horario-do-gabinete-1.pdf\"><img loading=\"lazy\" decoding=\"async\" class=\"size-full wp-image-17075 aligncenter\" src=\"https:\/\/ebsv-dev.edu.azores.gov.pt\/wp-content\/uploads\/2018\/09\/img-1-1.png\" alt=\"\" width=\"281\" height=\"216\" \/><\/a><\/h4>\n<h4>\u00a0<\/h4>\n<ul>\n<li><a href=\"https:\/\/ebsv.edu.azores.gov.pt\/wp-content\/uploads\/2025\/12\/Horario-SE-_-25-26.pdf\"><span style=\"color: #ff6600;\">Hor\u00e1rio SE<\/span><\/a><\/li>\n<li><a href=\"https:\/\/ebsv.edu.azores.gov.pt\/wp-content\/uploads\/2025\/12\/Equipa-SE-_-25-26.pdf\">Equipa SE<\/a><\/li>\n<li><a href=\"https:\/\/ebsv.edu.azores.gov.pt\/wp-content\/uploads\/2025\/11\/Regimento-GABINETE-SE-25_26.pdf\"><span style=\"color: #ff6600;\">Regimento GABINETE SE 25_26<\/span><\/a><\/li>\n<li><a href=\"https:\/\/ebsv.edu.azores.gov.pt\/wp-content\/uploads\/2026\/02\/PASE-Sao-Jorge-2025-26.pdf\"><span style=\"color: #ff6600;\">PASE 2025-2026<\/span><\/a><\/li>\n<li><a href=\"https:\/\/ebsv-dev.edu.azores.gov.pt\/wp-content\/uploads\/2024\/01\/Em-caso-de-InAcidente-Plano-acao-1.pdf\"><span style=\"color: #ff6600;\">Em caso de In(A)cidente &#8211; Plano a\u00e7\u00e3o<\/span><\/a><\/li>\n<\/ul>\n\n\n<p><\/p>\n","protected":false},"excerpt":{"rendered":"<p>\u00a0 Hor\u00e1rio SE Equipa SE Regimento GABINETE SE 25_26 PASE 2025-2026 Em caso de In(A)cidente &#8211; Plano a\u00e7\u00e3o<\/p>\n","protected":false},"author":3,"featured_media":0,"parent":0,"menu_order":0,"comment_status":"closed","ping_status":"open","template":"","meta":{"_mi_skip_tracking":false,"_monsterinsights_sitenote_active":false,"_monsterinsights_sitenote_note":"","_monsterinsights_sitenote_category":0,"footnotes":""},"class_list":["post-2265","page","type-page","status-publish","hentry"],"acf":[],"_links":{"self":[{"href":"https:\/\/ebsv.edu.azores.gov.pt\/index.php?rest_route=\/wp\/v2\/pages\/2265","targetHints":{"allow":["GET"]}}],"collection":[{"href":"https:\/\/ebsv.edu.azores.gov.pt\/index.php?rest_route=\/wp\/v2\/pages"}],"about":[{"href":"https:\/\/ebsv.edu.azores.gov.pt\/index.php?rest_route=\/wp\/v2\/types\/page"}],"author":[{"embeddable":true,"href":"https:\/\/ebsv.edu.azores.gov.pt\/index.php?rest_route=\/wp\/v2\/users\/3"}],"replies":[{"embeddable":true,"href":"https:\/\/ebsv.edu.azores.gov.pt\/index.php?rest_route=%2Fwp%2Fv2%2Fcomments&post=2265"}],"version-history":[{"count":4,"href":"https:\/\/ebsv.edu.azores.gov.pt\/index.php?rest_route=\/wp\/v2\/pages\/2265\/revisions"}],"predecessor-version":[{"id":31474,"href":"https:\/\/ebsv.edu.azores.gov.pt\/index.php?rest_route=\/wp\/v2\/pages\/2265\/revisions\/31474"}],"wp:attachment":[{"href":"https:\/\/ebsv.edu.azores.gov.pt\/index.php?rest_route=%2Fwp%2Fv2%2Fmedia&parent=2265"}],"curies":[{"name":"wp","href":"https:\/\/api.w.org\/{rel}","templated":true}]}}