{"id":23438,"date":"2025-01-26T11:09:05","date_gmt":"2025-01-26T11:09:05","guid":{"rendered":"http:\/\/ebsv.edu.azores.gov.pt\/wordpress\/?page_id=23438"},"modified":"2026-03-25T19:43:17","modified_gmt":"2026-03-25T19:43:17","slug":"informacoes","status":"publish","type":"page","link":"https:\/\/ebsv.edu.azores.gov.pt\/?page_id=23438","title":{"rendered":"Informa\u00e7\u00f5es"},"content":{"rendered":"\n<h2 class=\"wp-block-heading\">2026<\/h2>\n\n\n\n<p><a href=\"https:\/\/www.dge.mec.pt\/sites\/default\/files\/JNE\/norma_02_2026.pdf\" target=\"_blank\" rel=\"noreferrer noopener\"><strong>NORMA 02\/JNE\/2026 \u2013 Instru\u00e7\u00f5es para a Realiza\u00e7\u00e3o das Provas e Exames dos Ensinos B\u00e1sico e Secund\u00e1rio<\/strong><\/a><\/p>\n\n\n\n<p><a href=\"https:\/\/www.dge.mec.pt\/sites\/default\/files\/JNE\/manual_piepe_2025.pdf\" target=\"_blank\" rel=\"noreferrer noopener\"><strong>Manual de instru\u00e7\u00f5es PIEPE<\/strong><\/a><\/p>\n\n\n\n<p><a href=\"https:\/\/www.dge.mec.pt\/sites\/default\/files\/JNE\/guia_geral_de_exames_2026.pdf\" target=\"_blank\" rel=\"noreferrer noopener\"><strong>Guia Geral de Exames 2026<\/strong><\/a><\/p>\n\n\n\n<p><a href=\"https:\/\/www.dge.mec.pt\/sites\/default\/files\/JNE\/norma_01_2026_inscricoes.pdf\" target=\"_blank\" rel=\"noreferrer noopener\"><strong>NORMA 01\/JNE\/2026 \u2013 Instru\u00e7\u00f5es para a Inscri\u00e7\u00e3o nas Provas e Exames do Ensino B\u00e1sico e do Ensino Secund\u00e1rio<\/strong><\/a><\/p>\n\n\n\n<p><a href=\"https:\/\/area.dge.mec.pt\/jnedoc\/doc\/593.PDF\" target=\"_blank\" rel=\"noreferrer noopener\">Tabela de Cursos &#8211; 2026<\/a><\/p>\n\n\n\n<p><a href=\"https:\/\/www.dge.mec.pt\/sites\/default\/files\/JNE\/despacho_3_2026_de_23_de_fev_2026_regulamento.pdf\" target=\"_blank\" rel=\"noreferrer noopener\"><strong>Despacho Normativo n.\u00ba 3\/2026, de 23 de fevereiro<\/strong><\/a>&nbsp;&#8211;&nbsp;Aprova o Regulamento das Provas de Avalia\u00e7\u00e3o Externa e das Provas de Equival\u00eancia \u00e0 Frequ\u00eancia dos Ensinos B\u00e1sico e Secund\u00e1rio para os anos letivos de 2025-2026 a 2027-2028<\/p>\n\n\n\n<p><a href=\"https:\/\/www.dge.mec.pt\/sites\/default\/files\/JNE\/meci_alteracao_ao_calendario_das_provas-ensaio_2025-2026.pdf\" target=\"_blank\" rel=\"noreferrer noopener\"><strong>Altera\u00e7\u00e3o ao calend\u00e1rio das Provas-Ensaio 2025-2026<\/strong><\/a><\/p>\n\n\n\n<p><a href=\"https:\/\/www.dge.mec.pt\/sites\/default\/files\/JNE\/calendario_exames_2025-2026.pdf\" target=\"_blank\" rel=\"noreferrer noopener\"><strong>Despacho n.\u00ba 14616-A\/2025, de 9 de dezembro<\/strong><\/a>&nbsp;&#8211;&nbsp;Aprova o calend\u00e1rio, para o ano letivo de 2025-2026, das provas de Monitoriza\u00e7\u00e3o da Aprendizagem, das provas finais do ensino b\u00e1sico, das provas de equival\u00eancia \u00e0 frequ\u00eancia do ensino b\u00e1sico, dos exames finais nacionais do ensino secund\u00e1rio e das provas de equival\u00eancia \u00e0 frequ\u00eancia do ensino secund\u00e1rio<\/p>\n\n\n\n<h2 class=\"wp-block-heading\">2025<\/h2>\n\n\n\n<p><a href=\"https:\/\/ebsv-dev.edu.azores.gov.pt\/wp-content\/uploads\/2023\/04\/Portaria-n-104_2023-de-13-abril-Regulamento-Concurso-Nacional-Acesso-ES-1.pdf\">Portaria n.\u00ba 104\/2023 de 13 de abril<\/a> <br>Regulamento do Concurso Nacional de Acesso e Ingresso no Ensino Superior P\u00fablico para a Matr\u00edcula e Inscri\u00e7\u00e3o no Ano Letivo de 2023 -2024<\/p>\n\n\n\n<p><a href=\"https:\/\/area.dge.mec.pt\/jnedoc\/doc\/507.PDF\">Manual da PIEPE inscri\u00e7\u00f5es Alunos 2023<\/a><\/p>\n\n\n\n<p><a href=\"https:\/\/ebsv-dev.edu.azores.gov.pt\/wp-content\/uploads\/2023\/04\/GuiaGeralExames2023-1.pdf\">Guia Geral de Exames Nacionais 2023<\/a><\/p>\n\n\n\n<p><a href=\"https:\/\/ebsv-dev.edu.azores.gov.pt\/wp-content\/uploads\/2023\/04\/Norma-01-JNE-2023-1.pdf\">Norma 01\/JNE 2023<\/a><\/p>\n\n\n\n<p><a href=\"https:\/\/ebsv-dev.edu.azores.gov.pt\/wp-content\/uploads\/2023\/04\/Guia-para-Aplicacao-de-adaptacoes-na-realizacao-de-provas-e-exames-1.pdf\">Guia para Aplica\u00e7\u00e3o de adaptac\u00f5es na realiza\u00e7\u00e3o de provas e exames<\/a><\/p>\n\n\n\n<p><a href=\"https:\/\/ebsv-dev.edu.azores.gov.pt\/wp-content\/uploads\/2023\/04\/despacho_normativo_n_4-b-2023-1.pdf\"> Despacho Normativo n.\u00ba 4-B\/2023<\/a><\/p>\n\n\n\n<p><a href=\"https:\/\/ebsv-dev.edu.azores.gov.pt\/wp-content\/uploads\/2023\/04\/dl_no_22-2023_de_3_de_abril-1.pdf\"> Decreto-Lei n.\u00ba 22\/2023, de 3 de abril <\/a><\/p>\n\n\n\n<p><a href=\"https:\/\/ebsv-dev.edu.azores.gov.pt\/wp-content\/uploads\/2023\/03\/S-DREAE-2023-2819-1.pdf\">Pr\u00e9-Requisitos 2023 | Comparticipa\u00e7\u00e3o de Passagens<\/a><\/p>\n\n\n\n<p><a href=\"https:\/\/ebsv-dev.edu.azores.gov.pt\/wp-content\/uploads\/2023\/03\/S-DREAE-2023-2818-1.pdf\">Inscri\u00e7\u00e3o | Pr\u00e9-Requisitos 2023<\/a><\/p>\n\n\n\n<p><a href=\"https:\/\/ebsv-dev.edu.azores.gov.pt\/wp-content\/uploads\/2023\/03\/Deliberacao-338_2023_24-03_CNAES_PRE-REQUISITOS_2023-1.pdf\">Delibera\u00e7\u00e3o da CNAES N.\u00ba 338\/2023, de 24 de mar\u00e7o<\/a><\/p>\n\n\n\n<p><a href=\"https:\/\/ebsv-dev.edu.azores.gov.pt\/wp-content\/uploads\/2023\/02\/Lista-exemplificativa-nao-exaustiva-de-maquinas-calculadoras-1.pdf\">Lista de modelos de Calculadoras<\/a><\/p>\n\n\n\n<p><a href=\"https:\/\/ebsv-dev.edu.azores.gov.pt\/wp-content\/uploads\/2023\/03\/Despacho-n-3232-B_2023-Altera-Despacho-n-8356_2022-de-8-julho-1.pdf\">Despacho n.\u00ba 3232-B\/2023<\/a><\/p>\n\n\n\n<h2 class=\"wp-block-heading\">2022<\/h2>\n\n\n\n<p><a href=\"https:\/\/ebsv-dev.edu.azores.gov.pt\/wp-content\/uploads\/2022\/07\/Calendario_PEF_2-Fase-1.pdf\">Calend\u00e1rio das Provas de Equival\u00eancia \u00e0 Frequ\u00eancia 2\u00aa Fase<\/a><\/p>\n\n\n\n<p><a href=\"https:\/\/ebsv-dev.edu.azores.gov.pt\/wp-content\/uploads\/2022\/06\/Calendario-PEF-1.pdf\">CALEND\u00c1RIO PROVAS DE EQUIVAL\u00caNCIA \u00c0 FREQU\u00caNCIA<\/a><\/p>\n\n\n\n<p><a href=\"https:\/\/ebsv-dev.edu.azores.gov.pt\/wp-content\/uploads\/2022\/05\/INFORMACAO-inscricao_2chamada-_pre_requisitos_Deliberacao-n379202225-marco-1.pdf\">INSCRI\u00c7\u00c3O NA 2\u00aa CHAMADA DOS PR\u00c9-REQUISITOS DO GRUPO \u2013 C DESPORTO &#8211; 2022\/2023<\/a><\/p>\n\n\n\n<p><a href=\"https:\/\/ebsv-dev.edu.azores.gov.pt\/wp-content\/uploads\/2022\/05\/INFORMACAO-Concurso-Especial-1.pdf\">CONCURSO ESPECIAL DAS VIAS PROFISSIONALIZANTES E ARTISTICAS 2022\/2023<\/a><\/p>\n\n\n\n<p><a href=\"https:\/\/ebsv-dev.edu.azores.gov.pt\/wp-content\/uploads\/2022\/05\/GuiaGeralExames2022-1.pdf\">Guia Geral Exames 2022<\/a><\/p>\n\n\n\n<p><a href=\"https:\/\/ebsv-dev.edu.azores.gov.pt\/wp-content\/uploads\/2022\/05\/NORMA_ALUNOS_EE-1.pdf\" target=\"_blank\" rel=\"noreferrer noopener\" aria-label=\"Resumo da Norma 2 para Alunos e Encarregados de Educa\u00e7\u00e3o (abre num novo separador)\">Resumo da Norma 2 para Alunos e Encarregados de Educa\u00e7\u00e3o<\/a><\/p>\n\n\n\n<p><a href=\"https:\/\/ebsv-dev.edu.azores.gov.pt\/wp-content\/uploads\/2022\/02\/Lista-calculadoras-1.pdf\">Lista de modelos de Calculadoras<\/a><\/p>\n\n\n\n<p><a href=\"https:\/\/ebsv-dev.edu.azores.gov.pt\/wp-content\/uploads\/2022\/03\/manual_instrucoes-1.pdf\">Manual Instru\u00e7\u00f5es PIEPE<\/a><\/p>\n\n\n\n<p><a href=\"https:\/\/ebsv-dev.edu.azores.gov.pt\/wp-content\/uploads\/2022\/03\/FAQS-1.pdf\">FAQS Instru\u00e7\u00f5es PIEPE<\/a><\/p>\n\n\n\n<p><a href=\"https:\/\/ebsv-dev.edu.azores.gov.pt\/wp-content\/uploads\/2022\/03\/Norma-01-JNE-2022-1.pdf\">Norma 01 JNE 2022<\/a><\/p>\n\n\n\n<p><a href=\"https:\/\/ebsv-dev.edu.azores.gov.pt\/wp-content\/uploads\/2022\/03\/ENCARGOS-DE-INSCRICAO-EXAMES-NACIONAIS-2021-2022-1.pdf\"> ENCARGOS DE INSCRI\u00c7\u00c3O EXAMES NACIONAIS 2021-2022 <\/a><\/p>\n\n\n\n<p><a href=\"https:\/\/ebsv-dev.edu.azores.gov.pt\/wp-content\/uploads\/2022\/03\/Comunicacao-N1-JNE-2022-1.pdf\">Comunica\u00e7\u00e3o N.\u00ba1 JNE 2022<\/a><\/p>\n\n\n\n<p><a href=\"https:\/\/area.dge.mec.pt\/jnedoc\/doc\/472.PDF\" target=\"_blank\" rel=\"noreferrer noopener\">NORMA 01\/JNE\/2022 &#8211; Instru\u00e7\u00f5es para a Inscri\u00e7\u00e3o nas Provas e Exames do Ensino B\u00e1sico e do Ensino Secund\u00e1rio (Atualiza\u00e7\u00e3o da Tabela C, no item C. 7.6)<\/a><\/p>\n\n\n\n<p><a href=\"https:\/\/ebsv-dev.edu.azores.gov.pt\/wp-content\/uploads\/2022\/04\/Guia-para-realizacao-provas-de-afericao-1.pdf\">Guia para realiza\u00e7\u00e3o provas de aferi\u00e7\u00e3o<\/a><\/p>\n\n\n\n<p><a href=\"https:\/\/ebsv-dev.edu.azores.gov.pt\/wp-content\/uploads\/2022\/04\/Guia-realizacao-exames-praticantes-de-alto-rendimento-1.pdf\">Guia realiza\u00e7\u00e3o exames praticantes de alto rendimento<\/a><\/p>\n\n\n\n<p><a href=\"https:\/\/ebsv-dev.edu.azores.gov.pt\/wp-content\/uploads\/2022\/04\/Provas-de-Ingresso-e-exames-a-realizar-1.pdf\">Tabela B &#8211; Provas de Ingresso e Exames a Realizar<\/a><\/p>\n\n\n\n<p><a href=\"https:\/\/area.dge.mec.pt\/jnedoc\/doc\/477.PDF\" target=\"_blank\" rel=\"noreferrer noopener\">NORMA 01\/JNE\/2022 &#8211; Instru\u00e7\u00f5es para a Inscri\u00e7\u00e3o nas Provas e Exames do Ensino B\u00e1sico e do Ensino Secund\u00e1rio (Atualiza\u00e7\u00e3o do ANEXO V, p\u00e1g.25)<\/a><\/p>\n\n\n\n<p><a href=\"https:\/\/area.dge.mec.pt\/jnedoc\/doc\/478.PDF\" target=\"_blank\" rel=\"noreferrer noopener\">Informa\u00e7\u00e3o Conjunta IAVE-JNE n.\u00ba 1\/2022 &#8211; Divulga os per\u00edodos de afeta\u00e7\u00e3o dos professores relativos ao exerc\u00edcio das tarefas de classifica\u00e7\u00e3o das provas e exames<\/a><\/p>\n\n\n\n<p><a href=\"https:\/\/area.dge.mec.pt\/jnedoc\/doc\/479.PDF\" target=\"_blank\" rel=\"noreferrer noopener\">Norma 02\/JNE\/2022 &#8211; Instru\u00e7\u00f5es para Realiza\u00e7\u00e3o, Classifica\u00e7\u00e3o, Reaprecia\u00e7\u00e3o e Reclama\u00e7\u00e3o de Provas e Exames dos Ensinos B\u00e1sico e Secund\u00e1rio<\/a><\/p>\n\n\n\n<p><a href=\"https:\/\/ebsv-dev.edu.azores.gov.pt\/wp-content\/uploads\/2022\/04\/Deliberacao-n-379_2022_25Pre_Requisitos-1.pdf\">Delibera\u00e7\u00e3o n.\u00ba 379\/2022 Pr\u00e9-requisitos<\/a><\/p>\n\n\n\n<p><a href=\"https:\/\/area.dge.mec.pt\/jnedoc\/doc\/480.PDF\" target=\"_blank\" rel=\"noreferrer noopener\">Bolsa de professores classificadores das provas de aferi\u00e7\u00e3o do Ensino B\u00e1sico 2022 <\/a><\/p>\n\n\n\n<p><a href=\"https:\/\/area.dge.mec.pt\/jnedoc\/doc\/482.PDF\" target=\"_blank\" rel=\"noreferrer noopener\">Bolsa de professores classificadores e relatores das provas provas finais do 3.\u00ba Ciclo do Ensino B\u00e1sico e dos exames finais nacionais do Ensino Secund\u00e1rio<\/a><\/p>\n\n\n\n<p><a href=\"https:\/\/area.dge.mec.pt\/jnedoc\/doc\/484.PDF\" target=\"_blank\" rel=\"noreferrer noopener\">Apresenta\u00e7\u00e3o da avalia\u00e7\u00e3o externa das aprendizagens &#8211; P\u00e9riplo 2022<\/a><\/p>\n\n\n\n<p><a href=\"https:\/\/ebsv-dev.edu.azores.gov.pt\/wp-content\/uploads\/2022\/05\/IP-Geral-2022-2-1-1.pdf\">Provas de Avalia\u00e7\u00e3o Externa | 2021\/2022 INFORMA\u00c7\u00c3O-PROVA GERAL<\/a><\/p>\n","protected":false},"excerpt":{"rendered":"<p>2026 NORMA 02\/JNE\/2026 \u2013 Instru\u00e7\u00f5es para a Realiza\u00e7\u00e3o das Provas e Exames dos Ensinos B\u00e1sico e Secund\u00e1rio Manual de instru\u00e7\u00f5es PIEPE Guia Geral de Exames 2026 NORMA 01\/JNE\/2026 \u2013 Instru\u00e7\u00f5es para a Inscri\u00e7\u00e3o nas Provas e Exames do Ensino B\u00e1sico e do Ensino Secund\u00e1rio Tabela de Cursos &#8211; 2026 Despacho Normativo n.\u00ba 3\/2026, de 23<\/p><\/div>\n<div class=\"blog-btn\"><a href=\"https:\/\/ebsv.edu.azores.gov.pt\/?page_id=23438\" class=\"home-blog-btn\">Ler mais<\/a><\/p>\n","protected":false},"author":3,"featured_media":0,"parent":0,"menu_order":0,"comment_status":"closed","ping_status":"closed","template":"","meta":{"_mi_skip_tracking":false,"_monsterinsights_sitenote_active":false,"_monsterinsights_sitenote_note":"","_monsterinsights_sitenote_category":0,"footnotes":""},"class_list":["post-23438","page","type-page","status-publish","hentry"],"acf":[],"_links":{"self":[{"href":"https:\/\/ebsv.edu.azores.gov.pt\/index.php?rest_route=\/wp\/v2\/pages\/23438","targetHints":{"allow":["GET"]}}],"collection":[{"href":"https:\/\/ebsv.edu.azores.gov.pt\/index.php?rest_route=\/wp\/v2\/pages"}],"about":[{"href":"https:\/\/ebsv.edu.azores.gov.pt\/index.php?rest_route=\/wp\/v2\/types\/page"}],"author":[{"embeddable":true,"href":"https:\/\/ebsv.edu.azores.gov.pt\/index.php?rest_route=\/wp\/v2\/users\/3"}],"replies":[{"embeddable":true,"href":"https:\/\/ebsv.edu.azores.gov.pt\/index.php?rest_route=%2Fwp%2Fv2%2Fcomments&post=23438"}],"version-history":[{"count":4,"href":"https:\/\/ebsv.edu.azores.gov.pt\/index.php?rest_route=\/wp\/v2\/pages\/23438\/revisions"}],"predecessor-version":[{"id":31620,"href":"https:\/\/ebsv.edu.azores.gov.pt\/index.php?rest_route=\/wp\/v2\/pages\/23438\/revisions\/31620"}],"wp:attachment":[{"href":"https:\/\/ebsv.edu.azores.gov.pt\/index.php?rest_route=%2Fwp%2Fv2%2Fmedia&parent=23438"}],"curies":[{"name":"wp","href":"https:\/\/api.w.org\/{rel}","templated":true}]}}