{"id":23595,"date":"2022-03-29T10:50:07","date_gmt":"2022-03-29T11:50:07","guid":{"rendered":"http:\/\/ebsv.edu.azores.gov.pt\/wordpress\/?page_id=23595"},"modified":"2022-03-29T10:50:07","modified_gmt":"2022-03-29T11:50:07","slug":"provas-exames-nacionais","status":"publish","type":"page","link":"https:\/\/ebsv.edu.azores.gov.pt\/?page_id=23595","title":{"rendered":"Provas\/Exames Nacionais"},"content":{"rendered":"\n<p><a href=\"http:\/\/ebsv.edu.azores.gov.pt\/wordpress\/?page_id=23438\">Informa\u00e7\u00f5es<\/a><\/p>\n\n\n\n<p><a href=\"http:\/\/ebsv.edu.azores.gov.pt\/wordpress\/?page_id=18613\">Calend\u00e1rio de Exames<\/a><\/p>\n\n\n\n<p><a href=\"http:\/\/ebsv.edu.azores.gov.pt\/wordpress\/?page_id=18012\">Provas de Equival\u00eancia \u00e0 Frequ\u00eancia<\/a><\/p>\n\n\n\n<p><a href=\"http:\/\/ebsv.edu.azores.gov.pt\/wordpress\/?page_id=23613\">informa\u00e7\u00e3o \u2013 Prova Geral <\/a><\/p>\n\n\n\n<p><a href=\"http:\/\/ebsv.edu.azores.gov.pt\/wordpress\/?page_id=23614\">Informa\u00e7\u00e3o Complementar- Provas de Aferi\u00e7\u00e3o<\/a><\/p>\n\n\n\n<p><a href=\"https:\/\/area.dge.mec.pt\/jnedoc\/doc\/477.PDF\" target=\"_blank\" rel=\"noreferrer noopener\">NORMA 01\/JNE\/2022 &#8211; Instru\u00e7\u00f5es para a Inscri\u00e7\u00e3o nas Provas e Exames do Ensino B\u00e1sico e do Ensino Secund\u00e1rio (Atualiza\u00e7\u00e3o do ANEXO V, p\u00e1g.25)<\/a><\/p>\n","protected":false},"excerpt":{"rendered":"<p>Informa\u00e7\u00f5es Calend\u00e1rio de Exames Provas de Equival\u00eancia \u00e0 Frequ\u00eancia informa\u00e7\u00e3o \u2013 Prova Geral Informa\u00e7\u00e3o Complementar- Provas de Aferi\u00e7\u00e3o NORMA 01\/JNE\/2022 &#8211; Instru\u00e7\u00f5es para a Inscri\u00e7\u00e3o nas Provas e Exames do Ensino B\u00e1sico e do Ensino Secund\u00e1rio (Atualiza\u00e7\u00e3o do ANEXO V, p\u00e1g.25)<\/p>\n","protected":false},"author":3,"featured_media":0,"parent":0,"menu_order":0,"comment_status":"closed","ping_status":"closed","template":"","meta":{"_mi_skip_tracking":false,"_monsterinsights_sitenote_active":false,"_monsterinsights_sitenote_note":"","_monsterinsights_sitenote_category":0,"footnotes":""},"class_list":["post-23595","page","type-page","status-publish","hentry"],"acf":[],"_links":{"self":[{"href":"https:\/\/ebsv.edu.azores.gov.pt\/index.php?rest_route=\/wp\/v2\/pages\/23595","targetHints":{"allow":["GET"]}}],"collection":[{"href":"https:\/\/ebsv.edu.azores.gov.pt\/index.php?rest_route=\/wp\/v2\/pages"}],"about":[{"href":"https:\/\/ebsv.edu.azores.gov.pt\/index.php?rest_route=\/wp\/v2\/types\/page"}],"author":[{"embeddable":true,"href":"https:\/\/ebsv.edu.azores.gov.pt\/index.php?rest_route=\/wp\/v2\/users\/3"}],"replies":[{"embeddable":true,"href":"https:\/\/ebsv.edu.azores.gov.pt\/index.php?rest_route=%2Fwp%2Fv2%2Fcomments&post=23595"}],"version-history":[{"count":0,"href":"https:\/\/ebsv.edu.azores.gov.pt\/index.php?rest_route=\/wp\/v2\/pages\/23595\/revisions"}],"wp:attachment":[{"href":"https:\/\/ebsv.edu.azores.gov.pt\/index.php?rest_route=%2Fwp%2Fv2%2Fmedia&parent=23595"}],"curies":[{"name":"wp","href":"https:\/\/api.w.org\/{rel}","templated":true}]}}