{"id":23613,"date":"2025-01-26T11:37:23","date_gmt":"2025-01-26T11:37:23","guid":{"rendered":"http:\/\/ebsv.edu.azores.gov.pt\/wordpress\/?page_id=23613"},"modified":"2025-12-10T11:31:01","modified_gmt":"2025-12-10T11:31:01","slug":"informacao-prova-geral","status":"publish","type":"page","link":"https:\/\/ebsv.edu.azores.gov.pt\/?page_id=23613","title":{"rendered":"informa\u00e7\u00e3o &#8211; Prova Geral"},"content":{"rendered":"\n<p class=\"has-medium-font-size\"><strong>2026<\/strong><\/p>\n\n\n\n<p><a href=\"https:\/\/iave.pt\/wp-content\/uploads\/2025\/12\/IP-Geral-2026_29nov.pdf\" target=\"_blank\" rel=\"noreferrer noopener\">Informa\u00e7\u00e3o &#8211; Provas Gerais<\/a><\/p>\n\n\n\n<h2 class=\"wp-block-heading\">2025<\/h2>\n\n\n\n<p><a href=\"https:\/\/ebsv-dev.edu.azores.gov.pt\/wp-content\/uploads\/2023\/03\/IP-Geral-2023-4-1_Informacao-Prova-Geral-1.pdf\">Informa\u00e7\u00e3o &#8211; Provas Gerais<\/a><\/p>\n\n\n\n<h2 class=\"wp-block-heading\">2022<\/h2>\n\n\n\n<p><a href=\"https:\/\/ebsv-dev.edu.azores.gov.pt\/wp-content\/uploads\/2022\/04\/IP-Geral-2022-1.pdf\">Informa\u00e7\u00e3o &#8211; Provas Gerais<\/a><\/p>\n","protected":false},"excerpt":{"rendered":"<p>2026 Informa\u00e7\u00e3o &#8211; Provas Gerais 2025 Informa\u00e7\u00e3o &#8211; Provas Gerais 2022 Informa\u00e7\u00e3o &#8211; Provas Gerais<\/p>\n","protected":false},"author":3,"featured_media":0,"parent":0,"menu_order":0,"comment_status":"closed","ping_status":"closed","template":"","meta":{"_mi_skip_tracking":false,"_monsterinsights_sitenote_active":false,"_monsterinsights_sitenote_note":"","_monsterinsights_sitenote_category":0,"footnotes":""},"class_list":["post-23613","page","type-page","status-publish","hentry"],"acf":[],"_links":{"self":[{"href":"https:\/\/ebsv.edu.azores.gov.pt\/index.php?rest_route=\/wp\/v2\/pages\/23613","targetHints":{"allow":["GET"]}}],"collection":[{"href":"https:\/\/ebsv.edu.azores.gov.pt\/index.php?rest_route=\/wp\/v2\/pages"}],"about":[{"href":"https:\/\/ebsv.edu.azores.gov.pt\/index.php?rest_route=\/wp\/v2\/types\/page"}],"author":[{"embeddable":true,"href":"https:\/\/ebsv.edu.azores.gov.pt\/index.php?rest_route=\/wp\/v2\/users\/3"}],"replies":[{"embeddable":true,"href":"https:\/\/ebsv.edu.azores.gov.pt\/index.php?rest_route=%2Fwp%2Fv2%2Fcomments&post=23613"}],"version-history":[{"count":1,"href":"https:\/\/ebsv.edu.azores.gov.pt\/index.php?rest_route=\/wp\/v2\/pages\/23613\/revisions"}],"predecessor-version":[{"id":31367,"href":"https:\/\/ebsv.edu.azores.gov.pt\/index.php?rest_route=\/wp\/v2\/pages\/23613\/revisions\/31367"}],"wp:attachment":[{"href":"https:\/\/ebsv.edu.azores.gov.pt\/index.php?rest_route=%2Fwp%2Fv2%2Fmedia&parent=23613"}],"curies":[{"name":"wp","href":"https:\/\/api.w.org\/{rel}","templated":true}]}}