{"id":23614,"date":"2022-04-04T14:45:41","date_gmt":"2022-04-04T15:45:41","guid":{"rendered":"http:\/\/ebsv.edu.azores.gov.pt\/wordpress\/?page_id=23614"},"modified":"2022-04-04T14:45:41","modified_gmt":"2022-04-04T15:45:41","slug":"informacao-complementar-provas-de-afericao","status":"publish","type":"page","link":"https:\/\/ebsv.edu.azores.gov.pt\/?page_id=23614","title":{"rendered":"Informa\u00e7\u00e3o Complementar- Provas de Aferi\u00e7\u00e3o"},"content":{"rendered":"\n<h2 class=\"wp-block-heading\">2023<\/h2>\n\n\n\n<p><a href=\"https:\/\/ebsv.edu.azores.gov.pt\/wp-content\/uploads\/sites\/38\/2023\/03\/IC-PA-2Ano-2023_Informacao-complementar-\u2013-Educacao-Artistica-27-e-Educacao-Fisica-28.pdf\">PROVAS DE AFERI\u00c7\u00c3O \u2012 2.\u00ba Ano de Escolaridade Educa\u00e7\u00e3o F\u00edsica\/Educa\u00e7\u00e3o Art\u00edstica<\/a><\/p>\n\n\n\n<p><a href=\"https:\/\/ebsv.edu.azores.gov.pt\/wp-content\/uploads\/sites\/38\/2023\/03\/IC-PA-8Ano-2023-2_Informacao-complementar-\u2013-Portugues-55.pdf\"> PROVAS DE AFERI\u00c7\u00c3O \u2012 5.\u00ba Ano de Escolaridade Portugu\u00eas<\/a><\/p>\n\n\n\n<p><a href=\"https:\/\/ebsv.edu.azores.gov.pt\/wp-content\/uploads\/sites\/38\/2023\/03\/IC-PA-5Ano-2023_nformacao-complementar-\u2013-Educacao-Fisica-59.pdf\">PROVAS DE AFERI\u00c7\u00c3O \u2012 5.\u00ba Ano de Escolaridade Educa\u00e7\u00e3o F\u00edsica<\/a><\/p>\n\n\n\n<h2 class=\"wp-block-heading\">2022<\/h2>\n\n\n\n<p><a href=\"https:\/\/ebsv-dev.edu.azores.gov.pt\/wp-content\/uploads\/2022\/04\/IC-PA-2Ano-2022-1.pdf\">2\u00ba Ano<\/a><\/p>\n\n\n\n<p><a href=\"https:\/\/ebsv-dev.edu.azores.gov.pt\/wp-content\/uploads\/2022\/04\/IC-PA-5Ano-2022-1.pdf\">5\u00ba Ano<\/a><\/p>\n\n\n\n<p><a href=\"https:\/\/ebsv-dev.edu.azores.gov.pt\/wp-content\/uploads\/2022\/04\/IC-PA-8Ano-2022-1.pdf\">8\u00ba Ano<\/a><\/p>\n","protected":false},"excerpt":{"rendered":"<p>2023 PROVAS DE AFERI\u00c7\u00c3O \u2012 2.\u00ba Ano de Escolaridade Educa\u00e7\u00e3o F\u00edsica\/Educa\u00e7\u00e3o Art\u00edstica PROVAS DE AFERI\u00c7\u00c3O \u2012 5.\u00ba Ano de Escolaridade Portugu\u00eas PROVAS DE AFERI\u00c7\u00c3O \u2012 5.\u00ba Ano de Escolaridade Educa\u00e7\u00e3o F\u00edsica 2022 2\u00ba Ano 5\u00ba Ano 8\u00ba Ano<\/p>\n","protected":false},"author":3,"featured_media":0,"parent":0,"menu_order":0,"comment_status":"closed","ping_status":"closed","template":"","meta":{"_mi_skip_tracking":false,"_monsterinsights_sitenote_active":false,"_monsterinsights_sitenote_note":"","_monsterinsights_sitenote_category":0,"footnotes":""},"class_list":["post-23614","page","type-page","status-publish","hentry"],"acf":[],"_links":{"self":[{"href":"https:\/\/ebsv.edu.azores.gov.pt\/index.php?rest_route=\/wp\/v2\/pages\/23614","targetHints":{"allow":["GET"]}}],"collection":[{"href":"https:\/\/ebsv.edu.azores.gov.pt\/index.php?rest_route=\/wp\/v2\/pages"}],"about":[{"href":"https:\/\/ebsv.edu.azores.gov.pt\/index.php?rest_route=\/wp\/v2\/types\/page"}],"author":[{"embeddable":true,"href":"https:\/\/ebsv.edu.azores.gov.pt\/index.php?rest_route=\/wp\/v2\/users\/3"}],"replies":[{"embeddable":true,"href":"https:\/\/ebsv.edu.azores.gov.pt\/index.php?rest_route=%2Fwp%2Fv2%2Fcomments&post=23614"}],"version-history":[{"count":0,"href":"https:\/\/ebsv.edu.azores.gov.pt\/index.php?rest_route=\/wp\/v2\/pages\/23614\/revisions"}],"wp:attachment":[{"href":"https:\/\/ebsv.edu.azores.gov.pt\/index.php?rest_route=%2Fwp%2Fv2%2Fmedia&parent=23614"}],"curies":[{"name":"wp","href":"https:\/\/api.w.org\/{rel}","templated":true}]}}