{"id":23698,"date":"2022-04-22T14:29:15","date_gmt":"2022-04-22T15:29:15","guid":{"rendered":"http:\/\/ebsv.edu.azores.gov.pt\/wordpress\/?page_id=23698"},"modified":"2022-04-22T14:29:15","modified_gmt":"2022-04-22T15:29:15","slug":"conta-de-gerencia-2018","status":"publish","type":"page","link":"https:\/\/ebsv.edu.azores.gov.pt\/?page_id=23698","title":{"rendered":"Conta de Ger\u00eancia 2018"},"content":{"rendered":"\n<h2 class=\"wp-block-heading\">Or\u00e7amento <\/h2>\n\n\n\n<ul class=\"wp-block-list\"><li> <a href=\"https:\/\/ebsv-dev.edu.azores.gov.pt\/wp-content\/uploads\/2019\/05\/Orcamento-Inicial-2018-1.pdf\">Or\u00e7amento ordin\u00e1rio  2018<\/a><\/li><\/ul>\n\n\n\n<h2 class=\"wp-block-heading\">Fundo Escolar<\/h2>\n\n\n\n<ul class=\"wp-block-list\"><li><a href=\"https:\/\/ebsv-dev.edu.azores.gov.pt\/wp-content\/uploads\/2019\/05\/1-Balanco-Fundos-proprios-e-pasivo-OE-1.pdf\">Balan\u00e7o \u2013 Fundos pr\u00f3prios e passivo<\/a><\/li><li><a href=\"https:\/\/ebsv-dev.edu.azores.gov.pt\/wp-content\/uploads\/2019\/05\/1-Balanco-ativo-1.pdf\">Balan\u00e7o Ativo<\/a><\/li><li><a href=\"https:\/\/ebsv-dev.edu.azores.gov.pt\/wp-content\/uploads\/2019\/05\/5-Fluxos-de-caixa-OE-1.pdf\">Fluxos de Caixa<\/a><\/li><li><a href=\"https:\/\/ebsv-dev.edu.azores.gov.pt\/wp-content\/uploads\/2019\/05\/19-Alteracoes-orcamentais-despesa-2.pdf\">Altera\u00e7\u00f5es Or\u00e7amentais \u2013 Despesa<\/a><\/li><li><a href=\"https:\/\/ebsv-dev.edu.azores.gov.pt\/wp-content\/uploads\/2019\/05\/20-Alteracoes-orcamentais-receita-2.pdf\">Altera\u00e7\u00f5es Or\u00e7amentais \u2013 Receita<\/a><\/li><li><a href=\"https:\/\/ebsv-dev.edu.azores.gov.pt\/wp-content\/uploads\/2019\/05\/33-Relatorio-de-Gestao-do-Orcamento-Corrente-2018-1.pdf\">Relat\u00f3rio de Gest\u00e3o do Or\u00e7amento Corrente<\/a><\/li><li><a href=\"https:\/\/ebsv-dev.edu.azores.gov.pt\/wp-content\/uploads\/2019\/05\/33-PAA_2017-2018-1.pdf\">PAA 2017\/2018<\/a><\/li><li><a href=\"https:\/\/ebsv-dev.edu.azores.gov.pt\/wp-content\/uploads\/2019\/05\/33-RELAToRIO-FINAL-PAA-2017_2018-FINAL-1.pdf\">Relat\u00f3rio Final PAA 2017\/2018<\/a> <\/li><li> <a href=\"https:\/\/ebsv-dev.edu.azores.gov.pt\/wp-content\/uploads\/2019\/05\/2-Demonst-de-resultados-1.pdf\">Demonstra\u00e7\u00e3o de Resultados&nbsp;<\/a> <\/li><li><a href=\"https:\/\/ebsv-dev.edu.azores.gov.pt\/wp-content\/uploads\/2019\/05\/5-Fluxos-de-caixa-OE-1.pdf\">Fluxos de Caixa<\/a><\/li><li><a href=\"https:\/\/ebsv-dev.edu.azores.gov.pt\/wp-content\/uploads\/2019\/05\/19-Alteracoes-orcamentais-despesa-2.pdf\">Altera\u00e7\u00f5es Or\u00e7amentais \u2013 Despesa<\/a><\/li><li><a href=\"https:\/\/ebsv-dev.edu.azores.gov.pt\/wp-content\/uploads\/2019\/05\/20-Alteracoes-orcamentais-receita-2.pdf\">Altera\u00e7\u00f5es Or\u00e7amentais \u2013 Receita<\/a><\/li><li><a href=\"https:\/\/ebsv-dev.edu.azores.gov.pt\/wp-content\/uploads\/2019\/05\/33-Relatorio-de-Gestao-do-Orcamento-Corrente-2018-1.pdf\">Relat\u00f3rio de Gest\u00e3o do Or\u00e7amento Corrente<\/a><\/li><li><a href=\"https:\/\/ebsv-dev.edu.azores.gov.pt\/wp-content\/uploads\/2019\/05\/33-PAA_2017-2018-1.pdf\">PAA 2017\/2018<\/a><\/li><li><a href=\"https:\/\/ebsv-dev.edu.azores.gov.pt\/wp-content\/uploads\/2019\/05\/33-RELAToRIO-FINAL-PAA-2017_2018-FINAL-1.pdf\">Relat\u00f3rio Final PAA 2017\/2018<\/a><\/li><\/ul>\n\n\n\n<h2 class=\"wp-block-heading\">Or\u00e7amentos Suplementares<\/h2>\n\n\n\n<ul class=\"wp-block-list\"><li><a href=\"https:\/\/ebsv-dev.edu.azores.gov.pt\/wp-content\/uploads\/2020\/04\/1OrcamentoSuplementar-1.pdf\">1\u00ba Or\u00e7amento Suplementar<\/a><\/li><li><a href=\"https:\/\/ebsv-dev.edu.azores.gov.pt\/wp-content\/uploads\/2020\/04\/2OrcamentoSuplementar-1.pdf\">2\u00ba Or\u00e7amento Suplementar<\/a><\/li><li><a href=\"https:\/\/ebsv-dev.edu.azores.gov.pt\/wp-content\/uploads\/2020\/05\/3orcamentosuplementar05-1.pdf\">3\u00ba Or\u00e7amento Suplementar<\/a><\/li><li><a href=\"https:\/\/ebsv-dev.edu.azores.gov.pt\/wp-content\/uploads\/2020\/04\/4OrcamentoSuplementar-1.pdf\">4\u00ba Or\u00e7amento Suplementar<\/a><\/li><li><a href=\"https:\/\/ebsv-dev.edu.azores.gov.pt\/wp-content\/uploads\/2020\/04\/5OrcamentoSuplementar-1.pdf\">5\u00ba Or\u00e7amento Suplementar<\/a><\/li><li><a href=\"https:\/\/ebsv-dev.edu.azores.gov.pt\/wp-content\/uploads\/2020\/04\/6OrcamentoSuplementar-1.pdf\">6\u00ba Or\u00e7amento Suplementar<\/a><\/li><li><a href=\"https:\/\/ebsv-dev.edu.azores.gov.pt\/wp-content\/uploads\/2020\/04\/7OrcamentoSuplementar-1.pdf\">7\u00ba Or\u00e7amento Suplementar<\/a><\/li><li><a href=\"https:\/\/ebsv-dev.edu.azores.gov.pt\/wp-content\/uploads\/2020\/04\/8Orcamentosuplementar-1.pdf\">8\u00ba Or\u00e7amento Suplementar<\/a><\/li><li><a href=\"https:\/\/ebsv-dev.edu.azores.gov.pt\/wp-content\/uploads\/2020\/04\/9OrcamentoSuplementar-1.pdf\">9\u00ba Or\u00e7amento Suplementar<\/a><\/li><li><a href=\"https:\/\/ebsv-dev.edu.azores.gov.pt\/wp-content\/uploads\/2020\/04\/10OrcamentoSuplementar-1.pdf\">10\u00ba Or\u00e7amento Suplementar<\/a><\/li><li><a href=\"https:\/\/ebsv-dev.edu.azores.gov.pt\/wp-content\/uploads\/2020\/04\/11OrcamentoSuplementar-1.pdf\">11\u00ba Or\u00e7amento Suplementar<\/a><\/li><li><a href=\"https:\/\/ebsv-dev.edu.azores.gov.pt\/wp-content\/uploads\/2020\/04\/12OrcamentoSuplementar-1.pdf\">12\u00ba Or\u00e7amento Suplementar<\/a><\/li><li><a href=\"https:\/\/ebsv-dev.edu.azores.gov.pt\/wp-content\/uploads\/2020\/04\/13OrcamentoSuplementar-1.pdf\">13\u00ba Or\u00e7amento Suplementa<\/a><\/li><\/ul>\n\n\n\n<h2 class=\"wp-block-heading\">Balan\u00e7o Social<\/h2>\n\n\n\n<ul class=\"wp-block-list\"><li><a href=\"https:\/\/ebsv-dev.edu.azores.gov.pt\/wp-content\/uploads\/2020\/04\/Quadro1ContagemdetrabalhadoresporVinculo-1.pdf\">Quadro 1 \u2013 Contagem de trabalhadores por Vinculo<\/a><\/li><li><a href=\"https:\/\/ebsv-dev.edu.azores.gov.pt\/wp-content\/uploads\/2020\/04\/Quadro2Contagemdetrabalhadoresporidade-1.pdf\">Quadro 2 \u2013 Contagem de trabalhadores por idade<\/a><\/li><li><a href=\"https:\/\/ebsv-dev.edu.azores.gov.pt\/wp-content\/uploads\/2020\/04\/Quadro3Contagemdetrabalhadoresantiguidade-1.pdf\">Quadro 3 \u2013 Contagem de trabalhadores antiguidade<\/a><\/li><li><a href=\"https:\/\/ebsv-dev.edu.azores.gov.pt\/wp-content\/uploads\/2020\/04\/Quadro4Contagemdetrabalhadoresporniveld3escolaridade-1.pdf\">Quadro 4 \u2013 Contagem de trabalhadores por n\u00edvel de escolaridade<\/a><\/li><li><a href=\"https:\/\/ebsv-dev.edu.azores.gov.pt\/wp-content\/uploads\/2020\/04\/Quadro5Contagemdetrabalhadoresporescolaridadeestrangeira-1.pdf\">Quadro 5 \u2013 Contagem de trabalhadores por escolaridade estrangeira<\/a><\/li><li><a href=\"https:\/\/ebsv-dev.edu.azores.gov.pt\/wp-content\/uploads\/2020\/04\/Quadro6Contagemdetrabalhadorespordeficiencia-1.pdf\">Quadro 6 \u2013 Contagem de trabalhadores por defici\u00eancia<\/a><\/li><li><a href=\"https:\/\/ebsv-dev.edu.azores.gov.pt\/wp-content\/uploads\/2020\/04\/Quadro7Contagemdetrabalhadoresadmitidoseregressaramaoservico-1.pdf\">Quadro 7 \u2013 Contagem de trabalhadores admitidos e regressaram ao servi\u00e7o<\/a><\/li><li><a href=\"https:\/\/ebsv-dev.edu.azores.gov.pt\/wp-content\/uploads\/2020\/04\/Quadro8Contagemdesaidadetrabalhadoresnoemadosouemcomissaodeservico-1.pdf\">Quadro 8 \u2013 Contagem de sa\u00edda de trabalhadores nomeados ou em comiss\u00e3o de servi\u00e7o<\/a><\/li><li><a href=\"https:\/\/ebsv-dev.edu.azores.gov.pt\/wp-content\/uploads\/2020\/04\/Quadro9Contagemdesaidadetrabalhadorescontratados-1.pdf\">Quadro 9- Contagem de sa\u00edda de trabalhadores contratados<\/a><\/li><li><a href=\"https:\/\/ebsv-dev.edu.azores.gov.pt\/wp-content\/uploads\/2020\/04\/Quadro10ContagemdePostosdetrabalhoprevistosenaoocupadosduranteoano-1.pdf\">Quadro 10- Contagem de Postos de trabalho previstos e n\u00e3o ocupados durante o ano<\/a><\/li><li><a href=\"https:\/\/ebsv-dev.edu.azores.gov.pt\/wp-content\/uploads\/2020\/04\/Quadro11Contagemdasmudancasdesituacaodetrabalhadores-1.pdf\">Quadro 11- Contagem das mudan\u00e7as de situa\u00e7\u00e3o de trabalhadores<\/a><\/li><li><a href=\"https:\/\/ebsv-dev.edu.azores.gov.pt\/wp-content\/uploads\/2020\/04\/Quadro12Contagemdemodalidadedehorario-1.pdf\">Quadro 12 \u2013 Contagem de modalidade de hor\u00e1rio<\/a><\/li><li><a href=\"https:\/\/ebsv-dev.edu.azores.gov.pt\/wp-content\/uploads\/2020\/04\/Quadro13Contagemdetrabalhadoressegundooperiodonormaldetrabalho-1.pdf\">Quadro 13-Contagem de trabalhadores segundo o per\u00edodo normal de trabalho<\/a><\/li><li><a href=\"https:\/\/ebsv-dev.edu.azores.gov.pt\/wp-content\/uploads\/2020\/04\/Quadro14Contagemdehorasdetrabalhoextraordinario-1.pdf\">Quadro 14 \u2013 Contagem de horas de trabalho extraordin\u00e1rio<\/a><\/li><li><a href=\"https:\/\/ebsv-dev.edu.azores.gov.pt\/wp-content\/uploads\/2020\/04\/Quadro141Contagemdashorasdetrabalhonoturno-1.pdf\">Quadro 14.1 \u2013 Contagem das horas de trabalho nocturno<\/a><\/li><li><a href=\"https:\/\/ebsv-dev.edu.azores.gov.pt\/wp-content\/uploads\/2020\/04\/Quadro15Contagemdosdiasdeausencia-1.pdf\">Quadro 15- Contagem dos dias de aus\u00eancia<\/a><\/li><li><a href=\"https:\/\/ebsv-dev.edu.azores.gov.pt\/wp-content\/uploads\/2020\/04\/Quadro16Contagemdetrabalhadoresemgreve-1.pdf\">Quadro 16- Contagem de trabalhadores em greve<\/a><\/li><li><a href=\"https:\/\/ebsv-dev.edu.azores.gov.pt\/wp-content\/uploads\/2020\/04\/Quadro27ContagemRelativaaparticipacaoemacaesdeformacao-1.pdf\">Quadro 27 \u2013 Contagem Relativa a participa\u00e7\u00e3o em a\u00e7\u00f5es de forma\u00e7\u00e3o<\/a><\/li><li><a href=\"https:\/\/ebsv-dev.edu.azores.gov.pt\/wp-content\/uploads\/2020\/04\/Quadro28Contagemrelativaaparticipacaodeacaesdeformacaosegundootipodeacao-1.pdf\">Quadro 28- Contagem relativa a participa\u00e7\u00e3o de a\u00e7\u00f5es de forma\u00e7\u00e3o segundo o tipo de ac\u00e7\u00e3o<\/a><\/li><li><a href=\"https:\/\/ebsv-dev.edu.azores.gov.pt\/wp-content\/uploads\/2020\/04\/Quadro29Contagemdehorasdispendidasemformacao-1.pdf\">Quadro 29- Contagem de horas despendidas em forma\u00e7\u00e3o<\/a><\/li><li><a href=\"https:\/\/ebsv-dev.edu.azores.gov.pt\/wp-content\/uploads\/2020\/04\/Quadro30Despesasanuaiscomformacao-2.pdf\">Quadro 30 \u2013 Despesas anuais com forma\u00e7\u00e3o<\/a><\/li><li><a href=\"https:\/\/ebsv-dev.edu.azores.gov.pt\/wp-content\/uploads\/2020\/04\/Quadro31RelacaesProfissionais-1.pdf\">Quadro 31 \u2013 Rela\u00e7\u00f5es Profissionais<\/a><\/li><\/ul>\n","protected":false},"excerpt":{"rendered":"<p>Or\u00e7amento Or\u00e7amento ordin\u00e1rio 2018 Fundo Escolar Balan\u00e7o \u2013 Fundos pr\u00f3prios e passivo Balan\u00e7o Ativo Fluxos de Caixa Altera\u00e7\u00f5es Or\u00e7amentais \u2013 Despesa Altera\u00e7\u00f5es Or\u00e7amentais \u2013 Receita Relat\u00f3rio de Gest\u00e3o do Or\u00e7amento Corrente PAA 2017\/2018 Relat\u00f3rio Final PAA 2017\/2018 Demonstra\u00e7\u00e3o de Resultados&nbsp; Fluxos de Caixa Altera\u00e7\u00f5es Or\u00e7amentais \u2013 Despesa Altera\u00e7\u00f5es Or\u00e7amentais \u2013 Receita Relat\u00f3rio de Gest\u00e3o do<\/p><\/div>\n<div class=\"blog-btn\"><a href=\"https:\/\/ebsv.edu.azores.gov.pt\/?page_id=23698\" class=\"home-blog-btn\">Ler mais<\/a><\/p>\n","protected":false},"author":3,"featured_media":0,"parent":0,"menu_order":0,"comment_status":"closed","ping_status":"closed","template":"","meta":{"_mi_skip_tracking":false,"_monsterinsights_sitenote_active":false,"_monsterinsights_sitenote_note":"","_monsterinsights_sitenote_category":0,"footnotes":""},"class_list":["post-23698","page","type-page","status-publish","hentry"],"acf":[],"_links":{"self":[{"href":"https:\/\/ebsv.edu.azores.gov.pt\/index.php?rest_route=\/wp\/v2\/pages\/23698","targetHints":{"allow":["GET"]}}],"collection":[{"href":"https:\/\/ebsv.edu.azores.gov.pt\/index.php?rest_route=\/wp\/v2\/pages"}],"about":[{"href":"https:\/\/ebsv.edu.azores.gov.pt\/index.php?rest_route=\/wp\/v2\/types\/page"}],"author":[{"embeddable":true,"href":"https:\/\/ebsv.edu.azores.gov.pt\/index.php?rest_route=\/wp\/v2\/users\/3"}],"replies":[{"embeddable":true,"href":"https:\/\/ebsv.edu.azores.gov.pt\/index.php?rest_route=%2Fwp%2Fv2%2Fcomments&post=23698"}],"version-history":[{"count":0,"href":"https:\/\/ebsv.edu.azores.gov.pt\/index.php?rest_route=\/wp\/v2\/pages\/23698\/revisions"}],"wp:attachment":[{"href":"https:\/\/ebsv.edu.azores.gov.pt\/index.php?rest_route=%2Fwp%2Fv2%2Fmedia&parent=23698"}],"curies":[{"name":"wp","href":"https:\/\/api.w.org\/{rel}","templated":true}]}}