{"id":23709,"date":"2022-04-22T14:47:25","date_gmt":"2022-04-22T15:47:25","guid":{"rendered":"http:\/\/ebsv.edu.azores.gov.pt\/wordpress\/?page_id=23709"},"modified":"2022-04-22T14:47:25","modified_gmt":"2022-04-22T15:47:25","slug":"conta-de-gerencia-2021","status":"publish","type":"page","link":"https:\/\/ebsv.edu.azores.gov.pt\/?page_id=23709","title":{"rendered":"Conta de Ger\u00eancia 2021"},"content":{"rendered":"\n<h2 class=\"wp-block-heading\">Or\u00e7amento<br><\/h2>\n\n\n\n<ul class=\"wp-block-list\"><li> <a href=\"https:\/\/ebsv-dev.edu.azores.gov.pt\/wp-content\/uploads\/2022\/04\/2021-Orcamento-Ordinario-1.pdf\">Or\u00e7amento ordin\u00e1rio 2021<\/a> <\/li><\/ul>\n\n\n\n<h2 class=\"wp-block-heading\">Fundo Escolar<\/h2>\n\n\n\n<ul class=\"wp-block-list\"><li><a href=\"https:\/\/ebsv-dev.edu.azores.gov.pt\/wp-content\/uploads\/2022\/04\/Alteracoes-orcamentais-da-despesa-1.pdf\">Altera\u00e7\u00f5es Or\u00e7amentais da Despesa<\/a><\/li><li><a href=\"https:\/\/ebsv-dev.edu.azores.gov.pt\/wp-content\/uploads\/2022\/04\/Alteracoes-orcamentais-receita-1.pdf\">Altera\u00e7\u00f5es Or\u00e7amentais da Receita<\/a><\/li><li><a href=\"https:\/\/ebsv-dev.edu.azores.gov.pt\/wp-content\/uploads\/2022\/04\/Ativos-fixos-tangiveis-1.pdf\">Ativos Fixos Tang\u00edveis<\/a><\/li><li><a href=\"https:\/\/ebsv-dev.edu.azores.gov.pt\/wp-content\/uploads\/2022\/04\/Ativos-Intangiveis-1.pdf\">Ativos Intang\u00edveis<\/a><\/li><li><a href=\"https:\/\/ebsv-dev.edu.azores.gov.pt\/wp-content\/uploads\/2022\/04\/Balancete-analitico-antes-dos-apuramentos-mes-13-1.pdf\">Balancete Anal\u00edtico antes dos Apuramentos M\u00eas 13\u00ba<\/a><\/li><li><a href=\"https:\/\/ebsv-dev.edu.azores.gov.pt\/wp-content\/uploads\/2022\/04\/Balancete-analitico-apos-apuramentos-mes-14-1.pdf\">Balancete Anal\u00edtico ap\u00f3s Apuramentos M\u00eas 14\u00ba<\/a><\/li><li><a href=\"https:\/\/ebsv-dev.edu.azores.gov.pt\/wp-content\/uploads\/2022\/04\/Balanco-1.pdf\">Balan\u00e7o<\/a><\/li><li><a href=\"https:\/\/ebsv-dev.edu.azores.gov.pt\/wp-content\/uploads\/2022\/04\/Demonstracao-das-alteracoes-no-patrimonio-liquido-1.pdf\">Demonstra\u00e7\u00e3o das Altera\u00e7\u00f5es no Patrim\u00f3nio Liquido<\/a><\/li><li><a href=\"https:\/\/ebsv-dev.edu.azores.gov.pt\/wp-content\/uploads\/2022\/04\/Demonstracao-de-execucao-orcamental-da-despesa-1.pdf\">Demonstra\u00e7\u00e3o de Execu\u00e7\u00e3o Or\u00e7amental da Despesa<\/a><\/li><li><a href=\"https:\/\/ebsv-dev.edu.azores.gov.pt\/wp-content\/uploads\/2022\/04\/Demonstracao-de-execucao-orcamental-da-receita-1.pdf\">Demonstra\u00e7\u00e3o de Execu\u00e7\u00e3o Or\u00e7amental da Receita<\/a><\/li><li><a href=\"https:\/\/ebsv-dev.edu.azores.gov.pt\/wp-content\/uploads\/2022\/04\/Demonstracao-de-Fluxos-de-Caixa-1.pdf\">Demonstra\u00e7\u00e3o de Fluxos de Caixa<\/a><\/li><li><a href=\"https:\/\/ebsv-dev.edu.azores.gov.pt\/wp-content\/uploads\/2022\/04\/Demonstracao-de-resultados-por-natureza-1.pdf\">Demonstra\u00e7\u00e3o de Resultados por Natureza<\/a><\/li><li><a href=\"https:\/\/ebsv-dev.edu.azores.gov.pt\/wp-content\/uploads\/2022\/04\/Relatorio-de-Gestao-1.pdf\">Relat\u00f3rio de Gest\u00e3o<\/a><\/li><\/ul>\n\n\n\n<h2 class=\"wp-block-heading\">Or\u00e7amentos Suplementares<\/h2>\n\n\n\n<ul class=\"wp-block-list\"><li><a href=\"https:\/\/ebsv-dev.edu.azores.gov.pt\/wp-content\/uploads\/2022\/04\/2021-02-Orcamento-Suplementar-1.pdf\">1\u00ba Or\u00e7amento Suplementar<\/a><\/li><li><a href=\"https:\/\/ebsv-dev.edu.azores.gov.pt\/wp-content\/uploads\/2022\/04\/2021-01-Orcamento-Suplementar-1.pdf\">2\u00ba Or\u00e7amento Suplementar <\/a><\/li><li><a href=\"https:\/\/ebsv-dev.edu.azores.gov.pt\/wp-content\/uploads\/2022\/04\/2021-04-Orcamento-Suplementar-1.pdf\">3\u00ba <\/a><a href=\"https:\/\/ebsv-dev.edu.azores.gov.pt\/wp-content\/uploads\/2022\/04\/2021-03-Orcamento-Suplementar-1.pdf\">Or\u00e7amento <\/a><a href=\"https:\/\/ebsv-dev.edu.azores.gov.pt\/wp-content\/uploads\/2022\/04\/2021-04-Orcamento-Suplementar-1.pdf\">Suplementar <\/a><\/li><li><a href=\"https:\/\/ebsv-dev.edu.azores.gov.pt\/wp-content\/uploads\/2022\/04\/2021-04-Orcamento-Suplementar-1.pdf\">4\u00ba Or\u00e7amento Suplementar <\/a><\/li><li><a href=\"https:\/\/ebsv-dev.edu.azores.gov.pt\/wp-content\/uploads\/2022\/04\/2021-05-Orcamento-Suplementar-1.pdf\">5\u00ba Or\u00e7amento Suplementar <\/a><\/li><li><a href=\"https:\/\/ebsv-dev.edu.azores.gov.pt\/wp-content\/uploads\/2022\/04\/2021-06-Orcamento-Suplementar-1.pdf\">6\u00ba Or\u00e7amento Suplementar <\/a><\/li><li><a href=\"https:\/\/ebsv-dev.edu.azores.gov.pt\/wp-content\/uploads\/2022\/04\/2021-07-Orcamento-Suplementar-1.pdf\">7\u00ba Or\u00e7amento Suplementar  <\/a><\/li><li><a href=\"https:\/\/ebsv.edu.azores.gov.pt\/wp-content\/uploads\/sites\/38\/2022\/04\/2021-08-Or\u00e7amento-Suplementar.pdf\">8\u00ba Or\u00e7amento Suplementar<\/a><\/li><li><a href=\"https:\/\/ebsv.edu.azores.gov.pt\/wp-content\/uploads\/sites\/38\/2022\/04\/2021-09-Or\u00e7amento-Suplementar.pdf\">9\u00ba Or\u00e7amento Suplementar<\/a><\/li><li><a href=\"https:\/\/ebsv-dev.edu.azores.gov.pt\/wp-content\/uploads\/2022\/04\/2021-10-Orcamento-Suplementar-1.pdf\">10\u00ba Or\u00e7amento Suplementar<\/a><\/li><\/ul>\n\n\n\n<p><\/p>\n","protected":false},"excerpt":{"rendered":"<p>Or\u00e7amento Or\u00e7amento ordin\u00e1rio 2021 Fundo Escolar Altera\u00e7\u00f5es Or\u00e7amentais da Despesa Altera\u00e7\u00f5es Or\u00e7amentais da Receita Ativos Fixos Tang\u00edveis Ativos Intang\u00edveis Balancete Anal\u00edtico antes dos Apuramentos M\u00eas 13\u00ba Balancete Anal\u00edtico ap\u00f3s Apuramentos M\u00eas 14\u00ba Balan\u00e7o Demonstra\u00e7\u00e3o das Altera\u00e7\u00f5es no Patrim\u00f3nio Liquido Demonstra\u00e7\u00e3o de Execu\u00e7\u00e3o Or\u00e7amental da Despesa Demonstra\u00e7\u00e3o de Execu\u00e7\u00e3o Or\u00e7amental da Receita Demonstra\u00e7\u00e3o de Fluxos de<\/p><\/div>\n<div class=\"blog-btn\"><a href=\"https:\/\/ebsv.edu.azores.gov.pt\/?page_id=23709\" class=\"home-blog-btn\">Ler mais<\/a><\/p>\n","protected":false},"author":3,"featured_media":0,"parent":0,"menu_order":0,"comment_status":"closed","ping_status":"closed","template":"","meta":{"_mi_skip_tracking":false,"_monsterinsights_sitenote_active":false,"_monsterinsights_sitenote_note":"","_monsterinsights_sitenote_category":0,"footnotes":""},"class_list":["post-23709","page","type-page","status-publish","hentry"],"acf":[],"_links":{"self":[{"href":"https:\/\/ebsv.edu.azores.gov.pt\/index.php?rest_route=\/wp\/v2\/pages\/23709","targetHints":{"allow":["GET"]}}],"collection":[{"href":"https:\/\/ebsv.edu.azores.gov.pt\/index.php?rest_route=\/wp\/v2\/pages"}],"about":[{"href":"https:\/\/ebsv.edu.azores.gov.pt\/index.php?rest_route=\/wp\/v2\/types\/page"}],"author":[{"embeddable":true,"href":"https:\/\/ebsv.edu.azores.gov.pt\/index.php?rest_route=\/wp\/v2\/users\/3"}],"replies":[{"embeddable":true,"href":"https:\/\/ebsv.edu.azores.gov.pt\/index.php?rest_route=%2Fwp%2Fv2%2Fcomments&post=23709"}],"version-history":[{"count":0,"href":"https:\/\/ebsv.edu.azores.gov.pt\/index.php?rest_route=\/wp\/v2\/pages\/23709\/revisions"}],"wp:attachment":[{"href":"https:\/\/ebsv.edu.azores.gov.pt\/index.php?rest_route=%2Fwp%2Fv2%2Fmedia&parent=23709"}],"curies":[{"name":"wp","href":"https:\/\/api.w.org\/{rel}","templated":true}]}}