{"id":2850,"date":"2015-04-22T17:31:58","date_gmt":"2015-04-22T17:31:58","guid":{"rendered":"http:\/\/ebsv.edu.azores.gov.pt\/wordpress\/?page_id=2850"},"modified":"2026-03-10T11:51:11","modified_gmt":"2026-03-10T11:51:11","slug":"provas-finais-a-nivel-de-escola","status":"publish","type":"page","link":"https:\/\/ebsv.edu.azores.gov.pt\/?page_id=2850","title":{"rendered":"Provas de Conclus\u00e3o do Ensino Secund\u00e1rio (Adultos)"},"content":{"rendered":"<p><strong>Em atualiza\u00e7\u00e3o&#8230;<\/strong><\/p>\n","protected":false},"excerpt":{"rendered":"<p>Em atualiza\u00e7\u00e3o&#8230;<\/p>\n","protected":false},"author":3,"featured_media":0,"parent":0,"menu_order":0,"comment_status":"closed","ping_status":"open","template":"","meta":{"_mi_skip_tracking":false,"_monsterinsights_sitenote_active":false,"_monsterinsights_sitenote_note":"","_monsterinsights_sitenote_category":0,"footnotes":""},"class_list":["post-2850","page","type-page","status-publish","hentry"],"acf":[],"_links":{"self":[{"href":"https:\/\/ebsv.edu.azores.gov.pt\/index.php?rest_route=\/wp\/v2\/pages\/2850","targetHints":{"allow":["GET"]}}],"collection":[{"href":"https:\/\/ebsv.edu.azores.gov.pt\/index.php?rest_route=\/wp\/v2\/pages"}],"about":[{"href":"https:\/\/ebsv.edu.azores.gov.pt\/index.php?rest_route=\/wp\/v2\/types\/page"}],"author":[{"embeddable":true,"href":"https:\/\/ebsv.edu.azores.gov.pt\/index.php?rest_route=\/wp\/v2\/users\/3"}],"replies":[{"embeddable":true,"href":"https:\/\/ebsv.edu.azores.gov.pt\/index.php?rest_route=%2Fwp%2Fv2%2Fcomments&post=2850"}],"version-history":[{"count":2,"href":"https:\/\/ebsv.edu.azores.gov.pt\/index.php?rest_route=\/wp\/v2\/pages\/2850\/revisions"}],"predecessor-version":[{"id":31598,"href":"https:\/\/ebsv.edu.azores.gov.pt\/index.php?rest_route=\/wp\/v2\/pages\/2850\/revisions\/31598"}],"wp:attachment":[{"href":"https:\/\/ebsv.edu.azores.gov.pt\/index.php?rest_route=%2Fwp%2Fv2%2Fmedia&parent=2850"}],"curies":[{"name":"wp","href":"https:\/\/api.w.org\/{rel}","templated":true}]}}