{"id":28781,"date":"2014-10-19T00:42:16","date_gmt":"2014-10-19T00:42:16","guid":{"rendered":"http:\/\/127.0.0.1\/wordpress\/?page_id=121"},"modified":"2014-10-19T00:42:16","modified_gmt":"2014-10-19T00:42:16","slug":"matematica-e-novas-tecnologias","status":"publish","type":"page","link":"https:\/\/ebsv.edu.azores.gov.pt\/?page_id=28781","title":{"rendered":"Matem\u00e1tica e Novas Tecnologias"},"content":{"rendered":"<h2><\/h2>\n<h6 style=\"text-align: center\">O Departamento de Matem\u00e1tica e Novas Tecnologias da EBS de Velas congrega os professores que lecionam as disciplinas na \u00e1rea da matem\u00e1tica do 5\u00ba ano 12\u00ba ano e da \u00e1rea da inform\u00e1tica.<\/h6>\n<h6 style=\"text-align: center\">A nossa miss\u00e3o \u00e9 assegurar a evolu\u00e7\u00e3o e melhoria na pr\u00e1tica letiva das aulas de matem\u00e1tica e inform\u00e1tica com vista ao sucesso dos alunos, bem como promover e operacionalizar a participa\u00e7\u00e3o da escola em eventos externos \u00e0 escola por forma a motivar os alunos para as disciplinas que comp\u00f5em este departamento.<\/h6>\n<h4><a href=\"https:\/\/ebsv-dev.edu.azores.gov.pt\/wp-content\/uploads\/2021\/01\/Mat-e-NT-Regimento-Interno-1.pdf\"><span style=\"color: #999999\"><strong>Regimento<\/strong><\/span><\/a><\/h4>\n<ul>\n \t<li><span style=\"color: #ff6600\"><a style=\"color: #ff6600\" href=\"https:\/\/ebsv-dev.edu.azores.gov.pt\/wp-content\/uploads\/2021\/02\/Regimento-Interno_Oficina-da-MatemAtica-1.pdf\">Regimento Oficina de Matem\u00e1tica<\/a><\/span><\/li>\n \t<li><a href=\"https:\/\/ebsv-dev.edu.azores.gov.pt\/wp-content\/uploads\/2021\/01\/Regimento-Interno-Lab.-inform-1.pdf\"><span style=\"color: #ff6600\">Regimento Interno dos Laborat\u00f3rios de Inform\u00e1tica<\/span><\/a><\/li>\n<\/ul>\n<h4>Planifica\u00e7\u00f5es<\/h4>\n<ul>\n \t<li><a href=\"https:\/\/ebsv-dev.edu.azores.gov.pt\/wp-content\/uploads\/2024\/01\/PLAN_2CEB_5o_MAT-1.pdf\"><span style=\"color: #ff6600\">PLAN_2CEB_5\u00ba_MAT<\/span><\/a><\/li>\n \t<li>\n<div class=\"filename new\"><a href=\"https:\/\/ebsv-dev.edu.azores.gov.pt\/wp-content\/uploads\/2024\/01\/PLAN_2CEB_5o_TIC-1.pdf\"><span class=\"media-list-title\" style=\"color: #ff6600\">PLAN_2CEB_5\u00ba_TIC<\/span><\/a><\/div><\/li>\n \t<li><a href=\"https:\/\/ebsv-dev.edu.azores.gov.pt\/wp-content\/uploads\/2024\/01\/PLAN_2CEB_6o_MAT-1.pdf\"><span style=\"color: #ff6600\">PLAN_2CEB_6\u00ba_MAT<\/span><\/a><\/li>\n \t<li>\n<div class=\"filename new\"><a href=\"https:\/\/ebsv-dev.edu.azores.gov.pt\/wp-content\/uploads\/2024\/01\/PLAN_2CEB_6o_TIC-1.pdf\"><span class=\"media-list-title\" style=\"color: #ff6600\">PLAN_2CEB_6\u00ba_TIC<\/span><\/a><\/div><\/li>\n \t<li><a href=\"https:\/\/ebsv-dev.edu.azores.gov.pt\/wp-content\/uploads\/2024\/01\/PLAN_3CEB_7o_MAT-1.pdf\"><span style=\"color: #ff6600\">PLAN_3CEB_7\u00ba_MAT<\/span><\/a><\/li>\n \t<li>\n<div class=\"filename new\"><a href=\"https:\/\/ebsv-dev.edu.azores.gov.pt\/wp-content\/uploads\/2024\/01\/PLAN_3CEB_7o_PR-1.pdf\"><span class=\"media-list-title\" style=\"color: #ff6600\">PLAN_3CEB_7\u00ba_PR<\/span><\/a><\/div><\/li>\n \t<li><a href=\"https:\/\/ebsv-dev.edu.azores.gov.pt\/wp-content\/uploads\/2024\/01\/PLAN_3CEB_7o_TIC-1.pdf\"><span style=\"color: #ff6600\">PLAN_3CEB_7\u00ba_TIC<\/span><\/a><\/li>\n \t<li>\n<div class=\"filename new\"><a href=\"https:\/\/ebsv-dev.edu.azores.gov.pt\/wp-content\/uploads\/2024\/01\/PLAN_3CEB_8o_MAT-1.pdf\"><span class=\"media-list-title\" style=\"color: #ff6600\">PLAN_3CEB_8\u00ba_MAT<\/span><\/a><\/div><\/li>\n \t<li>\n<div class=\"filename new\"><a href=\"https:\/\/ebsv-dev.edu.azores.gov.pt\/wp-content\/uploads\/2024\/01\/PLAN_3CEB_8o_TIC-1.pdf\"><span class=\"media-list-title\" style=\"color: #ff6600\">PLAN_3CEB_8\u00ba_TIC<\/span><\/a><\/div><\/li>\n \t<li><a href=\"https:\/\/ebsv-dev.edu.azores.gov.pt\/wp-content\/uploads\/2024\/01\/PLAN_3CEB_9o_MAT-1.pdf\"><span style=\"color: #ff6600\">PLAN_3CEB_9\u00ba_MAT<\/span><\/a><\/li>\n \t<li><a href=\"https:\/\/ebsv-dev.edu.azores.gov.pt\/wp-content\/uploads\/2024\/01\/PLAN_3CEB_9o_TIC-1.pdf\"><span style=\"color: #ff6600\">PLAN_3CEB_9\u00ba_TIC<\/span><\/a><\/li>\n \t<li>\n<div class=\"filename new\"><a href=\"https:\/\/ebsv-dev.edu.azores.gov.pt\/wp-content\/uploads\/2024\/01\/PLAN_ES_10o_MAT-A-1.pdf\"><span class=\"media-list-title\" style=\"color: #ff6600\">PLAN_ES_10\u00ba_MAT A<\/span><\/a><\/div><\/li>\n \t<li><a href=\"https:\/\/ebsv-dev.edu.azores.gov.pt\/wp-content\/uploads\/2024\/01\/PLAN_ES_10o_MAT-B-1.pdf\"><span style=\"color: #ff6600\">PLAN_ES_10\u00ba_MAT B<\/span><\/a><\/li>\n \t<li><a href=\"https:\/\/ebsv-dev.edu.azores.gov.pt\/wp-content\/uploads\/2024\/01\/PLAN_ES_11o_MAT-A-1.pdf\"><span style=\"color: #ff6600\">PLAN_ES_11\u00ba_MAT A<\/span><\/a><\/li>\n<\/ul>\n<!-- \/wp:post-content -->","protected":false},"excerpt":{"rendered":"<p>O Departamento de Matem\u00e1tica e Novas Tecnologias da EBS de Velas congrega os professores que lecionam as disciplinas na \u00e1rea da matem\u00e1tica do 5\u00ba ano 12\u00ba ano e da \u00e1rea da inform\u00e1tica. A nossa miss\u00e3o \u00e9 assegurar a evolu\u00e7\u00e3o e melhoria na pr\u00e1tica letiva das aulas de matem\u00e1tica e inform\u00e1tica com vista ao sucesso dos<\/p><\/div>\n<div class=\"blog-btn\"><a href=\"https:\/\/ebsv.edu.azores.gov.pt\/?page_id=28781\" class=\"home-blog-btn\">Ler mais<\/a><\/p>\n","protected":false},"author":3,"featured_media":0,"parent":0,"menu_order":0,"comment_status":"closed","ping_status":"closed","template":"","meta":{"_mi_skip_tracking":false,"_monsterinsights_sitenote_active":false,"_monsterinsights_sitenote_note":"","_monsterinsights_sitenote_category":0,"footnotes":""},"class_list":["post-28781","page","type-page","status-publish","hentry"],"acf":[],"_links":{"self":[{"href":"https:\/\/ebsv.edu.azores.gov.pt\/index.php?rest_route=\/wp\/v2\/pages\/28781","targetHints":{"allow":["GET"]}}],"collection":[{"href":"https:\/\/ebsv.edu.azores.gov.pt\/index.php?rest_route=\/wp\/v2\/pages"}],"about":[{"href":"https:\/\/ebsv.edu.azores.gov.pt\/index.php?rest_route=\/wp\/v2\/types\/page"}],"author":[{"embeddable":true,"href":"https:\/\/ebsv.edu.azores.gov.pt\/index.php?rest_route=\/wp\/v2\/users\/3"}],"replies":[{"embeddable":true,"href":"https:\/\/ebsv.edu.azores.gov.pt\/index.php?rest_route=%2Fwp%2Fv2%2Fcomments&post=28781"}],"version-history":[{"count":0,"href":"https:\/\/ebsv.edu.azores.gov.pt\/index.php?rest_route=\/wp\/v2\/pages\/28781\/revisions"}],"wp:attachment":[{"href":"https:\/\/ebsv.edu.azores.gov.pt\/index.php?rest_route=%2Fwp%2Fv2%2Fmedia&parent=28781"}],"curies":[{"name":"wp","href":"https:\/\/api.w.org\/{rel}","templated":true}]}}