{"id":29548,"date":"2024-04-04T15:31:34","date_gmt":"2024-04-04T15:31:34","guid":{"rendered":"https:\/\/ebsv.edu.azores.gov.pt\/?page_id=29548"},"modified":"2024-04-04T15:31:34","modified_gmt":"2024-04-04T15:31:34","slug":"conta-de-gerencia-2022","status":"publish","type":"page","link":"https:\/\/ebsv.edu.azores.gov.pt\/?page_id=29548","title":{"rendered":"Conta de Ger\u00eancia 2022"},"content":{"rendered":"<h2 class=\"wp-block-heading\">Or\u00e7amento<\/h2>\n<p><span style=\"color: #d42626\"><a style=\"color: #d42626\" href=\"https:\/\/ebsv-dev.edu.azores.gov.pt\/wp-content\/uploads\/2024\/04\/A525-2022-Orcamento-Ordinario-1.pdf\">Or\u00e7amento Ordin\u00e1rio 2022<\/a><\/span><\/p>\n<h2 class=\"wp-block-heading\">Fundo Escolar<\/h2>\n<p><span style=\"color: #d42626\"><a style=\"color: #d42626\" href=\"https:\/\/ebsv-dev.edu.azores.gov.pt\/wp-content\/uploads\/2024\/04\/36-Relatorio-de-Gestao-2022-1.pdf\">Relat\u00f3rio de Gest\u00e3o 2022<\/a><\/span><\/p>\n<p><span style=\"color: #d42626\"><a style=\"color: #d42626\" href=\"https:\/\/ebsv-dev.edu.azores.gov.pt\/wp-content\/uploads\/2023\/04\/Alteracoes-orcamentais-receita-1.pdf\">Altera\u00e7\u00f5es Or\u00e7amentais da Receita<\/a><\/span><\/p>\n<p><span style=\"color: #d42626\"><a style=\"color: #d42626\" href=\"https:\/\/ebsv-dev.edu.azores.gov.pt\/wp-content\/uploads\/2023\/04\/Alteracoes-orcamentais-da-despesa-1.pdf\">Altera\u00e7\u00f5es Or\u00e7amentais da Despesa<\/a><\/span><\/p>\n<p><span style=\"color: #d42626\"><a style=\"color: #d42626\" href=\"https:\/\/ebsv-dev.edu.azores.gov.pt\/wp-content\/uploads\/2023\/04\/Balanco-2022-1.pdf\">Balan\u00e7o 2022<\/a><\/span><\/p>\n<p><span style=\"color: #d42626\"><a style=\"color: #d42626\" href=\"https:\/\/ebsv-dev.edu.azores.gov.pt\/wp-content\/uploads\/2023\/04\/Demonstacao-das-alteracoes-no-patrimonio-liquido-1.pdf\">Demonstra\u00e7\u00f5es das Altera\u00e7\u00f5es do Patrim\u00f3nio L\u00edquido<\/a><\/span><\/p>\n<p><span style=\"color: #d42626\"><a style=\"color: #d42626\" href=\"https:\/\/ebsv-dev.edu.azores.gov.pt\/wp-content\/uploads\/2023\/04\/Demonstracao-de-execucao-orcamental-da-receita-1.pdf\">Demonstra\u00e7\u00e3o da Execu\u00e7\u00e3o Or\u00e7amental da Receita<\/a><\/span><\/p>\n<p><span style=\"color: #d42626\"><a style=\"color: #d42626\" href=\"https:\/\/ebsv-dev.edu.azores.gov.pt\/wp-content\/uploads\/2023\/04\/Demonstracao-de-execucao-orcamental-da-despesa-1.pdf\">Demonstra\u00e7\u00e3o da Execu\u00e7\u00e3o Or\u00e7amental da Despesa<\/a><\/span><\/p>\n<p><span style=\"color: #d42626\"><a style=\"color: #d42626\" href=\"https:\/\/ebsv-dev.edu.azores.gov.pt\/wp-content\/uploads\/2023\/04\/Demonstracao-de-resultados-1.pdf\">Demonstra\u00e7\u00e3o de Resultados<\/a><\/span><\/p>\n<p><span style=\"color: #d42626\"><a style=\"color: #d42626\" href=\"https:\/\/ebsv-dev.edu.azores.gov.pt\/wp-content\/uploads\/2023\/04\/Demonstracao-desempenho-orcamental-1.pdf\">Demonstra\u00e7\u00e3o de Desempenho Or\u00e7amental<\/a><\/span><\/p>\n<p><span style=\"color: #d42626\"><a style=\"color: #d42626\" href=\"https:\/\/ebsv-dev.edu.azores.gov.pt\/wp-content\/uploads\/2023\/04\/Demonstracao-dos-fluxos-de-caixa-1.pdf\">Demonstra\u00e7\u00e3o de Fluxos de Caixa<\/a><\/span><\/p>\n<h2 class=\"wp-block-heading\">Or\u00e7amentos Suplementares<\/h2>\n<p><span style=\"color: #d42626\"><a style=\"color: #d42626\" href=\"https:\/\/ebsv-dev.edu.azores.gov.pt\/wp-content\/uploads\/2024\/04\/A525-2022-01-Orcamento-Suplementar-1.pdf\">01 &#8211; Or\u00e7amento Suplementar<\/a><\/span><\/p>\n<p><span style=\"color: #d42626\"><a style=\"color: #d42626\" href=\"https:\/\/ebsv-dev.edu.azores.gov.pt\/wp-content\/uploads\/2024\/04\/A525-2022-02-Orcamento-Suplementar-1.pdf\">02 &#8211; Or\u00e7amento Suplementar<\/a><\/span><\/p>\n<p><span style=\"color: #d42626\"><a style=\"color: #d42626\" href=\"https:\/\/ebsv-dev.edu.azores.gov.pt\/wp-content\/uploads\/2024\/04\/A525-2022-03-Orcamento-Suplementar_signed_signed-1.pdf\">03 &#8211; Or\u00e7amento Suplementar<\/a><\/span><\/p>\n<p><span style=\"color: #d42626\"><a style=\"color: #d42626\" href=\"https:\/\/ebsv-dev.edu.azores.gov.pt\/wp-content\/uploads\/2024\/04\/A525-2022-04-Orcamento-Suplementar-1.pdf\">04 &#8211; Or\u00e7amento Suplementar<\/a><\/span><\/p>\n<p><span style=\"color: #d42626\"><a style=\"color: #d42626\" href=\"https:\/\/ebsv-dev.edu.azores.gov.pt\/wp-content\/uploads\/2024\/04\/A525-2022-05-Orcamento-Suplementar-1.pdf\">05 &#8211; Or\u00e7amento Suplementar<\/a><\/span><\/p>\n<p><span style=\"color: #d42626\"><a style=\"color: #d42626\" href=\"https:\/\/ebsv-dev.edu.azores.gov.pt\/wp-content\/uploads\/2024\/04\/A525-2022-06-Orcamento-Suplementar-1.pdf\">06 &#8211; Or\u00e7amento Suplementar<\/a><\/span><\/p>\n<p><span style=\"color: #d42626\"><a style=\"color: #d42626\" href=\"https:\/\/ebsv-dev.edu.azores.gov.pt\/wp-content\/uploads\/2024\/04\/A525-2022-07-Orcamento-Suplementar-1.pdf\">07 &#8211; Or\u00e7amento Suplementar<\/a><\/span><\/p>\n<p><span style=\"color: #d42626\"><a style=\"color: #d42626\" href=\"https:\/\/ebsv-dev.edu.azores.gov.pt\/wp-content\/uploads\/2024\/04\/A525-2022-08-Orcamento-Suplementar_signed_signed_signed-1.pdf\">08 &#8211; Or\u00e7amento Suplementar<\/a><\/span><\/p>\n<p><span style=\"color: #d42626\"><a style=\"color: #d42626\" href=\"https:\/\/ebsv-dev.edu.azores.gov.pt\/wp-content\/uploads\/2024\/04\/A525-2022-09-Orcamento-Suplementar-1.pdf\">09 &#8211; Or\u00e7amento Suplementar<\/a><\/span><\/p>\n<p><span style=\"color: #d42626\"><a style=\"color: #d42626\" href=\"https:\/\/ebsv-dev.edu.azores.gov.pt\/wp-content\/uploads\/2024\/04\/A525-2022-10-Orcamento-Suplementar-1.pdf\">10 &#8211; Or\u00e7amento Suplementar<\/a><\/span><\/p>\n<p><span style=\"color: #d42626\"><a style=\"color: #d42626\" href=\"https:\/\/ebsv-dev.edu.azores.gov.pt\/wp-content\/uploads\/2024\/04\/A525-2022-11-Orcamento-Suplementar-1.pdf\">11 &#8211; Or\u00e7amento Suplementar<\/a><\/span><\/p>\n<p><span style=\"color: #d42626\"><a style=\"color: #d42626\" href=\"https:\/\/ebsv-dev.edu.azores.gov.pt\/wp-content\/uploads\/2024\/04\/A525-2022-12-Orcamento-Suplementar-1.pdf\">12 &#8211; Or\u00e7amento Suplementar<\/a><\/span><\/p>\n<p><span style=\"color: #d42626\"><a style=\"color: #d42626\" href=\"https:\/\/ebsv-dev.edu.azores.gov.pt\/wp-content\/uploads\/2024\/04\/A525-2022-13-Orcamento-Suplementar-1.pdf\">13 &#8211; Or\u00e7amento Suplementar<\/a><\/span><\/p>\n<p>&nbsp;<\/p>\n","protected":false},"excerpt":{"rendered":"<p>Or\u00e7amento Or\u00e7amento Ordin\u00e1rio 2022 Fundo Escolar Relat\u00f3rio de Gest\u00e3o 2022 Altera\u00e7\u00f5es Or\u00e7amentais da Receita Altera\u00e7\u00f5es Or\u00e7amentais da Despesa Balan\u00e7o 2022 Demonstra\u00e7\u00f5es das Altera\u00e7\u00f5es do Patrim\u00f3nio L\u00edquido Demonstra\u00e7\u00e3o da Execu\u00e7\u00e3o Or\u00e7amental da Receita Demonstra\u00e7\u00e3o da Execu\u00e7\u00e3o Or\u00e7amental da Despesa Demonstra\u00e7\u00e3o de Resultados Demonstra\u00e7\u00e3o de Desempenho Or\u00e7amental Demonstra\u00e7\u00e3o de Fluxos de Caixa Or\u00e7amentos Suplementares 01 &#8211; Or\u00e7amento<\/p><\/div>\n<div class=\"blog-btn\"><a href=\"https:\/\/ebsv.edu.azores.gov.pt\/?page_id=29548\" class=\"home-blog-btn\">Ler mais<\/a><\/p>\n","protected":false},"author":4,"featured_media":0,"parent":0,"menu_order":0,"comment_status":"closed","ping_status":"closed","template":"","meta":{"_mi_skip_tracking":false,"_monsterinsights_sitenote_active":false,"_monsterinsights_sitenote_note":"","_monsterinsights_sitenote_category":0,"footnotes":""},"class_list":["post-29548","page","type-page","status-publish","hentry"],"acf":[],"_links":{"self":[{"href":"https:\/\/ebsv.edu.azores.gov.pt\/index.php?rest_route=\/wp\/v2\/pages\/29548","targetHints":{"allow":["GET"]}}],"collection":[{"href":"https:\/\/ebsv.edu.azores.gov.pt\/index.php?rest_route=\/wp\/v2\/pages"}],"about":[{"href":"https:\/\/ebsv.edu.azores.gov.pt\/index.php?rest_route=\/wp\/v2\/types\/page"}],"author":[{"embeddable":true,"href":"https:\/\/ebsv.edu.azores.gov.pt\/index.php?rest_route=\/wp\/v2\/users\/4"}],"replies":[{"embeddable":true,"href":"https:\/\/ebsv.edu.azores.gov.pt\/index.php?rest_route=%2Fwp%2Fv2%2Fcomments&post=29548"}],"version-history":[{"count":0,"href":"https:\/\/ebsv.edu.azores.gov.pt\/index.php?rest_route=\/wp\/v2\/pages\/29548\/revisions"}],"wp:attachment":[{"href":"https:\/\/ebsv.edu.azores.gov.pt\/index.php?rest_route=%2Fwp%2Fv2%2Fmedia&parent=29548"}],"curies":[{"name":"wp","href":"https:\/\/api.w.org\/{rel}","templated":true}]}}