{"id":29710,"date":"2023-05-18T14:00:53","date_gmt":"2023-05-18T14:00:53","guid":{"rendered":"https:\/\/ebsv.edu.azores.gov.pt\/?page_id=29710"},"modified":"2023-05-18T14:00:53","modified_gmt":"2023-05-18T14:00:53","slug":"composicao","status":"publish","type":"page","link":"https:\/\/ebsv.edu.azores.gov.pt\/?page_id=29710","title":{"rendered":"Composi\u00e7\u00e3o"},"content":{"rendered":"<table style=\"width: 591px\" width=\"512\">\n<tbody>\n<tr>\n<td style=\"width: 739px;text-align: center\" colspan=\"5\" width=\"512\"><strong>DIRE\u00c7\u00c3O<\/strong><\/td>\n<\/tr>\n<tr>\n<td style=\"width: 88px;text-align: center\">Presidente<\/td>\n<td style=\"width: 164px;text-align: center\">Vice-Presidente<\/td>\n<td style=\"width: 101px;text-align: center\">Tesoureiro<\/td>\n<td style=\"width: 116px;text-align: center\">Secret\u00e1rio<\/td>\n<td style=\"width: 270px;text-align: center\">Vogais<\/td>\n<\/tr>\n<tr>\n<td style=\"width: 88px;text-align: center\" rowspan=\"3\">Sofia Viegas<\/td>\n<td style=\"width: 164px;text-align: center\" rowspan=\"3\">Mariana Bettencourt<\/td>\n<td style=\"width: 101px;text-align: center\" rowspan=\"3\">In\u00eas Silva<\/td>\n<td style=\"width: 116px;text-align: center\" rowspan=\"3\">Ana Silveira<\/td>\n<td style=\"width: 270px;text-align: center\">Matilde Silva<\/td>\n<\/tr>\n<tr>\n<td style=\"width: 270px;text-align: center\">In\u00eas Soares<\/td>\n<\/tr>\n<tr>\n<td style=\"width: 270px;text-align: center\">Ir\u00eds Mendon\u00e7a<\/td>\n<\/tr>\n<\/tbody>\n<\/table>\n<table width=\"512\">\n<tbody>\n<tr>\n<td style=\"text-align: center\" colspan=\"5\" width=\"512\"><strong>ASSEMBLEIA<\/strong><\/td>\n<\/tr>\n<tr>\n<td style=\"text-align: center\">Presidente<\/td>\n<td style=\"text-align: center\">Vice-Presidente<\/td>\n<td style=\"text-align: center\" colspan=\"2\">Secret\u00e1rio<\/td>\n<td style=\"text-align: center\">Vogal<\/td>\n<\/tr>\n<tr>\n<td style=\"text-align: center\">J\u00falia Libardi<\/td>\n<td style=\"text-align: center\">Andreia Pican\u00e7o<\/td>\n<td style=\"text-align: center\" colspan=\"2\">In\u00eas Louren\u00e7o<\/td>\n<td style=\"text-align: center\">Beatriz Vieira<\/td>\n<\/tr>\n<\/tbody>\n<\/table>\n<table width=\"418\">\n<tbody>\n<tr>\n<td style=\"text-align: center\" colspan=\"4\" width=\"418\"><strong>CONSELHO FISCAL<\/strong><\/td>\n<\/tr>\n<tr>\n<td style=\"text-align: center\">Presidente<\/td>\n<td style=\"text-align: center\">Secret\u00e1rio<\/td>\n<td style=\"text-align: center\" colspan=\"2\">Vogal<\/td>\n<\/tr>\n<tr>\n<td style=\"text-align: center\">Matilde Rosa<\/td>\n<td style=\"text-align: center\">Leonor Cabral<\/td>\n<td style=\"text-align: center\" colspan=\"2\">Tom\u00e1s Brasil<\/td>\n<\/tr>\n<\/tbody>\n<\/table>\n<table width=\"418\">\n<tbody>\n<tr>\n<td style=\"text-align: center\" colspan=\"4\" width=\"418\"><strong>CONSELHO DESPORTO<\/strong><\/td>\n<\/tr>\n<tr>\n<td style=\"text-align: center\">Presidente<\/td>\n<td style=\"text-align: center\">Secret\u00e1rio<\/td>\n<td style=\"text-align: center\" colspan=\"2\">Vogal<\/td>\n<\/tr>\n<tr>\n<td style=\"text-align: center\">Vit\u00f3ria Mota<\/td>\n<td style=\"text-align: center\">Marino Afonso<\/td>\n<td style=\"text-align: center\" colspan=\"2\">David Boto<\/td>\n<\/tr>\n<\/tbody>\n<\/table>\n<table width=\"418\">\n<tbody>\n<tr>\n<td style=\"text-align: center\" colspan=\"4\" width=\"418\"><strong>CONSELHO INFORMA\u00c7\u00c3O<\/strong><\/td>\n<\/tr>\n<tr>\n<td style=\"text-align: center\">Presidente<\/td>\n<td style=\"text-align: center\">Secret\u00e1rio<\/td>\n<td style=\"text-align: center\" colspan=\"2\">Vogal<\/td>\n<\/tr>\n<tr>\n<td style=\"text-align: center\">Gaspar Bettencourt<\/td>\n<td style=\"text-align: center\">Tom\u00e1s Alvernaz<\/td>\n<td style=\"text-align: center\" colspan=\"2\">Tiago Ribeiro<\/td>\n<\/tr>\n<\/tbody>\n<\/table>\n<p>&nbsp;<\/p>\n","protected":false},"excerpt":{"rendered":"<p>DIRE\u00c7\u00c3O Presidente Vice-Presidente Tesoureiro Secret\u00e1rio Vogais Sofia Viegas Mariana Bettencourt In\u00eas Silva Ana Silveira Matilde Silva In\u00eas Soares Ir\u00eds Mendon\u00e7a ASSEMBLEIA Presidente Vice-Presidente Secret\u00e1rio Vogal J\u00falia Libardi Andreia Pican\u00e7o In\u00eas Louren\u00e7o Beatriz Vieira CONSELHO FISCAL Presidente Secret\u00e1rio Vogal Matilde Rosa Leonor Cabral Tom\u00e1s Brasil CONSELHO DESPORTO Presidente Secret\u00e1rio Vogal Vit\u00f3ria Mota Marino Afonso David Boto<\/p><\/div>\n<div class=\"blog-btn\"><a href=\"https:\/\/ebsv.edu.azores.gov.pt\/?page_id=29710\" class=\"home-blog-btn\">Ler mais<\/a><\/p>\n","protected":false},"author":4,"featured_media":0,"parent":0,"menu_order":0,"comment_status":"closed","ping_status":"closed","template":"","meta":{"_mi_skip_tracking":false,"_monsterinsights_sitenote_active":false,"_monsterinsights_sitenote_note":"","_monsterinsights_sitenote_category":0,"footnotes":""},"class_list":["post-29710","page","type-page","status-publish","hentry"],"acf":[],"_links":{"self":[{"href":"https:\/\/ebsv.edu.azores.gov.pt\/index.php?rest_route=\/wp\/v2\/pages\/29710","targetHints":{"allow":["GET"]}}],"collection":[{"href":"https:\/\/ebsv.edu.azores.gov.pt\/index.php?rest_route=\/wp\/v2\/pages"}],"about":[{"href":"https:\/\/ebsv.edu.azores.gov.pt\/index.php?rest_route=\/wp\/v2\/types\/page"}],"author":[{"embeddable":true,"href":"https:\/\/ebsv.edu.azores.gov.pt\/index.php?rest_route=\/wp\/v2\/users\/4"}],"replies":[{"embeddable":true,"href":"https:\/\/ebsv.edu.azores.gov.pt\/index.php?rest_route=%2Fwp%2Fv2%2Fcomments&post=29710"}],"version-history":[{"count":0,"href":"https:\/\/ebsv.edu.azores.gov.pt\/index.php?rest_route=\/wp\/v2\/pages\/29710\/revisions"}],"wp:attachment":[{"href":"https:\/\/ebsv.edu.azores.gov.pt\/index.php?rest_route=%2Fwp%2Fv2%2Fmedia&parent=29710"}],"curies":[{"name":"wp","href":"https:\/\/api.w.org\/{rel}","templated":true}]}}