{"id":30490,"date":"2024-04-04T14:43:18","date_gmt":"2024-04-04T14:43:18","guid":{"rendered":"https:\/\/ebsv.edu.azores.gov.pt\/?page_id=30490"},"modified":"2024-04-04T14:43:18","modified_gmt":"2024-04-04T14:43:18","slug":"conta-de-gerencia-2024","status":"publish","type":"page","link":"https:\/\/ebsv.edu.azores.gov.pt\/?page_id=30490","title":{"rendered":"Conta de Ger\u00eancia 2024"},"content":{"rendered":"<h2 class=\"wp-block-heading\">Or\u00e7amento<\/h2>\n<ul>\n<li><span style=\"color: #000080\"><a style=\"color: #000080\" href=\"https:\/\/ebsv-dev.edu.azores.gov.pt\/wp-content\/uploads\/2024\/04\/A525-2024-Orcamento-Ordinario-Transitorio-1.pdf\">Or\u00e7amento Ordin\u00e1rio Transit\u00f3rio<\/a><\/span><\/li>\n<li><span style=\"color: #000080\"><a style=\"color: #000080\" href=\"https:\/\/ebsv-dev.edu.azores.gov.pt\/wp-content\/uploads\/2024\/07\/A525-2024-Orcamento-Ordinario-1.pdf\">Or\u00e7amento Ordin\u00e1rio\u00a0<\/a><\/span><\/li>\n<\/ul>\n<h2 class=\"wp-block-heading\">Fundo Escolar<\/h2>\n<ul>\n<li><a href=\"https:\/\/ebsv-dev.edu.azores.gov.pt\/wp-content\/uploads\/2025\/05\/Relatorio-de-Gestao-2024-1.pdf\">Relat\u00f3rio de Gest\u00e3o<\/a><\/li>\n<li><a href=\"https:\/\/ebsv-dev.edu.azores.gov.pt\/wp-content\/uploads\/2025\/05\/Alteracao-Orcamental-da-receita-1.pdf\">Altera\u00e7\u00e3o Or\u00e7amental da Receita<\/a><\/li>\n<li><a href=\"https:\/\/ebsv-dev.edu.azores.gov.pt\/wp-content\/uploads\/2025\/05\/Alteracoes-orcamentais-da-despesa-1.pdf\">Altera\u00e7\u00e3o Or\u00e7amental da Despesa<\/a><\/li>\n<li><a href=\"https:\/\/ebsv-dev.edu.azores.gov.pt\/wp-content\/uploads\/2025\/05\/Anexo-as-demonstracoes-Financeiras-2024-1.pdf\">Anexo \u00e0s demonstra\u00e7\u00f5es financeiras<\/a><\/li>\n<li><a href=\"https:\/\/ebsv-dev.edu.azores.gov.pt\/wp-content\/uploads\/2025\/05\/Anexo-as-demonstracoes-orcamentais-2024-1.pdf\">Anexo \u00e0s demonstra\u00e7\u00f5es or\u00e7amentais<\/a><\/li>\n<li><a href=\"https:\/\/ebsv-dev.edu.azores.gov.pt\/wp-content\/uploads\/2025\/05\/Balanco-1.pdf\">Balan\u00e7o<\/a><\/li>\n<li><a href=\"https:\/\/ebsv-dev.edu.azores.gov.pt\/wp-content\/uploads\/2025\/05\/Demonstracao-das-alteracoes-no-Patrimonio-Liquido-1.pdf\">Demonstra\u00e7\u00e3o das altera\u00e7\u00f5es no Patrim\u00f3nio Liquido<\/a><\/li>\n<li><a href=\"https:\/\/ebsv-dev.edu.azores.gov.pt\/wp-content\/uploads\/2025\/05\/Demonstracao-de-execucao-Orcamental-da-despesa-1.pdf\">Demonstra\u00e7\u00e3o de execu\u00e7\u00e3o Or\u00e7amental da despesa<\/a><\/li>\n<li><a href=\"https:\/\/ebsv-dev.edu.azores.gov.pt\/wp-content\/uploads\/2025\/05\/Demonstracao-de-execucao-orcamental-da-Receita-1.pdf\">Demonstra\u00e7\u00e3o de execu\u00e7\u00e3o or\u00e7amental da Receita<\/a><\/li>\n<li><a href=\"https:\/\/ebsv-dev.edu.azores.gov.pt\/wp-content\/uploads\/2025\/05\/Demonstracao-de-fluxo-de-caixa-1.pdf\">Demonstra\u00e7\u00e3o de fluxo de caixa<\/a><\/li>\n<li><a href=\"https:\/\/ebsv-dev.edu.azores.gov.pt\/wp-content\/uploads\/2025\/05\/Demonstracao-dos-resultados-1.pdf\">Demonstra\u00e7\u00e3o dos resultados<\/a><\/li>\n<\/ul>\n<h2 class=\"wp-block-heading\">Or\u00e7amentos Suplementares<\/h2>\n<ul>\n<li><span style=\"color: #000080\"><a style=\"color: #000080\" href=\"https:\/\/ebsv-dev.edu.azores.gov.pt\/wp-content\/uploads\/2024\/10\/A525-2024-01-Orcamento-Suplementar-1.pdf\">01 &#8211; Or\u00e7amento Suplementar<\/a><\/span><\/li>\n<li><span style=\"color: #000080\"><a style=\"color: #000080\" href=\"https:\/\/ebsv-dev.edu.azores.gov.pt\/wp-content\/uploads\/2024\/10\/A525-2024-02-Orcamento-Suplementar-1.pdf\">02 &#8211; Or\u00e7amento Suplementar<\/a><\/span><\/li>\n<li><span style=\"color: #000080\"><a style=\"color: #000080\" href=\"https:\/\/ebsv-dev.edu.azores.gov.pt\/wp-content\/uploads\/2024\/10\/A525-2024-03-Orcamento-Suplementar_signed_signed-1.pdf\">03 &#8211; Or\u00e7amento Suplementar<\/a><\/span><\/li>\n<li><span style=\"color: #000080\"><a style=\"color: #000080\" href=\"https:\/\/ebsv-dev.edu.azores.gov.pt\/wp-content\/uploads\/2024\/10\/A525-2024-04-Orcamento-Suplementar-1.pdf\">04 &#8211; Or\u00e7amento Suplementar<\/a><\/span><\/li>\n<li><span style=\"color: #000080\"><a style=\"color: #000080\" href=\"https:\/\/ebsv-dev.edu.azores.gov.pt\/wp-content\/uploads\/2025\/04\/A525-2024-05-Orcamento-Suplementar_signed_signed-1.pdf\">05 &#8211; Or\u00e7amento Suplementar<\/a><\/span><\/li>\n<li><span style=\"color: #000080\"><a style=\"color: #000080\" href=\"https:\/\/ebsv-dev.edu.azores.gov.pt\/wp-content\/uploads\/2025\/04\/A525-2024-06-Orcamento-Suplementar-1.pdf\">06 &#8211; Or\u00e7amento Suplementar<\/a><\/span><\/li>\n<li><span style=\"color: #000080\"><a style=\"color: #000080\" href=\"https:\/\/ebsv-dev.edu.azores.gov.pt\/wp-content\/uploads\/2025\/04\/A525-2024-07-Orcamento-Suplementar_signed_signed-1.pdf\">07 &#8211; Or\u00e7amento Suplementar<\/a><\/span><\/li>\n<li><span style=\"color: #000080\"><a style=\"color: #000080\" href=\"https:\/\/ebsv-dev.edu.azores.gov.pt\/wp-content\/uploads\/2024\/04\/A525-2024-01-Orcamento-Suplementar-Transitorio-1.pdf\">01 &#8211; Or\u00e7amento Suplementar Transit\u00f3rio<\/a><\/span><\/li>\n<li><span style=\"color: #000080\"><a style=\"color: #000080\" href=\"https:\/\/ebsv-dev.edu.azores.gov.pt\/wp-content\/uploads\/2024\/04\/A525-2024-02-Orcamento-Suplementar-Transitorio-1.pdf\">02 &#8211; Or\u00e7amento Suplementar Transit\u00f3rio<\/a><\/span><\/li>\n<li><span style=\"color: #000080\"><a style=\"color: #000080\" href=\"https:\/\/ebsv-dev.edu.azores.gov.pt\/wp-content\/uploads\/2024\/04\/A525-2024-03-Orcamento-Suplementar-Transitorio-1.pdf\">03 &#8211; Or\u00e7amento Suplementar Transit\u00f3rio<\/a><\/span><\/li>\n<li><span style=\"color: #000080\"><a style=\"color: #000080\" href=\"https:\/\/ebsv-dev.edu.azores.gov.pt\/wp-content\/uploads\/2024\/04\/A525-2024-04-Orcamento-Suplementar-Transitorio-1.pdf\">04 &#8211; Or\u00e7amento Suplementar Transit\u00f3rio<\/a><\/span><\/li>\n<li><span style=\"color: #000080\"><a style=\"color: #000080\" href=\"https:\/\/ebsv-dev.edu.azores.gov.pt\/wp-content\/uploads\/2024\/07\/A525-2024-05-Orcamento-Suplementar-Transitorio-1.pdf\">05 &#8211; Or\u00e7amento Suplementar Transit\u00f3rio<\/a><\/span><\/li>\n<li><span style=\"color: #000080\"><a style=\"color: #000080\" href=\"https:\/\/ebsv-dev.edu.azores.gov.pt\/wp-content\/uploads\/2024\/07\/A525-2024-Orcamento-Ordinario-1.pdf\">06 &#8211; Or\u00e7amento Suplementar Transit\u00f3rio<\/a><\/span><\/li>\n<\/ul>\n<p>&nbsp;<\/p>\n<p>&nbsp;<\/p>\n","protected":false},"excerpt":{"rendered":"<p>Or\u00e7amento Or\u00e7amento Ordin\u00e1rio Transit\u00f3rio Or\u00e7amento Ordin\u00e1rio\u00a0 Fundo Escolar Relat\u00f3rio de Gest\u00e3o Altera\u00e7\u00e3o Or\u00e7amental da Receita Altera\u00e7\u00e3o Or\u00e7amental da Despesa Anexo \u00e0s demonstra\u00e7\u00f5es financeiras Anexo \u00e0s demonstra\u00e7\u00f5es or\u00e7amentais Balan\u00e7o Demonstra\u00e7\u00e3o das altera\u00e7\u00f5es no Patrim\u00f3nio Liquido Demonstra\u00e7\u00e3o de execu\u00e7\u00e3o Or\u00e7amental da despesa Demonstra\u00e7\u00e3o de execu\u00e7\u00e3o or\u00e7amental da Receita Demonstra\u00e7\u00e3o de fluxo de caixa Demonstra\u00e7\u00e3o dos resultados Or\u00e7amentos<\/p><\/div>\n<div class=\"blog-btn\"><a href=\"https:\/\/ebsv.edu.azores.gov.pt\/?page_id=30490\" class=\"home-blog-btn\">Ler mais<\/a><\/p>\n","protected":false},"author":4,"featured_media":0,"parent":0,"menu_order":0,"comment_status":"closed","ping_status":"closed","template":"","meta":{"_mi_skip_tracking":false,"_monsterinsights_sitenote_active":false,"_monsterinsights_sitenote_note":"","_monsterinsights_sitenote_category":0,"footnotes":""},"class_list":["post-30490","page","type-page","status-publish","hentry"],"acf":[],"_links":{"self":[{"href":"https:\/\/ebsv.edu.azores.gov.pt\/index.php?rest_route=\/wp\/v2\/pages\/30490","targetHints":{"allow":["GET"]}}],"collection":[{"href":"https:\/\/ebsv.edu.azores.gov.pt\/index.php?rest_route=\/wp\/v2\/pages"}],"about":[{"href":"https:\/\/ebsv.edu.azores.gov.pt\/index.php?rest_route=\/wp\/v2\/types\/page"}],"author":[{"embeddable":true,"href":"https:\/\/ebsv.edu.azores.gov.pt\/index.php?rest_route=\/wp\/v2\/users\/4"}],"replies":[{"embeddable":true,"href":"https:\/\/ebsv.edu.azores.gov.pt\/index.php?rest_route=%2Fwp%2Fv2%2Fcomments&post=30490"}],"version-history":[{"count":0,"href":"https:\/\/ebsv.edu.azores.gov.pt\/index.php?rest_route=\/wp\/v2\/pages\/30490\/revisions"}],"wp:attachment":[{"href":"https:\/\/ebsv.edu.azores.gov.pt\/index.php?rest_route=%2Fwp%2Fv2%2Fmedia&parent=30490"}],"curies":[{"name":"wp","href":"https:\/\/api.w.org\/{rel}","templated":true}]}}