{"id":312,"date":"2014-11-13T16:21:18","date_gmt":"2014-11-13T16:21:18","guid":{"rendered":"http:\/\/localhost\/wordpress\/?page_id=312"},"modified":"2014-11-13T16:21:18","modified_gmt":"2014-11-13T16:21:18","slug":"ciencias-fisicas-e-naturais-2","status":"publish","type":"page","link":"https:\/\/ebsv.edu.azores.gov.pt\/?page_id=312","title":{"rendered":"Ci\u00eancias F\u00edsicas e Naturais"},"content":{"rendered":"<p><img loading=\"lazy\" decoding=\"async\" class=\"aligncenter wp-image-17041 size-large\" src=\"https:\/\/ebsv-dev.edu.azores.gov.pt\/wp-content\/uploads\/2018\/09\/cfn-1-1024x680.jpg\" alt=\"\" width=\"640\" height=\"425\" \/><\/p>\n<h4><\/h4>\n<ul>\n<li><a href=\"https:\/\/ebsv-dev.edu.azores.gov.pt\/wp-content\/uploads\/2024\/01\/Regimento-23_24-DCCFN-1.pdf\"><span style=\"color: #ff6600\">Regimento 23_24 DCCFN<\/span><\/a><\/li>\n<li><a href=\"https:\/\/ebsv-dev.edu.azores.gov.pt\/wp-content\/uploads\/2024\/01\/Regimento-Interno_Oficina-de-Ciencias-e-de-FQ-1.pdf\"><span style=\"color: #ff6600\">Regimento Interno Oficina de Ci\u00eancias e de FQ<\/span><\/a><\/li>\n<li>\n<div class=\"filename new\"><a href=\"https:\/\/ebsv-dev.edu.azores.gov.pt\/wp-content\/uploads\/2024\/01\/Regulamento-dos-Laboratorios-23_24-1.pdf\"><span class=\"media-list-title\" style=\"color: #ff6600\">Regulamento dos Laborat\u00f3rios 23_24<\/span><\/a><\/div>\n<\/li>\n<\/ul>\n<p>&nbsp;<\/p>\n<h4>Planifica\u00e7\u00f5es<\/h4>\n<ul>\n<li><a href=\"https:\/\/ebsv-dev.edu.azores.gov.pt\/wp-content\/uploads\/2024\/01\/PLAN_2CEB_CN-1.pdf\"><span style=\"color: #ff6600\">PLAN_2CEB_CN<\/span><\/a><\/li>\n<li>\n<div class=\"filename new\"><a href=\"https:\/\/ebsv-dev.edu.azores.gov.pt\/wp-content\/uploads\/2024\/01\/PLAN_2CEB_EMPR-2.pdf\"><span class=\"media-list-title\" style=\"color: #ff6600\">PLAN_2CEB_EMPR<\/span><\/a><\/div>\n<\/li>\n<li><a href=\"https:\/\/ebsv-dev.edu.azores.gov.pt\/wp-content\/uploads\/2024\/01\/PLAN_3CEB_7o_CN-1.pdf\"><span style=\"color: #ff6600\">PLAN_3CEB_7\u00ba_CN<\/span><\/a><\/li>\n<li>\n<div class=\"filename new\"><a href=\"https:\/\/ebsv-dev.edu.azores.gov.pt\/wp-content\/uploads\/2024\/01\/PLAN_3CEB_7o_FQ-1.pdf\"><span class=\"media-list-title\" style=\"color: #ff6600\">PLAN_3CEB_7\u00ba_FQ<\/span><\/a><\/div>\n<\/li>\n<li><a href=\"https:\/\/ebsv-dev.edu.azores.gov.pt\/wp-content\/uploads\/2024\/01\/PLAN_3CEB_8o_CN-1.pdf\"><span style=\"color: #ff6600\">PLAN_3CEB_8\u00ba_CN<\/span><\/a><\/li>\n<li><a href=\"https:\/\/ebsv-dev.edu.azores.gov.pt\/wp-content\/uploads\/2024\/01\/PLAN_3CEB_8o_FQ-1.pdf\"><span style=\"color: #ff6600\">PLAN_3CEB_8\u00ba_FQ<\/span><\/a><\/li>\n<li>\n<div class=\"filename new\"><a href=\"https:\/\/ebsv-dev.edu.azores.gov.pt\/wp-content\/uploads\/2024\/01\/PLAN_3CEB_9o_CN-1.pdf\"><span class=\"media-list-title\" style=\"color: #ff6600\">PLAN_3CEB_9\u00ba_CN<\/span><\/a><\/div>\n<\/li>\n<li>\n<div class=\"filename new\"><a href=\"https:\/\/ebsv-dev.edu.azores.gov.pt\/wp-content\/uploads\/2024\/01\/PLAN_3CEB_9o_FQ-1.pdf\"><span class=\"media-list-title\" style=\"color: #ff6600\">PLAN_3CEB_9\u00ba_FQ<\/span><\/a><\/div>\n<\/li>\n<li>\n<div class=\"filename new\"><a href=\"https:\/\/ebsv-dev.edu.azores.gov.pt\/wp-content\/uploads\/2024\/01\/PLAN_3CEB_EMPR-2.pdf\"><span class=\"media-list-title\" style=\"color: #ff6600\">PLAN_3CEB_EMPR<\/span><\/a><\/div>\n<\/li>\n<li><a href=\"https:\/\/ebsv-dev.edu.azores.gov.pt\/wp-content\/uploads\/2024\/01\/PLAN_ES_10o_BIO-GEO-1.pdf\"><span style=\"color: #ff6600\">PLAN_ES_10\u00ba_BIO GEO<\/span><\/a><\/li>\n<li><a href=\"https:\/\/ebsv-dev.edu.azores.gov.pt\/wp-content\/uploads\/2024\/01\/PLAN_ES_10o_FQ-A-1.pdf\"><span style=\"color: #ff6600\">PLAN_ES_10\u00ba_FQ A<\/span><\/a><\/li>\n<li><a href=\"https:\/\/ebsv-dev.edu.azores.gov.pt\/wp-content\/uploads\/2024\/01\/PLAN_ES_11o_BIO-GEO-1.pdf\"><span style=\"color: #ff6600\">PLAN_ES_11\u00ba_BIO GEO<\/span><\/a><\/li>\n<li><a href=\"https:\/\/ebsv-dev.edu.azores.gov.pt\/wp-content\/uploads\/2024\/01\/PLAN_ES_11o_FQ-A-1.pdf\"><span style=\"color: #ff6600\">PLAN_ES_11\u00ba_FQ A<\/span><\/a><\/li>\n<li>\n<div class=\"filename new\"><a href=\"https:\/\/ebsv-dev.edu.azores.gov.pt\/wp-content\/uploads\/2024\/01\/PLAN_ES_12o_BIO-1.pdf\"><span class=\"media-list-title\" style=\"color: #ff6600\">PLAN_ES_12\u00ba_BIO<\/span><\/a><\/div>\n<\/li>\n<\/ul>\n","protected":false},"excerpt":{"rendered":"<p>Regimento 23_24 DCCFN Regimento Interno Oficina de Ci\u00eancias e de FQ Regulamento dos Laborat\u00f3rios 23_24 &nbsp; Planifica\u00e7\u00f5es PLAN_2CEB_CN PLAN_2CEB_EMPR PLAN_3CEB_7\u00ba_CN PLAN_3CEB_7\u00ba_FQ PLAN_3CEB_8\u00ba_CN PLAN_3CEB_8\u00ba_FQ PLAN_3CEB_9\u00ba_CN PLAN_3CEB_9\u00ba_FQ PLAN_3CEB_EMPR PLAN_ES_10\u00ba_BIO GEO PLAN_ES_10\u00ba_FQ A PLAN_ES_11\u00ba_BIO GEO PLAN_ES_11\u00ba_FQ A PLAN_ES_12\u00ba_BIO<\/p>\n","protected":false},"author":3,"featured_media":0,"parent":0,"menu_order":0,"comment_status":"closed","ping_status":"closed","template":"","meta":{"_mi_skip_tracking":false,"_monsterinsights_sitenote_active":false,"_monsterinsights_sitenote_note":"","_monsterinsights_sitenote_category":0,"footnotes":""},"class_list":["post-312","page","type-page","status-publish","hentry"],"acf":[],"_links":{"self":[{"href":"https:\/\/ebsv.edu.azores.gov.pt\/index.php?rest_route=\/wp\/v2\/pages\/312","targetHints":{"allow":["GET"]}}],"collection":[{"href":"https:\/\/ebsv.edu.azores.gov.pt\/index.php?rest_route=\/wp\/v2\/pages"}],"about":[{"href":"https:\/\/ebsv.edu.azores.gov.pt\/index.php?rest_route=\/wp\/v2\/types\/page"}],"author":[{"embeddable":true,"href":"https:\/\/ebsv.edu.azores.gov.pt\/index.php?rest_route=\/wp\/v2\/users\/3"}],"replies":[{"embeddable":true,"href":"https:\/\/ebsv.edu.azores.gov.pt\/index.php?rest_route=%2Fwp%2Fv2%2Fcomments&post=312"}],"version-history":[{"count":0,"href":"https:\/\/ebsv.edu.azores.gov.pt\/index.php?rest_route=\/wp\/v2\/pages\/312\/revisions"}],"wp:attachment":[{"href":"https:\/\/ebsv.edu.azores.gov.pt\/index.php?rest_route=%2Fwp%2Fv2%2Fmedia&parent=312"}],"curies":[{"name":"wp","href":"https:\/\/api.w.org\/{rel}","templated":true}]}}