{"id":5084,"date":"2015-11-17T16:28:48","date_gmt":"2015-11-17T16:28:48","guid":{"rendered":"http:\/\/ebsv.edu.azores.gov.pt\/wordpress\/?page_id=5084"},"modified":"2026-03-10T12:23:54","modified_gmt":"2026-03-10T12:23:54","slug":"clube-de-protecao-civil","status":"publish","type":"page","link":"https:\/\/ebsv.edu.azores.gov.pt\/?page_id=5084","title":{"rendered":"Clube de Prote\u00e7\u00e3o Civil"},"content":{"rendered":"<h4><a href=\"https:\/\/ebsv-dev.edu.azores.gov.pt\/wp-content\/uploads\/2018\/09\/Reg-Prot-Civil-1.pdf\">Regulamento<\/a><\/h4>\n<h3>Evacua\u00e7\u00e3o em Situa\u00e7\u00e3o de Emerg\u00eancia<\/h3>\n<p style=\"text-align: center;\"><span style=\"color: #000000;\"><strong>SERVI\u00c7O DE PROTE\u00c7\u00c3O CIVIL E BOMBEIROS DOS A\u00c7ORES<\/strong><\/span><\/p>\n<p><img loading=\"lazy\" decoding=\"async\" class=\"alignnone size-medium wp-image-31603 aligncenter\" src=\"https:\/\/ebsv.edu.azores.gov.pt\/wp-content\/uploads\/2026\/03\/novo_logo-300x300.png\" alt=\"\" width=\"300\" height=\"300\" srcset=\"https:\/\/ebsv.edu.azores.gov.pt\/wp-content\/uploads\/2026\/03\/novo_logo-300x300.png 300w, https:\/\/ebsv.edu.azores.gov.pt\/wp-content\/uploads\/2026\/03\/novo_logo-1024x1024.png 1024w, https:\/\/ebsv.edu.azores.gov.pt\/wp-content\/uploads\/2026\/03\/novo_logo-150x150.png 150w, https:\/\/ebsv.edu.azores.gov.pt\/wp-content\/uploads\/2026\/03\/novo_logo-768x768.png 768w, https:\/\/ebsv.edu.azores.gov.pt\/wp-content\/uploads\/2026\/03\/novo_logo.png 1041w\" sizes=\"auto, (max-width: 300px) 100vw, 300px\" \/><\/p>\n<p style=\"text-align: center;\"><a title=\"Prote\u00e7\u00e3o Civil\" href=\"http:\/\/www.prociv.azores.gov.pt\" target=\"_blank\" rel=\"noopener noreferrer\"><em><strong><span style=\"color: #000080;\">entre aqui<\/span><\/strong><\/em><\/a><\/p>\n","protected":false},"excerpt":{"rendered":"<p>Regulamento Evacua\u00e7\u00e3o em Situa\u00e7\u00e3o de Emerg\u00eancia SERVI\u00c7O DE PROTE\u00c7\u00c3O CIVIL E BOMBEIROS DOS A\u00c7ORES entre aqui<\/p>\n","protected":false},"author":3,"featured_media":0,"parent":0,"menu_order":0,"comment_status":"open","ping_status":"open","template":"","meta":{"_mi_skip_tracking":false,"_monsterinsights_sitenote_active":false,"_monsterinsights_sitenote_note":"","_monsterinsights_sitenote_category":0,"footnotes":""},"class_list":["post-5084","page","type-page","status-publish","hentry"],"acf":[],"_links":{"self":[{"href":"https:\/\/ebsv.edu.azores.gov.pt\/index.php?rest_route=\/wp\/v2\/pages\/5084","targetHints":{"allow":["GET"]}}],"collection":[{"href":"https:\/\/ebsv.edu.azores.gov.pt\/index.php?rest_route=\/wp\/v2\/pages"}],"about":[{"href":"https:\/\/ebsv.edu.azores.gov.pt\/index.php?rest_route=\/wp\/v2\/types\/page"}],"author":[{"embeddable":true,"href":"https:\/\/ebsv.edu.azores.gov.pt\/index.php?rest_route=\/wp\/v2\/users\/3"}],"replies":[{"embeddable":true,"href":"https:\/\/ebsv.edu.azores.gov.pt\/index.php?rest_route=%2Fwp%2Fv2%2Fcomments&post=5084"}],"version-history":[{"count":1,"href":"https:\/\/ebsv.edu.azores.gov.pt\/index.php?rest_route=\/wp\/v2\/pages\/5084\/revisions"}],"predecessor-version":[{"id":31604,"href":"https:\/\/ebsv.edu.azores.gov.pt\/index.php?rest_route=\/wp\/v2\/pages\/5084\/revisions\/31604"}],"wp:attachment":[{"href":"https:\/\/ebsv.edu.azores.gov.pt\/index.php?rest_route=%2Fwp%2Fv2%2Fmedia&parent=5084"}],"curies":[{"name":"wp","href":"https:\/\/api.w.org\/{rel}","templated":true}]}}