{"id":555,"date":"2014-11-24T13:34:09","date_gmt":"2014-11-24T13:34:09","guid":{"rendered":"http:\/\/localhost\/wordpress\/?page_id=555"},"modified":"2026-02-10T12:22:57","modified_gmt":"2026-02-10T12:22:57","slug":"educacao-pre-escolar-2","status":"publish","type":"page","link":"https:\/\/ebsv.edu.azores.gov.pt\/?page_id=555","title":{"rendered":"Educa\u00e7\u00e3o Pr\u00e9-Escolar"},"content":{"rendered":"<p><a href=\"https:\/\/ebsv.edu.azores.gov.pt\/wp-content\/uploads\/2026\/02\/RI-EPE-2025-2026.pdf\">Regimento<\/a><\/p>\n<p><strong>Planeamento<\/strong><\/p>\n<ul>\n<li><a href=\"https:\/\/ebsv-dev.edu.azores.gov.pt\/wp-content\/uploads\/2024\/01\/PLAN_EPE-1.pdf\"><span style=\"color: #ff6600;\">PLAN_EPE<\/span><\/a><\/li>\n<li><a href=\"https:\/\/ebsv-dev.edu.azores.gov.pt\/wp-content\/uploads\/2024\/01\/PLAN_EPE_EF-1.pdf\"><span style=\"color: #ff6600;\">PLAN_EPE_EF<\/span><\/a><\/li>\n<li><a href=\"https:\/\/ebsv-dev.edu.azores.gov.pt\/wp-content\/uploads\/2024\/01\/PLAN_EPE_ING-1.pdf\"><span style=\"color: #ff6600;\">PLAN_EPE_ING<\/span><\/a><\/li>\n<\/ul>\n\n\n<p><\/p>\n","protected":false},"excerpt":{"rendered":"<p>Regimento Planeamento PLAN_EPE PLAN_EPE_EF PLAN_EPE_ING<\/p>\n","protected":false},"author":3,"featured_media":0,"parent":0,"menu_order":0,"comment_status":"open","ping_status":"open","template":"","meta":{"_mi_skip_tracking":false,"_monsterinsights_sitenote_active":false,"_monsterinsights_sitenote_note":"","_monsterinsights_sitenote_category":0,"footnotes":""},"class_list":["post-555","page","type-page","status-publish","hentry"],"acf":[],"_links":{"self":[{"href":"https:\/\/ebsv.edu.azores.gov.pt\/index.php?rest_route=\/wp\/v2\/pages\/555","targetHints":{"allow":["GET"]}}],"collection":[{"href":"https:\/\/ebsv.edu.azores.gov.pt\/index.php?rest_route=\/wp\/v2\/pages"}],"about":[{"href":"https:\/\/ebsv.edu.azores.gov.pt\/index.php?rest_route=\/wp\/v2\/types\/page"}],"author":[{"embeddable":true,"href":"https:\/\/ebsv.edu.azores.gov.pt\/index.php?rest_route=\/wp\/v2\/users\/3"}],"replies":[{"embeddable":true,"href":"https:\/\/ebsv.edu.azores.gov.pt\/index.php?rest_route=%2Fwp%2Fv2%2Fcomments&post=555"}],"version-history":[{"count":2,"href":"https:\/\/ebsv.edu.azores.gov.pt\/index.php?rest_route=\/wp\/v2\/pages\/555\/revisions"}],"predecessor-version":[{"id":31528,"href":"https:\/\/ebsv.edu.azores.gov.pt\/index.php?rest_route=\/wp\/v2\/pages\/555\/revisions\/31528"}],"wp:attachment":[{"href":"https:\/\/ebsv.edu.azores.gov.pt\/index.php?rest_route=%2Fwp%2Fv2%2Fmedia&parent=555"}],"curies":[{"name":"wp","href":"https:\/\/api.w.org\/{rel}","templated":true}]}}